{"id":10032,"date":"2024-04-08T19:50:20","date_gmt":"2024-04-08T23:50:20","guid":{"rendered":"https:\/\/www.ctf-fce.ca\/?page_id=10032"},"modified":"2026-02-06T14:28:42","modified_gmt":"2026-02-06T19:28:42","slug":"passez-a-laction","status":"publish","type":"page","link":"https:\/\/www.ctf-fce.ca\/fr\/passez-a-laction\/","title":{"rendered":"Passez \u00e0 l\u2019action"},"content":{"rendered":"\n<div class=\"wp-block-media-text is-stacked-on-mobile\" style=\"grid-template-columns:36% auto\"><figure class=\"wp-block-media-text__media\"><img decoding=\"async\" src=\"https:\/\/www.ctf-fce.ca\/wp-content\/uploads\/2025\/10\/Parachute3-Take-action-web.png\" alt=\"\" class=\"wp-image-13677 size-full\"\/><\/figure><div class=\"wp-block-media-text__content\">\n<p style=\"font-size:32px\"><strong>PARACHUTE\u202f: Enqu\u00eate pancanadienne aupr\u00e8s du personnel de l&rsquo;\u00e9ducation<\/strong><\/p>\n\n\n\n<p>PARACHUTE est une enqu\u00eate pancanadienne visant \u00e0 recueillir des donn\u00e9es sur les sujets de pr\u00e9occupation et les difficult\u00e9s de la profession qui ont une incidence sur la r\u00e9tention et le recrutement du personnel de l\u2019\u00e9ducation.&nbsp;&nbsp;&nbsp;<\/p>\n\n\n\n<p>Un projet de la F\u00e9d\u00e9ration canadienne des enseignantes et des enseignants et de ses 18\u202forganisations membres et associ\u00e9es provinciales et territoriales&nbsp;<\/p>\n\n\n\n<p><\/p>\n\n\n\n<div class=\"wp-block-buttons cta-level-1 is-layout-flex wp-block-buttons-is-layout-flex\">\n<div class=\"wp-block-button\"><a class=\"wp-block-button__link wp-element-button\" href=\"https:\/\/www.ctf-fce.ca\/fr\/passez-a-laction\/parachute\/\">Pour en savoir plus<\/a><\/div>\n<\/div>\n<\/div><\/div>\n\n\n\n<hr class=\"wp-block-separator has-alpha-channel-opacity\"\/>\n\n\n\n<div class=\"wp-block-media-text is-stacked-on-mobile\" style=\"grid-template-columns:36% auto\"><figure class=\"wp-block-media-text__media\"><img decoding=\"async\" src=\"https:\/\/www.ctf-fce.ca\/wp-content\/uploads\/2026\/01\/LF-main-image-1.jpg\" alt=\"\" class=\"wp-image-14477 size-full\"\/><\/figure><div class=\"wp-block-media-text__content\">\n<p style=\"font-size:32px\"><strong>Programme d\u2019exon\u00e9ration du remboursement de pr\u00eats d\u2019\u00e9tudes canadiens<\/strong><\/p>\n\n\n\n<p>Depuis le 31 d\u00e9cembre 2025, les membres du personnel enseignant et les \u00e9ducateurs et \u00e9ducatrices de la petite enfance de&nbsp;<strong>r\u00e9gions rurales et \u00e9loign\u00e9es<\/strong>&nbsp;sont officiellement admissibles \u00e0 l\u2019exon\u00e9ration du remboursement de leurs pr\u00eats d\u2019\u00e9tudes.<\/p>\n\n\n\n<p>Vous trouverez sur cette page Web de plus amples renseignements sur les crit\u00e8res d\u2019admissibilit\u00e9 et le processus de demande.<\/p>\n\n\n\n<p><\/p>\n\n\n\n<div class=\"wp-block-buttons cta-level-1 is-layout-flex wp-block-buttons-is-layout-flex\">\n<div class=\"wp-block-button\"><a class=\"wp-block-button__link wp-element-button\" href=\"https:\/\/www.ctf-fce.ca\/fr\/passez-a-laction\/lexoneration-du-remboursement\/\" target=\"_blank\" rel=\"noreferrer noopener\">Pour en savoir plus<\/a><\/div>\n<\/div>\n<\/div><\/div>\n\n\n\n<hr class=\"wp-block-separator has-alpha-channel-opacity\"\/>\n\n\n\n<div class=\"wp-block-media-text is-stacked-on-mobile\" style=\"grid-template-columns:36% auto\"><figure class=\"wp-block-media-text__media\"><img decoding=\"async\" src=\"https:\/\/www.ctf-fce.ca\/wp-content\/uploads\/2024\/04\/Violence-main-image.png\" alt=\"\" class=\"wp-image-9803 size-full\"\/><\/figure><div class=\"wp-block-media-text__content\">\n<p style=\"font-size:32px\"><strong><strong>Passez \u00e0 l\u2019action pour rendre les \u00e9coles plus s\u00fbres!<\/strong><\/strong><\/p>\n\n\n\n<p>Parce que les \u00e9l\u00e8ves et le personnel de l\u2019\u00e9ducation ont le droit d\u2019\u00eatre en s\u00e9curit\u00e9 \u00e0 l\u2019\u00e9cole! Quatre-vingt-six pour cent des Canadiennes et Canadiens s\u2019inqui\u00e8tent de l\u2019augmentation de la violence \u00e0 l\u2019\u00e9cole. (Abacus Data, janvier&nbsp;2024).<\/p>\n\n\n\n<p>La s\u00e9curit\u00e9 \u00e0 l\u2019\u00e9cole est l\u2019affaire de toutes et tous et exige \u00e0 ce titre et de toute urgence une action coordonn\u00e9e.<\/p>\n\n\n\n<p><\/p>\n\n\n\n<p><\/p>\n\n\n\n<div class=\"wp-block-buttons cta-level-1 is-layout-flex wp-block-buttons-is-layout-flex\">\n<div class=\"wp-block-button\"><a class=\"wp-block-button__link wp-element-button\" href=\"https:\/\/www.ctf-fce.ca\/fr\/passez-a-laction\/mettons-fin-a-la-violence-a-lecole\/\" target=\"_blank\" rel=\"noreferrer noopener\">Passez \u00e0 l\u2019action<\/a><\/div>\n<\/div>\n<\/div><\/div>\n\n\n\n<hr class=\"wp-block-separator has-alpha-channel-opacity\"\/>\n","protected":false},"excerpt":{"rendered":"","protected":false},"author":6,"featured_media":0,"parent":0,"menu_order":0,"comment_status":"closed","ping_status":"closed","template":"","meta":{"_acf_changed":false,"advgb_blocks_editor_width":"","advgb_blocks_columns_visual_guide":"","footnotes":""},"class_list":["post-10032","page","type-page","status-publish","hentry"],"acf":[],"yoast_head":"<!-- This site is optimized with the Yoast SEO plugin v27.3 - https:\/\/yoast.com\/product\/yoast-seo-wordpress\/ -->\n<title>Passez \u00e0 l\u2019action - CTF-FCE<\/title>\n<meta name=\"robots\" content=\"index, follow, max-snippet:-1, max-image-preview:large, max-video-preview:-1\" \/>\n<link rel=\"canonical\" href=\"https:\/\/www.ctf-fce.ca\/fr\/passez-a-laction\/\" \/>\n<meta property=\"og:locale\" content=\"fr_FR\" \/>\n<meta property=\"og:type\" content=\"article\" \/>\n<meta property=\"og:title\" content=\"Passez \u00e0 l\u2019action - CTF-FCE\" \/>\n<meta property=\"og:url\" content=\"https:\/\/www.ctf-fce.ca\/fr\/passez-a-laction\/\" \/>\n<meta property=\"og:site_name\" content=\"CTF-FCE\" \/>\n<meta property=\"article:publisher\" content=\"https:\/\/www.facebook.com\/CTF.FCE\/\" \/>\n<meta property=\"article:modified_time\" content=\"2026-02-06T19:28:42+00:00\" \/>\n<meta property=\"og:image\" content=\"https:\/\/www.ctf-fce.ca\/wp-content\/uploads\/2020\/04\/ctf-fce-logo-social.png\" \/>\n\t<meta property=\"og:image:width\" content=\"1200\" \/>\n\t<meta property=\"og:image:height\" content=\"630\" \/>\n\t<meta property=\"og:image:type\" content=\"image\/png\" \/>\n<meta name=\"twitter:card\" content=\"summary_large_image\" \/>\n<meta name=\"twitter:site\" content=\"@CTFFCE\" \/>\n<meta name=\"twitter:label1\" content=\"Dur\u00e9e de lecture estim\u00e9e\" \/>\n\t<meta name=\"twitter:data1\" content=\"2 minutes\" \/>\n<script type=\"application\/ld+json\" class=\"yoast-schema-graph\">{\"@context\":\"https:\\\/\\\/schema.org\",\"@graph\":[{\"@type\":\"WebPage\",\"@id\":\"https:\\\/\\\/www.ctf-fce.ca\\\/fr\\\/passez-a-laction\\\/\",\"url\":\"https:\\\/\\\/www.ctf-fce.ca\\\/fr\\\/passez-a-laction\\\/\",\"name\":\"Passez \u00e0 l\u2019action - CTF-FCE\",\"isPartOf\":{\"@id\":\"https:\\\/\\\/www.ctf-fce.ca\\\/fr\\\/#website\"},\"primaryImageOfPage\":{\"@id\":\"https:\\\/\\\/www.ctf-fce.ca\\\/fr\\\/passez-a-laction\\\/#primaryimage\"},\"image\":{\"@id\":\"https:\\\/\\\/www.ctf-fce.ca\\\/fr\\\/passez-a-laction\\\/#primaryimage\"},\"thumbnailUrl\":\"https:\\\/\\\/www.ctf-fce.ca\\\/wp-content\\\/uploads\\\/2025\\\/10\\\/Parachute3-Take-action-web.png\",\"datePublished\":\"2024-04-08T23:50:20+00:00\",\"dateModified\":\"2026-02-06T19:28:42+00:00\",\"breadcrumb\":{\"@id\":\"https:\\\/\\\/www.ctf-fce.ca\\\/fr\\\/passez-a-laction\\\/#breadcrumb\"},\"inLanguage\":\"fr-FR\",\"potentialAction\":[{\"@type\":\"ReadAction\",\"target\":[\"https:\\\/\\\/www.ctf-fce.ca\\\/fr\\\/passez-a-laction\\\/\"]}]},{\"@type\":\"ImageObject\",\"inLanguage\":\"fr-FR\",\"@id\":\"https:\\\/\\\/www.ctf-fce.ca\\\/fr\\\/passez-a-laction\\\/#primaryimage\",\"url\":\"https:\\\/\\\/www.ctf-fce.ca\\\/wp-content\\\/uploads\\\/2025\\\/10\\\/Parachute3-Take-action-web.png\",\"contentUrl\":\"https:\\\/\\\/www.ctf-fce.ca\\\/wp-content\\\/uploads\\\/2025\\\/10\\\/Parachute3-Take-action-web.png\"},{\"@type\":\"BreadcrumbList\",\"@id\":\"https:\\\/\\\/www.ctf-fce.ca\\\/fr\\\/passez-a-laction\\\/#breadcrumb\",\"itemListElement\":[{\"@type\":\"ListItem\",\"position\":1,\"name\":\"Accueil\",\"item\":\"https:\\\/\\\/www.ctf-fce.ca\\\/fr\\\/\"},{\"@type\":\"ListItem\",\"position\":2,\"name\":\"Passez \u00e0 l\u2019action\"}]},{\"@type\":\"WebSite\",\"@id\":\"https:\\\/\\\/www.ctf-fce.ca\\\/fr\\\/#website\",\"url\":\"https:\\\/\\\/www.ctf-fce.ca\\\/fr\\\/\",\"name\":\"CTF-FCE\",\"description\":\"\",\"publisher\":{\"@id\":\"https:\\\/\\\/www.ctf-fce.ca\\\/fr\\\/#organization\"},\"potentialAction\":[{\"@type\":\"SearchAction\",\"target\":{\"@type\":\"EntryPoint\",\"urlTemplate\":\"https:\\\/\\\/www.ctf-fce.ca\\\/fr\\\/?s={search_term_string}\"},\"query-input\":{\"@type\":\"PropertyValueSpecification\",\"valueRequired\":true,\"valueName\":\"search_term_string\"}}],\"inLanguage\":\"fr-FR\"},{\"@type\":\"Organization\",\"@id\":\"https:\\\/\\\/www.ctf-fce.ca\\\/fr\\\/#organization\",\"name\":\"CTF-FCE\",\"url\":\"https:\\\/\\\/www.ctf-fce.ca\\\/fr\\\/\",\"logo\":{\"@type\":\"ImageObject\",\"inLanguage\":\"fr-FR\",\"@id\":\"https:\\\/\\\/www.ctf-fce.ca\\\/fr\\\/#\\\/schema\\\/logo\\\/image\\\/\",\"url\":\"https:\\\/\\\/www.ctf-fce.ca\\\/wp-content\\\/uploads\\\/2020\\\/01\\\/ctf-fce-logo@2x.png\",\"contentUrl\":\"https:\\\/\\\/www.ctf-fce.ca\\\/wp-content\\\/uploads\\\/2020\\\/01\\\/ctf-fce-logo@2x.png\",\"width\":485,\"height\":146,\"caption\":\"CTF-FCE\"},\"image\":{\"@id\":\"https:\\\/\\\/www.ctf-fce.ca\\\/fr\\\/#\\\/schema\\\/logo\\\/image\\\/\"},\"sameAs\":[\"https:\\\/\\\/www.facebook.com\\\/CTF.FCE\\\/\",\"https:\\\/\\\/x.com\\\/CTFFCE\",\"https:\\\/\\\/www.instagram.com\\\/ctffce\\\/\",\"https:\\\/\\\/www.linkedin.com\\\/company\\\/canadian-teachers'\u200b-federation---f\u00e9d.-canadienne-des-enseignantes-et-des-enseignants\\\/\",\"https:\\\/\\\/www.youtube.com\\\/user\\\/canadianteachers\"]}]}<\/script>\n<!-- \/ Yoast SEO plugin. -->","yoast_head_json":{"title":"Passez \u00e0 l\u2019action - CTF-FCE","robots":{"index":"index","follow":"follow","max-snippet":"max-snippet:-1","max-image-preview":"max-image-preview:large","max-video-preview":"max-video-preview:-1"},"canonical":"https:\/\/www.ctf-fce.ca\/fr\/passez-a-laction\/","og_locale":"fr_FR","og_type":"article","og_title":"Passez \u00e0 l\u2019action - CTF-FCE","og_url":"https:\/\/www.ctf-fce.ca\/fr\/passez-a-laction\/","og_site_name":"CTF-FCE","article_publisher":"https:\/\/www.facebook.com\/CTF.FCE\/","article_modified_time":"2026-02-06T19:28:42+00:00","og_image":[{"width":1200,"height":630,"url":"https:\/\/www.ctf-fce.ca\/wp-content\/uploads\/2020\/04\/ctf-fce-logo-social.png","type":"image\/png"}],"twitter_card":"summary_large_image","twitter_site":"@CTFFCE","twitter_misc":{"Dur\u00e9e de lecture estim\u00e9e":"2 minutes"},"schema":{"@context":"https:\/\/schema.org","@graph":[{"@type":"WebPage","@id":"https:\/\/www.ctf-fce.ca\/fr\/passez-a-laction\/","url":"https:\/\/www.ctf-fce.ca\/fr\/passez-a-laction\/","name":"Passez \u00e0 l\u2019action - CTF-FCE","isPartOf":{"@id":"https:\/\/www.ctf-fce.ca\/fr\/#website"},"primaryImageOfPage":{"@id":"https:\/\/www.ctf-fce.ca\/fr\/passez-a-laction\/#primaryimage"},"image":{"@id":"https:\/\/www.ctf-fce.ca\/fr\/passez-a-laction\/#primaryimage"},"thumbnailUrl":"https:\/\/www.ctf-fce.ca\/wp-content\/uploads\/2025\/10\/Parachute3-Take-action-web.png","datePublished":"2024-04-08T23:50:20+00:00","dateModified":"2026-02-06T19:28:42+00:00","breadcrumb":{"@id":"https:\/\/www.ctf-fce.ca\/fr\/passez-a-laction\/#breadcrumb"},"inLanguage":"fr-FR","potentialAction":[{"@type":"ReadAction","target":["https:\/\/www.ctf-fce.ca\/fr\/passez-a-laction\/"]}]},{"@type":"ImageObject","inLanguage":"fr-FR","@id":"https:\/\/www.ctf-fce.ca\/fr\/passez-a-laction\/#primaryimage","url":"https:\/\/www.ctf-fce.ca\/wp-content\/uploads\/2025\/10\/Parachute3-Take-action-web.png","contentUrl":"https:\/\/www.ctf-fce.ca\/wp-content\/uploads\/2025\/10\/Parachute3-Take-action-web.png"},{"@type":"BreadcrumbList","@id":"https:\/\/www.ctf-fce.ca\/fr\/passez-a-laction\/#breadcrumb","itemListElement":[{"@type":"ListItem","position":1,"name":"Accueil","item":"https:\/\/www.ctf-fce.ca\/fr\/"},{"@type":"ListItem","position":2,"name":"Passez \u00e0 l\u2019action"}]},{"@type":"WebSite","@id":"https:\/\/www.ctf-fce.ca\/fr\/#website","url":"https:\/\/www.ctf-fce.ca\/fr\/","name":"CTF-FCE","description":"","publisher":{"@id":"https:\/\/www.ctf-fce.ca\/fr\/#organization"},"potentialAction":[{"@type":"SearchAction","target":{"@type":"EntryPoint","urlTemplate":"https:\/\/www.ctf-fce.ca\/fr\/?s={search_term_string}"},"query-input":{"@type":"PropertyValueSpecification","valueRequired":true,"valueName":"search_term_string"}}],"inLanguage":"fr-FR"},{"@type":"Organization","@id":"https:\/\/www.ctf-fce.ca\/fr\/#organization","name":"CTF-FCE","url":"https:\/\/www.ctf-fce.ca\/fr\/","logo":{"@type":"ImageObject","inLanguage":"fr-FR","@id":"https:\/\/www.ctf-fce.ca\/fr\/#\/schema\/logo\/image\/","url":"https:\/\/www.ctf-fce.ca\/wp-content\/uploads\/2020\/01\/ctf-fce-logo@2x.png","contentUrl":"https:\/\/www.ctf-fce.ca\/wp-content\/uploads\/2020\/01\/ctf-fce-logo@2x.png","width":485,"height":146,"caption":"CTF-FCE"},"image":{"@id":"https:\/\/www.ctf-fce.ca\/fr\/#\/schema\/logo\/image\/"},"sameAs":["https:\/\/www.facebook.com\/CTF.FCE\/","https:\/\/x.com\/CTFFCE","https:\/\/www.instagram.com\/ctffce\/","https:\/\/www.linkedin.com\/company\/canadian-teachers'\u200b-federation---f\u00e9d.-canadienne-des-enseignantes-et-des-enseignants\/","https:\/\/www.youtube.com\/user\/canadianteachers"]}]}},"coauthors":[],"author_meta":{"author_link":"https:\/\/www.ctf-fce.ca\/fr\/author\/jnyenkampctf-fce-ca\/","display_name":"Julie Nyenkamp"},"relative_dates":{"created":"Publi\u00e9 2 ans il y a","modified":"Mis \u00e0 jour 2 mois il y a"},"absolute_dates":{"created":"Publi\u00e9 le 8 avril 2024","modified":"Mise \u00e0 jour le 6 f\u00e9vrier 2026"},"absolute_dates_time":{"created":"Publi\u00e9 le 8 avril 2024 19h50","modified":"Mise \u00e0 jour le 6 f\u00e9vrier 2026 14h28"},"featured_img_caption":"","featured_img":false,"series_order":"","_links":{"self":[{"href":"https:\/\/www.ctf-fce.ca\/fr\/wp-json\/wp\/v2\/pages\/10032","targetHints":{"allow":["GET"]}}],"collection":[{"href":"https:\/\/www.ctf-fce.ca\/fr\/wp-json\/wp\/v2\/pages"}],"about":[{"href":"https:\/\/www.ctf-fce.ca\/fr\/wp-json\/wp\/v2\/types\/page"}],"author":[{"embeddable":true,"href":"https:\/\/www.ctf-fce.ca\/fr\/wp-json\/wp\/v2\/users\/6"}],"replies":[{"embeddable":true,"href":"https:\/\/www.ctf-fce.ca\/fr\/wp-json\/wp\/v2\/comments?post=10032"}],"version-history":[{"count":0,"href":"https:\/\/www.ctf-fce.ca\/fr\/wp-json\/wp\/v2\/pages\/10032\/revisions"}],"wp:attachment":[{"href":"https:\/\/www.ctf-fce.ca\/fr\/wp-json\/wp\/v2\/media?parent=10032"}],"curies":[{"name":"wp","href":"https:\/\/api.w.org\/{rel}","templated":true}]}}