{"id":12100,"date":"2024-04-08T09:48:43","date_gmt":"2024-04-08T13:48:43","guid":{"rendered":"https:\/\/www.ctf-fce.ca\/?page_id=12100"},"modified":"2025-08-25T15:59:43","modified_gmt":"2025-08-25T19:59:43","slug":"ia-et-leducation-publique","status":"publish","type":"page","link":"https:\/\/www.ctf-fce.ca\/fr\/passez-a-laction\/ia-et-leducation-publique\/","title":{"rendered":"L\u2019intelligence artificielle et l\u2019\u00e9ducation publique"},"content":{"rendered":"","protected":true},"excerpt":{"rendered":"","protected":true},"author":6,"featured_media":0,"parent":10032,"menu_order":0,"comment_status":"closed","ping_status":"closed","template":"","meta":{"_acf_changed":false,"advgb_blocks_editor_width":"","advgb_blocks_columns_visual_guide":"","footnotes":""},"class_list":["post-12100","page","type-page","status-publish","post-password-required","hentry"],"acf":[],"yoast_head":"<!-- This site is optimized with the Yoast SEO plugin v27.3 - https:\/\/yoast.com\/product\/yoast-seo-wordpress\/ -->\n<title>L\u2019intelligence artificielle et l\u2019\u00e9ducation publique - CTF-FCE<\/title>\n<meta name=\"description\" content=\"La CTF\/FCE demande au gouvernement f\u00e9d\u00e9ral et au CMEC de prendre des mesures urgentes pour r\u00e9glementer l\u2019utilisation de l\u2019IA dans les \u00e9coles canadiennes, de la maternelle \u00e0 la 12e ann\u00e9e.\" \/>\n<meta name=\"robots\" content=\"index, follow, max-snippet:-1, max-image-preview:large, max-video-preview:-1\" \/>\n<link rel=\"canonical\" href=\"https:\/\/www.ctf-fce.ca\/fr\/passez-a-laction\/ia-et-leducation-publique\/\" \/>\n<meta property=\"og:locale\" content=\"fr_FR\" \/>\n<meta property=\"og:type\" content=\"article\" \/>\n<meta property=\"og:title\" content=\"L\u2019intelligence artificielle et l\u2019\u00e9ducation publique - CTF-FCE\" \/>\n<meta property=\"og:description\" content=\"La CTF\/FCE demande au gouvernement f\u00e9d\u00e9ral et au CMEC de prendre des mesures urgentes pour r\u00e9glementer l\u2019utilisation de l\u2019IA dans les \u00e9coles canadiennes, de la maternelle \u00e0 la 12e ann\u00e9e.\" \/>\n<meta property=\"og:url\" content=\"https:\/\/www.ctf-fce.ca\/fr\/passez-a-laction\/ia-et-leducation-publique\/\" \/>\n<meta property=\"og:site_name\" content=\"CTF-FCE\" \/>\n<meta property=\"article:publisher\" content=\"https:\/\/www.facebook.com\/CTF.FCE\/\" \/>\n<meta property=\"article:modified_time\" content=\"2025-08-25T19:59:43+00:00\" \/>\n<meta name=\"twitter:card\" content=\"summary_large_image\" \/>\n<meta name=\"twitter:site\" content=\"@CTFFCE\" \/>\n<meta name=\"twitter:label1\" content=\"Dur\u00e9e de lecture estim\u00e9e\" \/>\n\t<meta name=\"twitter:data1\" content=\"10 minutes\" \/>\n<script type=\"application\/ld+json\" class=\"yoast-schema-graph\">{\"@context\":\"https:\\\/\\\/schema.org\",\"@graph\":[{\"@type\":\"WebPage\",\"@id\":\"https:\\\/\\\/www.ctf-fce.ca\\\/fr\\\/passez-a-laction\\\/ia-et-leducation-publique\\\/\",\"url\":\"https:\\\/\\\/www.ctf-fce.ca\\\/fr\\\/passez-a-laction\\\/ia-et-leducation-publique\\\/\",\"name\":\"L\u2019intelligence artificielle et l\u2019\u00e9ducation publique - CTF-FCE\",\"isPartOf\":{\"@id\":\"https:\\\/\\\/www.ctf-fce.ca\\\/fr\\\/#website\"},\"datePublished\":\"2024-04-08T13:48:43+00:00\",\"dateModified\":\"2025-08-25T19:59:43+00:00\",\"breadcrumb\":{\"@id\":\"https:\\\/\\\/www.ctf-fce.ca\\\/fr\\\/passez-a-laction\\\/ia-et-leducation-publique\\\/#breadcrumb\"},\"inLanguage\":\"fr-FR\"},{\"@type\":\"WebSite\",\"@id\":\"https:\\\/\\\/www.ctf-fce.ca\\\/fr\\\/#website\",\"url\":\"https:\\\/\\\/www.ctf-fce.ca\\\/fr\\\/\",\"name\":\"CTF-FCE\",\"description\":\"\",\"publisher\":{\"@id\":\"https:\\\/\\\/www.ctf-fce.ca\\\/fr\\\/#organization\"},\"potentialAction\":[{\"@type\":\"SearchAction\",\"target\":{\"@type\":\"EntryPoint\",\"urlTemplate\":\"https:\\\/\\\/www.ctf-fce.ca\\\/fr\\\/?s={search_term_string}\"},\"query-input\":{\"@type\":\"PropertyValueSpecification\",\"valueRequired\":true,\"valueName\":\"search_term_string\"}}],\"inLanguage\":\"fr-FR\"},{\"@type\":\"Organization\",\"@id\":\"https:\\\/\\\/www.ctf-fce.ca\\\/fr\\\/#organization\",\"name\":\"CTF-FCE\",\"url\":\"https:\\\/\\\/www.ctf-fce.ca\\\/fr\\\/\",\"logo\":{\"@type\":\"ImageObject\",\"inLanguage\":\"fr-FR\",\"@id\":\"https:\\\/\\\/www.ctf-fce.ca\\\/fr\\\/#\\\/schema\\\/logo\\\/image\\\/\",\"url\":\"https:\\\/\\\/www.ctf-fce.ca\\\/wp-content\\\/uploads\\\/2020\\\/01\\\/ctf-fce-logo@2x.png\",\"contentUrl\":\"https:\\\/\\\/www.ctf-fce.ca\\\/wp-content\\\/uploads\\\/2020\\\/01\\\/ctf-fce-logo@2x.png\",\"width\":485,\"height\":146,\"caption\":\"CTF-FCE\"},\"image\":{\"@id\":\"https:\\\/\\\/www.ctf-fce.ca\\\/fr\\\/#\\\/schema\\\/logo\\\/image\\\/\"},\"sameAs\":[\"https:\\\/\\\/www.facebook.com\\\/CTF.FCE\\\/\",\"https:\\\/\\\/x.com\\\/CTFFCE\",\"https:\\\/\\\/www.instagram.com\\\/ctffce\\\/\",\"https:\\\/\\\/www.linkedin.com\\\/company\\\/canadian-teachers'\u200b-federation---f\u00e9d.-canadienne-des-enseignantes-et-des-enseignants\\\/\",\"https:\\\/\\\/www.youtube.com\\\/user\\\/canadianteachers\"]}]}<\/script>\n<!-- \/ Yoast SEO plugin. -->","yoast_head_json":{"title":"L\u2019intelligence artificielle et l\u2019\u00e9ducation publique - CTF-FCE","description":"La CTF\/FCE demande au gouvernement f\u00e9d\u00e9ral et au CMEC de prendre des mesures urgentes pour r\u00e9glementer l\u2019utilisation de l\u2019IA dans les \u00e9coles canadiennes, de la maternelle \u00e0 la 12e ann\u00e9e.","robots":{"index":"index","follow":"follow","max-snippet":"max-snippet:-1","max-image-preview":"max-image-preview:large","max-video-preview":"max-video-preview:-1"},"canonical":"https:\/\/www.ctf-fce.ca\/fr\/passez-a-laction\/ia-et-leducation-publique\/","og_locale":"fr_FR","og_type":"article","og_title":"L\u2019intelligence artificielle et l\u2019\u00e9ducation publique - CTF-FCE","og_description":"La CTF\/FCE demande au gouvernement f\u00e9d\u00e9ral et au CMEC de prendre des mesures urgentes pour r\u00e9glementer l\u2019utilisation de l\u2019IA dans les \u00e9coles canadiennes, de la maternelle \u00e0 la 12e ann\u00e9e.","og_url":"https:\/\/www.ctf-fce.ca\/fr\/passez-a-laction\/ia-et-leducation-publique\/","og_site_name":"CTF-FCE","article_publisher":"https:\/\/www.facebook.com\/CTF.FCE\/","article_modified_time":"2025-08-25T19:59:43+00:00","twitter_card":"summary_large_image","twitter_site":"@CTFFCE","twitter_misc":{"Dur\u00e9e de lecture estim\u00e9e":"10 minutes"},"schema":{"@context":"https:\/\/schema.org","@graph":[{"@type":"WebPage","@id":"https:\/\/www.ctf-fce.ca\/fr\/passez-a-laction\/ia-et-leducation-publique\/","url":"https:\/\/www.ctf-fce.ca\/fr\/passez-a-laction\/ia-et-leducation-publique\/","name":"L\u2019intelligence artificielle et l\u2019\u00e9ducation publique - CTF-FCE","isPartOf":{"@id":"https:\/\/www.ctf-fce.ca\/fr\/#website"},"datePublished":"2024-04-08T13:48:43+00:00","dateModified":"2025-08-25T19:59:43+00:00","breadcrumb":{"@id":"https:\/\/www.ctf-fce.ca\/fr\/passez-a-laction\/ia-et-leducation-publique\/#breadcrumb"},"inLanguage":"fr-FR"},{"@type":"WebSite","@id":"https:\/\/www.ctf-fce.ca\/fr\/#website","url":"https:\/\/www.ctf-fce.ca\/fr\/","name":"CTF-FCE","description":"","publisher":{"@id":"https:\/\/www.ctf-fce.ca\/fr\/#organization"},"potentialAction":[{"@type":"SearchAction","target":{"@type":"EntryPoint","urlTemplate":"https:\/\/www.ctf-fce.ca\/fr\/?s={search_term_string}"},"query-input":{"@type":"PropertyValueSpecification","valueRequired":true,"valueName":"search_term_string"}}],"inLanguage":"fr-FR"},{"@type":"Organization","@id":"https:\/\/www.ctf-fce.ca\/fr\/#organization","name":"CTF-FCE","url":"https:\/\/www.ctf-fce.ca\/fr\/","logo":{"@type":"ImageObject","inLanguage":"fr-FR","@id":"https:\/\/www.ctf-fce.ca\/fr\/#\/schema\/logo\/image\/","url":"https:\/\/www.ctf-fce.ca\/wp-content\/uploads\/2020\/01\/ctf-fce-logo@2x.png","contentUrl":"https:\/\/www.ctf-fce.ca\/wp-content\/uploads\/2020\/01\/ctf-fce-logo@2x.png","width":485,"height":146,"caption":"CTF-FCE"},"image":{"@id":"https:\/\/www.ctf-fce.ca\/fr\/#\/schema\/logo\/image\/"},"sameAs":["https:\/\/www.facebook.com\/CTF.FCE\/","https:\/\/x.com\/CTFFCE","https:\/\/www.instagram.com\/ctffce\/","https:\/\/www.linkedin.com\/company\/canadian-teachers'\u200b-federation---f\u00e9d.-canadienne-des-enseignantes-et-des-enseignants\/","https:\/\/www.youtube.com\/user\/canadianteachers"]}]}},"coauthors":[],"author_meta":{"author_link":"https:\/\/www.ctf-fce.ca\/fr\/author\/jnyenkampctf-fce-ca\/","display_name":"Julie Nyenkamp"},"relative_dates":{"created":"Publi\u00e9 2 ans il y a","modified":"Mis \u00e0 jour 8 mois il y a"},"absolute_dates":{"created":"Publi\u00e9 le 8 avril 2024","modified":"Mise \u00e0 jour le 25 ao\u00fbt 2025"},"absolute_dates_time":{"created":"Publi\u00e9 le 8 avril 2024 9h48","modified":"Mise \u00e0 jour le 25 ao\u00fbt 2025 15h59"},"featured_img_caption":"","featured_img":false,"series_order":"","_links":{"self":[{"href":"https:\/\/www.ctf-fce.ca\/fr\/wp-json\/wp\/v2\/pages\/12100","targetHints":{"allow":["GET"]}}],"collection":[{"href":"https:\/\/www.ctf-fce.ca\/fr\/wp-json\/wp\/v2\/pages"}],"about":[{"href":"https:\/\/www.ctf-fce.ca\/fr\/wp-json\/wp\/v2\/types\/page"}],"author":[{"embeddable":true,"href":"https:\/\/www.ctf-fce.ca\/fr\/wp-json\/wp\/v2\/users\/6"}],"replies":[{"embeddable":true,"href":"https:\/\/www.ctf-fce.ca\/fr\/wp-json\/wp\/v2\/comments?post=12100"}],"version-history":[{"count":0,"href":"https:\/\/www.ctf-fce.ca\/fr\/wp-json\/wp\/v2\/pages\/12100\/revisions"}],"up":[{"embeddable":true,"href":"https:\/\/www.ctf-fce.ca\/fr\/wp-json\/wp\/v2\/pages\/10032"}],"wp:attachment":[{"href":"https:\/\/www.ctf-fce.ca\/fr\/wp-json\/wp\/v2\/media?parent=12100"}],"curies":[{"name":"wp","href":"https:\/\/api.w.org\/{rel}","templated":true}]}}