{"id":3202,"date":"2020-01-21T22:56:54","date_gmt":"2020-01-22T03:56:54","guid":{"rendered":"http:\/\/184.107.41.70\/~ctffce\/impliquez-vous\/co-op\/"},"modified":"2025-07-07T21:55:28","modified_gmt":"2025-07-08T01:55:28","slug":"programme-coop","status":"publish","type":"page","link":"https:\/\/www.ctf-fce.ca\/fr\/impliquez-vous\/programme-coop\/","title":{"rendered":"Programme coop"},"content":{"rendered":"\n<div class=\"wp-block-media-text alignwide has-media-on-the-right is-vertically-aligned-top is-image-fill-element is-stacked-on-mobile\"><div class=\"wp-block-media-text__content\">\n<h2 class=\"wp-block-heading\">L\u2019exp\u00e9rience coop \u00e0 la CTF\/FCE<\/h2>\n\n\n\n<p><strong>Nous offrons des stages coop\u00e9ratifs inestimables aux \u00e9tudiantes et \u00e9tudiants de premier cycle et de cycle sup\u00e9rieur inscrits dans une universit\u00e9 canadienne qui d\u00e9sirent&nbsp;: <\/strong><\/p>\n\n\n\n<ul class=\"wp-block-list\">\n<li>acqu\u00e9rir de l\u2019exp\u00e9rience de travail;\u00a0<\/li>\n\n\n\n<li>d\u00e9velopper leurs comp\u00e9tences professionnelles;\u00a0<\/li>\n\n\n\n<li>b\u00e2tir un r\u00e9seau professionnel;\u00a0<\/li>\n\n\n\n<li>acqu\u00e9rir des connaissances dans des domaines comme les communications, la coop\u00e9ration au d\u00e9veloppement international, le mouvement syndical et la justice sociale.<\/li>\n<\/ul>\n\n\n\n<p><strong>En g\u00e9n\u00e9ral, nous recrutons des \u00e9tudiantes et \u00e9tudiants trois fois par ann\u00e9e pour des stages de quatre mois&nbsp;:<\/strong><\/p>\n\n\n\n<ul class=\"wp-block-list\">\n<li>\u00c9t\u00e9 (mai-ao\u00fbt)<\/li>\n\n\n\n<li>Automne (septembre-d\u00e9cembre)<\/li>\n\n\n\n<li>Hiver (janvier-avril)<\/li>\n<\/ul>\n\n\n\n<p>L\u2019exp\u00e9rience coop \u00e0 la CTF\/FCE, c\u2019est la possibilit\u00e9 de travailler \u00e0 la promotion de l\u2019\u00e9ducation publique dans un contexte sans but lucratif, \u00e0 l\u2019\u00e9chelle pancanadienne, en collaboration avec une \u00e9quipe de professionnelles et professionnels dynamiques.<\/p>\n\n\n\n<p>D\u00e9marrez votre carri\u00e8re \u00e0 la CTF\/FCE! Communiquez avec le service responsable des stages coop\u00e9ratifs de votre universit\u00e9 ou encore <a href=\"https:\/\/www.ctf-fce.ca\/fr\/qui-nous-sommes\/contactez-nous\/\">contactez-nous<\/a> pour obtenir de plus amples renseignements.<\/p>\n<\/div><figure class=\"wp-block-media-text__media\"><img loading=\"lazy\" decoding=\"async\" width=\"1024\" height=\"682\" src=\"https:\/\/www.ctf-fce.ca\/wp-content\/uploads\/2020\/03\/iStock-1141394588-1024x682.jpg\" alt=\"\" class=\"wp-image-3513 size-full\" style=\"object-position:50% 50%\" srcset=\"https:\/\/www.ctf-fce.ca\/wp-content\/uploads\/2020\/03\/iStock-1141394588-1024x682.jpg 1024w, https:\/\/www.ctf-fce.ca\/wp-content\/uploads\/2020\/03\/iStock-1141394588-300x200.jpg 300w, https:\/\/www.ctf-fce.ca\/wp-content\/uploads\/2020\/03\/iStock-1141394588-768x512.jpg 768w, https:\/\/www.ctf-fce.ca\/wp-content\/uploads\/2020\/03\/iStock-1141394588-391x260.jpg 391w, https:\/\/www.ctf-fce.ca\/wp-content\/uploads\/2020\/03\/iStock-1141394588-1536x1024.jpg 1536w, https:\/\/www.ctf-fce.ca\/wp-content\/uploads\/2020\/03\/iStock-1141394588-2048x1365.jpg 2048w, https:\/\/www.ctf-fce.ca\/wp-content\/uploads\/2020\/03\/iStock-1141394588-600x400.jpg 600w\" sizes=\"auto, (max-width: 1024px) 100vw, 1024px\" \/><\/figure><\/div>\n","protected":false},"excerpt":{"rendered":"","protected":false},"author":1,"featured_media":0,"parent":3087,"menu_order":0,"comment_status":"closed","ping_status":"closed","template":"page-coop.php","meta":{"_acf_changed":false,"advgb_blocks_editor_width":"","advgb_blocks_columns_visual_guide":"","footnotes":""},"class_list":["post-3202","page","type-page","status-publish","hentry"],"acf":[],"yoast_head":"<!-- This site is optimized with the Yoast SEO plugin v27.3 - https:\/\/yoast.com\/product\/yoast-seo-wordpress\/ -->\n<title>Programme coop - CTF-FCE<\/title>\n<meta name=\"robots\" content=\"index, follow, max-snippet:-1, max-image-preview:large, max-video-preview:-1\" \/>\n<link rel=\"canonical\" href=\"https:\/\/www.ctf-fce.ca\/fr\/impliquez-vous\/programme-coop\/\" \/>\n<meta property=\"og:locale\" content=\"fr_FR\" \/>\n<meta property=\"og:type\" content=\"article\" \/>\n<meta property=\"og:title\" content=\"Programme coop - CTF-FCE\" \/>\n<meta property=\"og:url\" content=\"https:\/\/www.ctf-fce.ca\/fr\/impliquez-vous\/programme-coop\/\" \/>\n<meta property=\"og:site_name\" content=\"CTF-FCE\" \/>\n<meta property=\"article:publisher\" content=\"https:\/\/www.facebook.com\/CTF.FCE\/\" \/>\n<meta property=\"article:modified_time\" content=\"2025-07-08T01:55:28+00:00\" \/>\n<meta property=\"og:image\" content=\"https:\/\/www.ctf-fce.ca\/wp-content\/uploads\/2020\/03\/iStock-1141394588.jpg\" \/>\n\t<meta property=\"og:image:width\" content=\"2560\" \/>\n\t<meta property=\"og:image:height\" content=\"1706\" \/>\n\t<meta property=\"og:image:type\" content=\"image\/jpeg\" \/>\n<meta name=\"twitter:card\" content=\"summary_large_image\" \/>\n<meta name=\"twitter:site\" content=\"@CTFFCE\" \/>\n<meta name=\"twitter:label1\" content=\"Dur\u00e9e de lecture estim\u00e9e\" \/>\n\t<meta name=\"twitter:data1\" content=\"6 minutes\" \/>\n<script type=\"application\/ld+json\" class=\"yoast-schema-graph\">{\"@context\":\"https:\\\/\\\/schema.org\",\"@graph\":[{\"@type\":\"WebPage\",\"@id\":\"https:\\\/\\\/www.ctf-fce.ca\\\/fr\\\/impliquez-vous\\\/programme-coop\\\/\",\"url\":\"https:\\\/\\\/www.ctf-fce.ca\\\/fr\\\/impliquez-vous\\\/programme-coop\\\/\",\"name\":\"Programme coop - CTF-FCE\",\"isPartOf\":{\"@id\":\"https:\\\/\\\/www.ctf-fce.ca\\\/fr\\\/#website\"},\"primaryImageOfPage\":{\"@id\":\"https:\\\/\\\/www.ctf-fce.ca\\\/fr\\\/impliquez-vous\\\/programme-coop\\\/#primaryimage\"},\"image\":{\"@id\":\"https:\\\/\\\/www.ctf-fce.ca\\\/fr\\\/impliquez-vous\\\/programme-coop\\\/#primaryimage\"},\"thumbnailUrl\":\"https:\\\/\\\/www.ctf-fce.ca\\\/wp-content\\\/uploads\\\/2020\\\/03\\\/iStock-1141394588-1024x682.jpg\",\"datePublished\":\"2020-01-22T03:56:54+00:00\",\"dateModified\":\"2025-07-08T01:55:28+00:00\",\"breadcrumb\":{\"@id\":\"https:\\\/\\\/www.ctf-fce.ca\\\/fr\\\/impliquez-vous\\\/programme-coop\\\/#breadcrumb\"},\"inLanguage\":\"fr-FR\",\"potentialAction\":[{\"@type\":\"ReadAction\",\"target\":[\"https:\\\/\\\/www.ctf-fce.ca\\\/fr\\\/impliquez-vous\\\/programme-coop\\\/\"]}]},{\"@type\":\"ImageObject\",\"inLanguage\":\"fr-FR\",\"@id\":\"https:\\\/\\\/www.ctf-fce.ca\\\/fr\\\/impliquez-vous\\\/programme-coop\\\/#primaryimage\",\"url\":\"https:\\\/\\\/www.ctf-fce.ca\\\/wp-content\\\/uploads\\\/2020\\\/03\\\/iStock-1141394588-1024x682.jpg\",\"contentUrl\":\"https:\\\/\\\/www.ctf-fce.ca\\\/wp-content\\\/uploads\\\/2020\\\/03\\\/iStock-1141394588-1024x682.jpg\"},{\"@type\":\"BreadcrumbList\",\"@id\":\"https:\\\/\\\/www.ctf-fce.ca\\\/fr\\\/impliquez-vous\\\/programme-coop\\\/#breadcrumb\",\"itemListElement\":[{\"@type\":\"ListItem\",\"position\":1,\"name\":\"Accueil\",\"item\":\"https:\\\/\\\/www.ctf-fce.ca\\\/fr\\\/\"},{\"@type\":\"ListItem\",\"position\":2,\"name\":\"Rejoignez-nous\",\"item\":\"https:\\\/\\\/www.ctf-fce.ca\\\/fr\\\/impliquez-vous\\\/\"},{\"@type\":\"ListItem\",\"position\":3,\"name\":\"Programme coop\"}]},{\"@type\":\"WebSite\",\"@id\":\"https:\\\/\\\/www.ctf-fce.ca\\\/fr\\\/#website\",\"url\":\"https:\\\/\\\/www.ctf-fce.ca\\\/fr\\\/\",\"name\":\"CTF-FCE\",\"description\":\"\",\"publisher\":{\"@id\":\"https:\\\/\\\/www.ctf-fce.ca\\\/fr\\\/#organization\"},\"potentialAction\":[{\"@type\":\"SearchAction\",\"target\":{\"@type\":\"EntryPoint\",\"urlTemplate\":\"https:\\\/\\\/www.ctf-fce.ca\\\/fr\\\/?s={search_term_string}\"},\"query-input\":{\"@type\":\"PropertyValueSpecification\",\"valueRequired\":true,\"valueName\":\"search_term_string\"}}],\"inLanguage\":\"fr-FR\"},{\"@type\":\"Organization\",\"@id\":\"https:\\\/\\\/www.ctf-fce.ca\\\/fr\\\/#organization\",\"name\":\"CTF-FCE\",\"url\":\"https:\\\/\\\/www.ctf-fce.ca\\\/fr\\\/\",\"logo\":{\"@type\":\"ImageObject\",\"inLanguage\":\"fr-FR\",\"@id\":\"https:\\\/\\\/www.ctf-fce.ca\\\/fr\\\/#\\\/schema\\\/logo\\\/image\\\/\",\"url\":\"https:\\\/\\\/www.ctf-fce.ca\\\/wp-content\\\/uploads\\\/2020\\\/01\\\/ctf-fce-logo@2x.png\",\"contentUrl\":\"https:\\\/\\\/www.ctf-fce.ca\\\/wp-content\\\/uploads\\\/2020\\\/01\\\/ctf-fce-logo@2x.png\",\"width\":485,\"height\":146,\"caption\":\"CTF-FCE\"},\"image\":{\"@id\":\"https:\\\/\\\/www.ctf-fce.ca\\\/fr\\\/#\\\/schema\\\/logo\\\/image\\\/\"},\"sameAs\":[\"https:\\\/\\\/www.facebook.com\\\/CTF.FCE\\\/\",\"https:\\\/\\\/x.com\\\/CTFFCE\",\"https:\\\/\\\/www.instagram.com\\\/ctffce\\\/\",\"https:\\\/\\\/www.linkedin.com\\\/company\\\/canadian-teachers'\u200b-federation---f\u00e9d.-canadienne-des-enseignantes-et-des-enseignants\\\/\",\"https:\\\/\\\/www.youtube.com\\\/user\\\/canadianteachers\"]}]}<\/script>\n<!-- \/ Yoast SEO plugin. -->","yoast_head_json":{"title":"Programme coop - CTF-FCE","robots":{"index":"index","follow":"follow","max-snippet":"max-snippet:-1","max-image-preview":"max-image-preview:large","max-video-preview":"max-video-preview:-1"},"canonical":"https:\/\/www.ctf-fce.ca\/fr\/impliquez-vous\/programme-coop\/","og_locale":"fr_FR","og_type":"article","og_title":"Programme coop - CTF-FCE","og_url":"https:\/\/www.ctf-fce.ca\/fr\/impliquez-vous\/programme-coop\/","og_site_name":"CTF-FCE","article_publisher":"https:\/\/www.facebook.com\/CTF.FCE\/","article_modified_time":"2025-07-08T01:55:28+00:00","og_image":[{"width":2560,"height":1706,"url":"https:\/\/www.ctf-fce.ca\/wp-content\/uploads\/2020\/03\/iStock-1141394588.jpg","type":"image\/jpeg"}],"twitter_card":"summary_large_image","twitter_site":"@CTFFCE","twitter_misc":{"Dur\u00e9e de lecture estim\u00e9e":"6 minutes"},"schema":{"@context":"https:\/\/schema.org","@graph":[{"@type":"WebPage","@id":"https:\/\/www.ctf-fce.ca\/fr\/impliquez-vous\/programme-coop\/","url":"https:\/\/www.ctf-fce.ca\/fr\/impliquez-vous\/programme-coop\/","name":"Programme coop - CTF-FCE","isPartOf":{"@id":"https:\/\/www.ctf-fce.ca\/fr\/#website"},"primaryImageOfPage":{"@id":"https:\/\/www.ctf-fce.ca\/fr\/impliquez-vous\/programme-coop\/#primaryimage"},"image":{"@id":"https:\/\/www.ctf-fce.ca\/fr\/impliquez-vous\/programme-coop\/#primaryimage"},"thumbnailUrl":"https:\/\/www.ctf-fce.ca\/wp-content\/uploads\/2020\/03\/iStock-1141394588-1024x682.jpg","datePublished":"2020-01-22T03:56:54+00:00","dateModified":"2025-07-08T01:55:28+00:00","breadcrumb":{"@id":"https:\/\/www.ctf-fce.ca\/fr\/impliquez-vous\/programme-coop\/#breadcrumb"},"inLanguage":"fr-FR","potentialAction":[{"@type":"ReadAction","target":["https:\/\/www.ctf-fce.ca\/fr\/impliquez-vous\/programme-coop\/"]}]},{"@type":"ImageObject","inLanguage":"fr-FR","@id":"https:\/\/www.ctf-fce.ca\/fr\/impliquez-vous\/programme-coop\/#primaryimage","url":"https:\/\/www.ctf-fce.ca\/wp-content\/uploads\/2020\/03\/iStock-1141394588-1024x682.jpg","contentUrl":"https:\/\/www.ctf-fce.ca\/wp-content\/uploads\/2020\/03\/iStock-1141394588-1024x682.jpg"},{"@type":"BreadcrumbList","@id":"https:\/\/www.ctf-fce.ca\/fr\/impliquez-vous\/programme-coop\/#breadcrumb","itemListElement":[{"@type":"ListItem","position":1,"name":"Accueil","item":"https:\/\/www.ctf-fce.ca\/fr\/"},{"@type":"ListItem","position":2,"name":"Rejoignez-nous","item":"https:\/\/www.ctf-fce.ca\/fr\/impliquez-vous\/"},{"@type":"ListItem","position":3,"name":"Programme coop"}]},{"@type":"WebSite","@id":"https:\/\/www.ctf-fce.ca\/fr\/#website","url":"https:\/\/www.ctf-fce.ca\/fr\/","name":"CTF-FCE","description":"","publisher":{"@id":"https:\/\/www.ctf-fce.ca\/fr\/#organization"},"potentialAction":[{"@type":"SearchAction","target":{"@type":"EntryPoint","urlTemplate":"https:\/\/www.ctf-fce.ca\/fr\/?s={search_term_string}"},"query-input":{"@type":"PropertyValueSpecification","valueRequired":true,"valueName":"search_term_string"}}],"inLanguage":"fr-FR"},{"@type":"Organization","@id":"https:\/\/www.ctf-fce.ca\/fr\/#organization","name":"CTF-FCE","url":"https:\/\/www.ctf-fce.ca\/fr\/","logo":{"@type":"ImageObject","inLanguage":"fr-FR","@id":"https:\/\/www.ctf-fce.ca\/fr\/#\/schema\/logo\/image\/","url":"https:\/\/www.ctf-fce.ca\/wp-content\/uploads\/2020\/01\/ctf-fce-logo@2x.png","contentUrl":"https:\/\/www.ctf-fce.ca\/wp-content\/uploads\/2020\/01\/ctf-fce-logo@2x.png","width":485,"height":146,"caption":"CTF-FCE"},"image":{"@id":"https:\/\/www.ctf-fce.ca\/fr\/#\/schema\/logo\/image\/"},"sameAs":["https:\/\/www.facebook.com\/CTF.FCE\/","https:\/\/x.com\/CTFFCE","https:\/\/www.instagram.com\/ctffce\/","https:\/\/www.linkedin.com\/company\/canadian-teachers'\u200b-federation---f\u00e9d.-canadienne-des-enseignantes-et-des-enseignants\/","https:\/\/www.youtube.com\/user\/canadianteachers"]}]}},"coauthors":[],"author_meta":{"author_link":"https:\/\/www.ctf-fce.ca\/fr\/author\/contactkeshocommunications-ca\/","display_name":"contact@keshocommunications.ca"},"relative_dates":{"created":"Publi\u00e9 6 ans il y a","modified":"Mis \u00e0 jour 9 mois il y a"},"absolute_dates":{"created":"Publi\u00e9 le 21 janvier 2020","modified":"Mise \u00e0 jour le 7 juillet 2025"},"absolute_dates_time":{"created":"Publi\u00e9 le 21 janvier 2020 22h56","modified":"Mise \u00e0 jour le 7 juillet 2025 21h55"},"featured_img_caption":"","featured_img":false,"series_order":"","_links":{"self":[{"href":"https:\/\/www.ctf-fce.ca\/fr\/wp-json\/wp\/v2\/pages\/3202","targetHints":{"allow":["GET"]}}],"collection":[{"href":"https:\/\/www.ctf-fce.ca\/fr\/wp-json\/wp\/v2\/pages"}],"about":[{"href":"https:\/\/www.ctf-fce.ca\/fr\/wp-json\/wp\/v2\/types\/page"}],"author":[{"embeddable":true,"href":"https:\/\/www.ctf-fce.ca\/fr\/wp-json\/wp\/v2\/users\/1"}],"replies":[{"embeddable":true,"href":"https:\/\/www.ctf-fce.ca\/fr\/wp-json\/wp\/v2\/comments?post=3202"}],"version-history":[{"count":0,"href":"https:\/\/www.ctf-fce.ca\/fr\/wp-json\/wp\/v2\/pages\/3202\/revisions"}],"up":[{"embeddable":true,"href":"https:\/\/www.ctf-fce.ca\/fr\/wp-json\/wp\/v2\/pages\/3087"}],"wp:attachment":[{"href":"https:\/\/www.ctf-fce.ca\/fr\/wp-json\/wp\/v2\/media?parent=3202"}],"curies":[{"name":"wp","href":"https:\/\/api.w.org\/{rel}","templated":true}]}}