{"id":3264,"date":"2020-01-21T22:54:44","date_gmt":"2020-01-22T03:54:44","guid":{"rendered":"http:\/\/184.107.41.70\/~ctffce\/notre-structure\/partnership\/"},"modified":"2020-04-08T22:48:28","modified_gmt":"2020-04-09T02:48:28","slug":"partenariats","status":"publish","type":"page","link":"https:\/\/www.ctf-fce.ca\/fr\/notre-structure\/partenariats\/","title":{"rendered":"Partenariats"},"content":{"rendered":"\n<div class=\"wp-block-media-text alignwide has-media-on-the-right is-stacked-on-mobile is-vertically-aligned-top\" style=\"grid-template-columns:auto 49%\"><figure class=\"wp-block-media-text__media\"><img loading=\"lazy\" decoding=\"async\" width=\"1024\" height=\"703\" src=\"https:\/\/www.ctf-fce.ca\/wp-content\/uploads\/2020\/04\/iStock-1128237630-1024x703.jpg\" alt=\"\" class=\"wp-image-4781\" srcset=\"https:\/\/www.ctf-fce.ca\/wp-content\/uploads\/2020\/04\/iStock-1128237630-1024x703.jpg 1024w, https:\/\/www.ctf-fce.ca\/wp-content\/uploads\/2020\/04\/iStock-1128237630-300x206.jpg 300w, https:\/\/www.ctf-fce.ca\/wp-content\/uploads\/2020\/04\/iStock-1128237630-768x528.jpg 768w, https:\/\/www.ctf-fce.ca\/wp-content\/uploads\/2020\/04\/iStock-1128237630-474x324.jpg 474w, https:\/\/www.ctf-fce.ca\/wp-content\/uploads\/2020\/04\/iStock-1128237630-1536x1055.jpg 1536w, https:\/\/www.ctf-fce.ca\/wp-content\/uploads\/2020\/04\/iStock-1128237630-2048x1407.jpg 2048w\" sizes=\"auto, (max-width: 1024px) 100vw, 1024px\" \/><\/figure><div class=\"wp-block-media-text__content\">\n<h2 class=\"wp-block-heading\">Nos partenaires en \u00e9ducation<\/h2>\n\n\n\n<p> La CTF\/FCE rehausse le prestige de la profession enseignante au Canada et \u00e0 l\u2019\u00e9tranger par sa participation aux travaux d\u2019un \u00e9ventail de partenaires en \u00e9ducation. <\/p>\n\n\n\n<p>Collectivement, nous sommes r\u00e9solus \u00e0 d\u00e9ployer tous les efforts n\u00e9cessaires pour que plus d\u2019enfants au Canada, et dans le monde, aient acc\u00e8s \u00e0 une \u00e9ducation publique inclusive de qualit\u00e9, financ\u00e9e par l\u2019\u00c9tat.<\/p>\n<\/div><\/div>\n\n\n\n<p><strong>La CTF\/FCE travaille en partenariat avec les organisations suivantes&nbsp;:<\/strong><\/p>\n\n\n\n<div class=\"wp-block-columns is-layout-flex wp-container-core-columns-is-layout-9d6595d7 wp-block-columns-is-layout-flex\">\n<div class=\"wp-block-column is-layout-flow wp-block-column-is-layout-flow\">\n<h3 class=\"wp-block-heading\">Secteur public <\/h3>\n\n\n\n<ul class=\"wp-block-list\"><li>Affaires mondiales Canada&nbsp;<\/li><li>Conseil des ministres de l\u2019\u00c9ducation (Canada)&nbsp;<\/li><li>Femmes et \u00c9galit\u00e9 des genres Canada<\/li><li>Patrimoine canadien<\/li><\/ul>\n\n\n\n<h3 class=\"wp-block-heading\">Universit\u00e9s<\/h3>\n\n\n\n<ul class=\"wp-block-list\"><li>Universit\u00e9 Carleton<\/li><li>Universit\u00e9 d\u2019Ottawa<\/li><li>Universit\u00e9 McGill<\/li><\/ul>\n\n\n\n<h3 class=\"wp-block-heading\">Partenaires \u00e0 l\u2019\u00e9tranger<\/h3>\n\n\n\n<ul class=\"wp-block-list\"><li>Internationale de l\u2019\u00c9ducation, et plus particuli\u00e8rement avec des organisations affili\u00e9es des r\u00e9gions de l\u2019Afrique, de l\u2019Asie, de l\u2019Am\u00e9rique latine et des Cara\u00efbes <\/li><\/ul>\n<\/div>\n\n\n\n<div class=\"wp-block-column is-layout-flow wp-block-column-is-layout-flow\">\n<h3 class=\"wp-block-heading\">Organisations non gouvernementales<\/h3>\n\n\n\n<ul class=\"wp-block-list\"><li>Association canadienne d\u2019\u00e9ducation de langue fran\u00e7aise\u00a0<\/li><li>Commission canadienne pour l\u2019UNESCO<\/li><li>Kids News du r\u00e9seau anglais de la Soci\u00e9t\u00e9 Radio-Canada<\/li><li>CIVIX\u00a0<\/li><li>Croix-Rouge canadienne\u00a0<\/li><li>F\u00e9d\u00e9ration canadienne des directions d\u2019\u00e9cole francophone\u00a0<\/li><li>F\u00e9d\u00e9ration nationale des conseils scolaires francophones\u00a0<\/li><li>Indspire<\/li><li>HabiloM\u00e9dias\u00a0<\/li><li>Mus\u00e9e canadien pour les droits de la personne<\/li><li>Plan International Canada<\/li><li>Regroupement national des directions g\u00e9n\u00e9rales de l\u2019\u00e9ducation\u00a0<\/li><li>Robert F. Kennedy Human Rights<\/li><\/ul>\n<\/div>\n<\/div>\n","protected":false},"excerpt":{"rendered":"<p>Nos partenaires en \u00e9ducation La CTF\/FCE rehausse le prestige de la profession enseignante au Canada et \u00e0 l\u2019\u00e9tranger par sa participation aux travaux d\u2019un \u00e9ventail de partenaires en \u00e9ducation. Collectivement, nous sommes r\u00e9solus \u00e0 d\u00e9ployer tous les efforts n\u00e9cessaires pour que plus d\u2019enfants au Canada, et dans le monde, aient acc\u00e8s \u00e0 une \u00e9ducation publique [&hellip;]<\/p>\n","protected":false},"author":1,"featured_media":0,"parent":3090,"menu_order":0,"comment_status":"closed","ping_status":"closed","template":"","meta":{"_acf_changed":false,"advgb_blocks_editor_width":"","advgb_blocks_columns_visual_guide":"","footnotes":""},"class_list":["post-3264","page","type-page","status-publish","hentry"],"acf":[],"yoast_head":"<!-- This site is optimized with the Yoast SEO plugin v27.3 - https:\/\/yoast.com\/product\/yoast-seo-wordpress\/ -->\n<title>Partenariats - CTF-FCE<\/title>\n<meta name=\"robots\" content=\"index, follow, max-snippet:-1, max-image-preview:large, max-video-preview:-1\" \/>\n<link rel=\"canonical\" href=\"https:\/\/www.ctf-fce.ca\/fr\/notre-structure\/partenariats\/\" \/>\n<meta property=\"og:locale\" content=\"fr_FR\" \/>\n<meta property=\"og:type\" content=\"article\" \/>\n<meta property=\"og:title\" content=\"Partenariats - CTF-FCE\" \/>\n<meta property=\"og:description\" content=\"Nos partenaires en \u00e9ducation La CTF\/FCE rehausse le prestige de la profession enseignante au Canada et \u00e0 l\u2019\u00e9tranger par sa participation aux travaux d\u2019un \u00e9ventail de partenaires en \u00e9ducation. Collectivement, nous sommes r\u00e9solus \u00e0 d\u00e9ployer tous les efforts n\u00e9cessaires pour que plus d\u2019enfants au Canada, et dans le monde, aient acc\u00e8s \u00e0 une \u00e9ducation publique [&hellip;]\" \/>\n<meta property=\"og:url\" content=\"https:\/\/www.ctf-fce.ca\/fr\/notre-structure\/partenariats\/\" \/>\n<meta property=\"og:site_name\" content=\"CTF-FCE\" \/>\n<meta property=\"article:publisher\" content=\"https:\/\/www.facebook.com\/CTF.FCE\/\" \/>\n<meta property=\"article:modified_time\" content=\"2020-04-09T02:48:28+00:00\" \/>\n<meta property=\"og:image\" content=\"https:\/\/www.ctf-fce.ca\/wp-content\/uploads\/2020\/04\/iStock-1128237630-1024x703.jpg\" \/>\n<meta name=\"twitter:card\" content=\"summary_large_image\" \/>\n<meta name=\"twitter:site\" content=\"@CTFFCE\" \/>\n<meta name=\"twitter:label1\" content=\"Dur\u00e9e de lecture estim\u00e9e\" \/>\n\t<meta name=\"twitter:data1\" content=\"1 minute\" \/>\n<script type=\"application\/ld+json\" class=\"yoast-schema-graph\">{\"@context\":\"https:\\\/\\\/schema.org\",\"@graph\":[{\"@type\":\"WebPage\",\"@id\":\"https:\\\/\\\/www.ctf-fce.ca\\\/fr\\\/notre-structure\\\/partenariats\\\/\",\"url\":\"https:\\\/\\\/www.ctf-fce.ca\\\/fr\\\/notre-structure\\\/partenariats\\\/\",\"name\":\"Partenariats - CTF-FCE\",\"isPartOf\":{\"@id\":\"https:\\\/\\\/www.ctf-fce.ca\\\/fr\\\/#website\"},\"primaryImageOfPage\":{\"@id\":\"https:\\\/\\\/www.ctf-fce.ca\\\/fr\\\/notre-structure\\\/partenariats\\\/#primaryimage\"},\"image\":{\"@id\":\"https:\\\/\\\/www.ctf-fce.ca\\\/fr\\\/notre-structure\\\/partenariats\\\/#primaryimage\"},\"thumbnailUrl\":\"https:\\\/\\\/www.ctf-fce.ca\\\/wp-content\\\/uploads\\\/2020\\\/04\\\/iStock-1128237630-1024x703.jpg\",\"datePublished\":\"2020-01-22T03:54:44+00:00\",\"dateModified\":\"2020-04-09T02:48:28+00:00\",\"breadcrumb\":{\"@id\":\"https:\\\/\\\/www.ctf-fce.ca\\\/fr\\\/notre-structure\\\/partenariats\\\/#breadcrumb\"},\"inLanguage\":\"fr-FR\",\"potentialAction\":[{\"@type\":\"ReadAction\",\"target\":[\"https:\\\/\\\/www.ctf-fce.ca\\\/fr\\\/notre-structure\\\/partenariats\\\/\"]}]},{\"@type\":\"ImageObject\",\"inLanguage\":\"fr-FR\",\"@id\":\"https:\\\/\\\/www.ctf-fce.ca\\\/fr\\\/notre-structure\\\/partenariats\\\/#primaryimage\",\"url\":\"https:\\\/\\\/www.ctf-fce.ca\\\/wp-content\\\/uploads\\\/2020\\\/04\\\/iStock-1128237630-1024x703.jpg\",\"contentUrl\":\"https:\\\/\\\/www.ctf-fce.ca\\\/wp-content\\\/uploads\\\/2020\\\/04\\\/iStock-1128237630-1024x703.jpg\"},{\"@type\":\"BreadcrumbList\",\"@id\":\"https:\\\/\\\/www.ctf-fce.ca\\\/fr\\\/notre-structure\\\/partenariats\\\/#breadcrumb\",\"itemListElement\":[{\"@type\":\"ListItem\",\"position\":1,\"name\":\"Accueil\",\"item\":\"https:\\\/\\\/www.ctf-fce.ca\\\/fr\\\/\"},{\"@type\":\"ListItem\",\"position\":2,\"name\":\"Notre structure\",\"item\":\"https:\\\/\\\/www.ctf-fce.ca\\\/fr\\\/notre-structure\\\/\"},{\"@type\":\"ListItem\",\"position\":3,\"name\":\"Partenariats\"}]},{\"@type\":\"WebSite\",\"@id\":\"https:\\\/\\\/www.ctf-fce.ca\\\/fr\\\/#website\",\"url\":\"https:\\\/\\\/www.ctf-fce.ca\\\/fr\\\/\",\"name\":\"CTF-FCE\",\"description\":\"\",\"publisher\":{\"@id\":\"https:\\\/\\\/www.ctf-fce.ca\\\/fr\\\/#organization\"},\"potentialAction\":[{\"@type\":\"SearchAction\",\"target\":{\"@type\":\"EntryPoint\",\"urlTemplate\":\"https:\\\/\\\/www.ctf-fce.ca\\\/fr\\\/?s={search_term_string}\"},\"query-input\":{\"@type\":\"PropertyValueSpecification\",\"valueRequired\":true,\"valueName\":\"search_term_string\"}}],\"inLanguage\":\"fr-FR\"},{\"@type\":\"Organization\",\"@id\":\"https:\\\/\\\/www.ctf-fce.ca\\\/fr\\\/#organization\",\"name\":\"CTF-FCE\",\"url\":\"https:\\\/\\\/www.ctf-fce.ca\\\/fr\\\/\",\"logo\":{\"@type\":\"ImageObject\",\"inLanguage\":\"fr-FR\",\"@id\":\"https:\\\/\\\/www.ctf-fce.ca\\\/fr\\\/#\\\/schema\\\/logo\\\/image\\\/\",\"url\":\"https:\\\/\\\/www.ctf-fce.ca\\\/wp-content\\\/uploads\\\/2020\\\/01\\\/ctf-fce-logo@2x.png\",\"contentUrl\":\"https:\\\/\\\/www.ctf-fce.ca\\\/wp-content\\\/uploads\\\/2020\\\/01\\\/ctf-fce-logo@2x.png\",\"width\":485,\"height\":146,\"caption\":\"CTF-FCE\"},\"image\":{\"@id\":\"https:\\\/\\\/www.ctf-fce.ca\\\/fr\\\/#\\\/schema\\\/logo\\\/image\\\/\"},\"sameAs\":[\"https:\\\/\\\/www.facebook.com\\\/CTF.FCE\\\/\",\"https:\\\/\\\/x.com\\\/CTFFCE\",\"https:\\\/\\\/www.instagram.com\\\/ctffce\\\/\",\"https:\\\/\\\/www.linkedin.com\\\/company\\\/canadian-teachers'\u200b-federation---f\u00e9d.-canadienne-des-enseignantes-et-des-enseignants\\\/\",\"https:\\\/\\\/www.youtube.com\\\/user\\\/canadianteachers\"]}]}<\/script>\n<!-- \/ Yoast SEO plugin. -->","yoast_head_json":{"title":"Partenariats - CTF-FCE","robots":{"index":"index","follow":"follow","max-snippet":"max-snippet:-1","max-image-preview":"max-image-preview:large","max-video-preview":"max-video-preview:-1"},"canonical":"https:\/\/www.ctf-fce.ca\/fr\/notre-structure\/partenariats\/","og_locale":"fr_FR","og_type":"article","og_title":"Partenariats - CTF-FCE","og_description":"Nos partenaires en \u00e9ducation La CTF\/FCE rehausse le prestige de la profession enseignante au Canada et \u00e0 l\u2019\u00e9tranger par sa participation aux travaux d\u2019un \u00e9ventail de partenaires en \u00e9ducation. Collectivement, nous sommes r\u00e9solus \u00e0 d\u00e9ployer tous les efforts n\u00e9cessaires pour que plus d\u2019enfants au Canada, et dans le monde, aient acc\u00e8s \u00e0 une \u00e9ducation publique [&hellip;]","og_url":"https:\/\/www.ctf-fce.ca\/fr\/notre-structure\/partenariats\/","og_site_name":"CTF-FCE","article_publisher":"https:\/\/www.facebook.com\/CTF.FCE\/","article_modified_time":"2020-04-09T02:48:28+00:00","og_image":[{"url":"https:\/\/www.ctf-fce.ca\/wp-content\/uploads\/2020\/04\/iStock-1128237630-1024x703.jpg","type":"","width":"","height":""}],"twitter_card":"summary_large_image","twitter_site":"@CTFFCE","twitter_misc":{"Dur\u00e9e de lecture estim\u00e9e":"1 minute"},"schema":{"@context":"https:\/\/schema.org","@graph":[{"@type":"WebPage","@id":"https:\/\/www.ctf-fce.ca\/fr\/notre-structure\/partenariats\/","url":"https:\/\/www.ctf-fce.ca\/fr\/notre-structure\/partenariats\/","name":"Partenariats - CTF-FCE","isPartOf":{"@id":"https:\/\/www.ctf-fce.ca\/fr\/#website"},"primaryImageOfPage":{"@id":"https:\/\/www.ctf-fce.ca\/fr\/notre-structure\/partenariats\/#primaryimage"},"image":{"@id":"https:\/\/www.ctf-fce.ca\/fr\/notre-structure\/partenariats\/#primaryimage"},"thumbnailUrl":"https:\/\/www.ctf-fce.ca\/wp-content\/uploads\/2020\/04\/iStock-1128237630-1024x703.jpg","datePublished":"2020-01-22T03:54:44+00:00","dateModified":"2020-04-09T02:48:28+00:00","breadcrumb":{"@id":"https:\/\/www.ctf-fce.ca\/fr\/notre-structure\/partenariats\/#breadcrumb"},"inLanguage":"fr-FR","potentialAction":[{"@type":"ReadAction","target":["https:\/\/www.ctf-fce.ca\/fr\/notre-structure\/partenariats\/"]}]},{"@type":"ImageObject","inLanguage":"fr-FR","@id":"https:\/\/www.ctf-fce.ca\/fr\/notre-structure\/partenariats\/#primaryimage","url":"https:\/\/www.ctf-fce.ca\/wp-content\/uploads\/2020\/04\/iStock-1128237630-1024x703.jpg","contentUrl":"https:\/\/www.ctf-fce.ca\/wp-content\/uploads\/2020\/04\/iStock-1128237630-1024x703.jpg"},{"@type":"BreadcrumbList","@id":"https:\/\/www.ctf-fce.ca\/fr\/notre-structure\/partenariats\/#breadcrumb","itemListElement":[{"@type":"ListItem","position":1,"name":"Accueil","item":"https:\/\/www.ctf-fce.ca\/fr\/"},{"@type":"ListItem","position":2,"name":"Notre structure","item":"https:\/\/www.ctf-fce.ca\/fr\/notre-structure\/"},{"@type":"ListItem","position":3,"name":"Partenariats"}]},{"@type":"WebSite","@id":"https:\/\/www.ctf-fce.ca\/fr\/#website","url":"https:\/\/www.ctf-fce.ca\/fr\/","name":"CTF-FCE","description":"","publisher":{"@id":"https:\/\/www.ctf-fce.ca\/fr\/#organization"},"potentialAction":[{"@type":"SearchAction","target":{"@type":"EntryPoint","urlTemplate":"https:\/\/www.ctf-fce.ca\/fr\/?s={search_term_string}"},"query-input":{"@type":"PropertyValueSpecification","valueRequired":true,"valueName":"search_term_string"}}],"inLanguage":"fr-FR"},{"@type":"Organization","@id":"https:\/\/www.ctf-fce.ca\/fr\/#organization","name":"CTF-FCE","url":"https:\/\/www.ctf-fce.ca\/fr\/","logo":{"@type":"ImageObject","inLanguage":"fr-FR","@id":"https:\/\/www.ctf-fce.ca\/fr\/#\/schema\/logo\/image\/","url":"https:\/\/www.ctf-fce.ca\/wp-content\/uploads\/2020\/01\/ctf-fce-logo@2x.png","contentUrl":"https:\/\/www.ctf-fce.ca\/wp-content\/uploads\/2020\/01\/ctf-fce-logo@2x.png","width":485,"height":146,"caption":"CTF-FCE"},"image":{"@id":"https:\/\/www.ctf-fce.ca\/fr\/#\/schema\/logo\/image\/"},"sameAs":["https:\/\/www.facebook.com\/CTF.FCE\/","https:\/\/x.com\/CTFFCE","https:\/\/www.instagram.com\/ctffce\/","https:\/\/www.linkedin.com\/company\/canadian-teachers'\u200b-federation---f\u00e9d.-canadienne-des-enseignantes-et-des-enseignants\/","https:\/\/www.youtube.com\/user\/canadianteachers"]}]}},"coauthors":[],"author_meta":{"author_link":"https:\/\/www.ctf-fce.ca\/fr\/author\/contactkeshocommunications-ca\/","display_name":"contact@keshocommunications.ca"},"relative_dates":{"created":"Publi\u00e9 6 ans il y a","modified":"Mis \u00e0 jour 6 ans il y a"},"absolute_dates":{"created":"Publi\u00e9 le 21 janvier 2020","modified":"Mise \u00e0 jour le 8 avril 2020"},"absolute_dates_time":{"created":"Publi\u00e9 le 21 janvier 2020 22h54","modified":"Mise \u00e0 jour le 8 avril 2020 22h48"},"featured_img_caption":"","featured_img":false,"series_order":"","_links":{"self":[{"href":"https:\/\/www.ctf-fce.ca\/fr\/wp-json\/wp\/v2\/pages\/3264","targetHints":{"allow":["GET"]}}],"collection":[{"href":"https:\/\/www.ctf-fce.ca\/fr\/wp-json\/wp\/v2\/pages"}],"about":[{"href":"https:\/\/www.ctf-fce.ca\/fr\/wp-json\/wp\/v2\/types\/page"}],"author":[{"embeddable":true,"href":"https:\/\/www.ctf-fce.ca\/fr\/wp-json\/wp\/v2\/users\/1"}],"replies":[{"embeddable":true,"href":"https:\/\/www.ctf-fce.ca\/fr\/wp-json\/wp\/v2\/comments?post=3264"}],"version-history":[{"count":0,"href":"https:\/\/www.ctf-fce.ca\/fr\/wp-json\/wp\/v2\/pages\/3264\/revisions"}],"up":[{"embeddable":true,"href":"https:\/\/www.ctf-fce.ca\/fr\/wp-json\/wp\/v2\/pages\/3090"}],"wp:attachment":[{"href":"https:\/\/www.ctf-fce.ca\/fr\/wp-json\/wp\/v2\/media?parent=3264"}],"curies":[{"name":"wp","href":"https:\/\/api.w.org\/{rel}","templated":true}]}}