{"id":3381,"date":"2020-02-07T22:06:51","date_gmt":"2020-02-08T03:06:51","guid":{"rendered":"http:\/\/184.107.41.70\/~ctffce\/project-overseas\/"},"modified":"2026-03-25T09:26:40","modified_gmt":"2026-03-25T13:26:40","slug":"projet-outre-mer","status":"publish","type":"page","link":"https:\/\/www.ctf-fce.ca\/fr\/nos-activites\/cooperation-au-developpement-international\/projet-outre-mer\/","title":{"rendered":"Enseigner ensemble"},"content":{"rendered":"\n<h2 class=\"wp-block-heading\">Les enseignantes et enseignants apprennent mieux de personnes qui exercent leur profession.  <\/h2>\n\n\n\n<div class=\"wp-block-media-text alignwide has-media-on-the-right is-stacked-on-mobile is-vertically-aligned-top\" style=\"grid-template-columns:auto 49%\"><div class=\"wp-block-media-text__content\">\n<p>Depuis 1962, des membres du corps enseignant canadien collaborent avec des coll\u00e8gues dans des pays en d\u00e9veloppement dans le cadre du programme de la CTF\/FCE maintenant appel\u00e9 <strong>Enseigner ensemble<\/strong> (anciennement Projet outre-mer) afin d\u2019am\u00e9liorer l\u2019enseignement et l\u2019apprentissage, et de promouvoir une \u00e9ducation publique universelle, \u00e9quitable et de qualit\u00e9.<\/p>\n\n\n\n<p>Le programme Enseigner ensemble est une entreprise commune de la CTF\/FCE, de ses <a href=\"https:\/\/www.ctf-fce.ca\/fr\/qui-nous-sommes\/organisations-membres\/\">organisations membres<\/a> provinciales et territoriales, et de ses organisations partenaires dans des pays en d\u00e9veloppement, qui ensemble planifient et offrent des ateliers de perfectionnement professionnel aux enseignantes et enseignants locaux.<\/p>\n\n\n\n<h3 class=\"wp-block-heading\">Participer au programme Enseigner ensemble en tant que membre d\u2019une \u00e9quipe canadienne vous int\u00e9resse?<\/h3>\n\n\n\n<p>Les projets se d\u00e9roulent pendant le mois de juillet. Pour que leur candidature soit prise en consid\u00e9ration, toute personne int\u00e9ress\u00e9e doit pr\u00e9senter une demande de participation par l\u2019interm\u00e9diaire de leur organisation provinciale ou territoriale de l\u2019enseignement et r\u00e9pondre aux crit\u00e8res de base ci-dessous&nbsp;:<\/p>\n\n\n\n<ul class=\"wp-block-list\">\n<li>avoir la citoyennet\u00e9 canadienne;<\/li>\n\n\n\n<li>\u00eatre titulaire d\u2019un passeport canadien valide;<\/li>\n\n\n\n<li>adh\u00e9rer \u00e0 une organisation membre provinciale ou territoriale de la CTF\/FCE;&nbsp;<\/li>\n\n\n\n<li>\u00eatre titulaire d\u2019un certificat d\u2019aptitude p\u00e9dagogique reconnu;<\/li>\n\n\n\n<li>poss\u00e9der au moins cinq ann\u00e9es d\u2019exp\u00e9rience de l\u2019enseignement au Canada;<\/li>\n\n\n\n<li>jouir d\u2019une excellente sant\u00e9 et pouvoir travailler dans les conditions propres aux pays en d\u00e9veloppement;<\/li>\n\n\n\n<li>faire preuve de souplesse et de jugement;<\/li>\n\n\n\n<li>\u00eatre pr\u00eate \u00e0 faire passer les besoins de l\u2019\u00e9quipe et du programme avant ses besoins personnels.<\/li>\n<\/ul>\n<\/div><figure class=\"wp-block-media-text__media\"><img loading=\"lazy\" decoding=\"async\" width=\"1024\" height=\"594\" src=\"https:\/\/www.ctf-fce.ca\/wp-content\/uploads\/2025\/09\/TT-logo-colour-FR-1024x594.png\" alt=\"Enseigner ensemble\" class=\"wp-image-13193 size-full\" srcset=\"https:\/\/www.ctf-fce.ca\/wp-content\/uploads\/2025\/09\/TT-logo-colour-FR-1024x594.png 1024w, https:\/\/www.ctf-fce.ca\/wp-content\/uploads\/2025\/09\/TT-logo-colour-FR-300x174.png 300w, https:\/\/www.ctf-fce.ca\/wp-content\/uploads\/2025\/09\/TT-logo-colour-FR-768x445.png 768w, https:\/\/www.ctf-fce.ca\/wp-content\/uploads\/2025\/09\/TT-logo-colour-FR-1536x891.png 1536w, https:\/\/www.ctf-fce.ca\/wp-content\/uploads\/2025\/09\/TT-logo-colour-FR.png 1993w\" sizes=\"auto, (max-width: 1024px) 100vw, 1024px\" \/><\/figure><\/div>\n\n\n\n<div class=\"wp-block-columns add-margin-top add-maring-bottom is-layout-flex wp-container-core-columns-is-layout-9d6595d7 wp-block-columns-is-layout-flex\">\n<div class=\"wp-block-column block-color-gray is-layout-flow wp-block-column-is-layout-flow\">\n<h3 class=\"wp-block-heading\">Note importante<\/h3>\n\n\n\n<p>La participation au programme Enseigner ensemble est b\u00e9n\u00e9vole. En effet, tous les frais d\u2019administration, de d\u00e9placement et de s\u00e9jour sont assum\u00e9s par la CTF\/FCE et ses organisations membres, mais les personnes participantes ne touchent pas de salaire ou d\u2019honoraires. De plus, en raison de la nature du travail, les membres de la famille et les amies ou amis ne peuvent pas accompagner les participantes et participants ni pendant le stage d\u2019orientation pr\u00e9d\u00e9part ni pendant l\u2019affectation outre-mer.<\/p>\n<\/div>\n\n\n\n<div class=\"wp-block-column block-color-gray is-layout-flow wp-block-column-is-layout-flow\">\n<h3 class=\"wp-block-heading\">Ressources <\/h3>\n\n\n\n<p>Les documents ci-dessous contiennent de plus amples renseignements&nbsp;:<\/p>\n\n\n\n<ol class=\"wp-block-list\">\n<li><a href=\"https:\/\/www.ctf-fce.ca\/wp-content\/uploads\/2024\/09\/TT-pamphlet-FR.pdf\" target=\"_blank\" rel=\"noreferrer noopener\">Pamphlet<\/a><\/li>\n\n\n\n<li><a href=\"https:\/\/www.ctf-fce.ca\/wp-content\/uploads\/2024\/09\/Enseigner-ensemble-Formulaire-de-candidature.pdf\" target=\"_blank\" rel=\"noreferrer noopener\">Formulaire de demande<\/a><\/li>\n\n\n\n<li><a href=\"https:\/\/www.ctf-fce.ca\/wp-content\/uploads\/2024\/05\/TT-INFO-FR-1.pdf\" target=\"_blank\" rel=\"noreferrer noopener\">Directives aux candidat-e-s<\/a><\/li>\n\n\n\n<li><a href=\"https:\/\/www.ctf-fce.ca\/wp-content\/uploads\/2024\/09\/TT-FAQ-FR.pdf\" target=\"_blank\" rel=\"noreferrer noopener\">Foire aux questions<\/a><\/li>\n<\/ol>\n\n\n\n<p><\/p>\n<\/div>\n<\/div>\n\n\n\n<div class=\"wp-block-columns add-margin-top is-layout-flex wp-container-core-columns-is-layout-9d6595d7 wp-block-columns-is-layout-flex\">\n<div class=\"wp-block-column is-layout-flow wp-block-column-is-layout-flow\">\n<h2 class=\"wp-block-heading\">Comment pr\u00e9senter une demande<\/h2>\n\n\n\n<p>Les personnes qui d\u00e9sirent participer au programme Enseigner ensemble doivent pr\u00e9senter leur demande par l\u2019interm\u00e9diaire de leur <a href=\"https:\/\/www.ctf-fce.ca\/fr\/qui-nous-sommes\/organisations-membres\/\">organisation provinciale ou territoriale<\/a> de l\u2019enseignement.<\/p>\n\n\n\n<p>Les dates limites de pr\u00e9sentation des demandes sont fix\u00e9es par les organisations membres et vont de la fin octobre au d\u00e9but d\u00e9cembre.  <\/p>\n<\/div>\n\n\n\n<div class=\"wp-block-column is-layout-flow wp-block-column-is-layout-flow\">\n<h2 class=\"wp-block-heading\">Questions et contact<\/h2>\n\n\n\n<p>Vous avez des questions? Allez lire la <a href=\"https:\/\/www.ctf-fce.ca\/wp-content\/uploads\/2024\/05\/TT-FAQ-FR.pdf\" target=\"_blank\" rel=\"noreferrer noopener\">Foire aux questions<\/a> ou contactez votre organisation membre.<\/p>\n<\/div>\n<\/div>\n\n\n\n<div style=\"height:68px\" aria-hidden=\"true\" class=\"wp-block-spacer\"><\/div>\n\n\n\n<div class=\"wp-block-columns is-layout-flex wp-container-core-columns-is-layout-9d6595d7 wp-block-columns-is-layout-flex\">\n<div class=\"wp-block-column is-layout-flow wp-block-column-is-layout-flow\">\n<h2 class=\"wp-block-heading\">T\u00e9moignages<\/h2>\n\n\n\n<figure class=\"wp-block-embed is-type-video is-provider-youtube wp-block-embed-youtube wp-embed-aspect-16-9 wp-has-aspect-ratio\"><div class=\"wp-block-embed__wrapper\">\n<iframe loading=\"lazy\" title=\"Enseigner ensemble : T\u00e9moignage de Claudine Bodson\" width=\"500\" height=\"281\" src=\"https:\/\/www.youtube.com\/embed\/nKz0yYGzonA?feature=oembed\" frameborder=\"0\" allow=\"accelerometer; autoplay; clipboard-write; encrypted-media; gyroscope; picture-in-picture; web-share\" referrerpolicy=\"strict-origin-when-cross-origin\" allowfullscreen><\/iframe>\n<\/div><\/figure>\n\n\n\n<p><\/p>\n<\/div>\n\n\n\n<div class=\"wp-block-column is-layout-flow wp-block-column-is-layout-flow\">\n<div style=\"height:44px\" aria-hidden=\"true\" class=\"wp-block-spacer\"><\/div>\n\n\n\n<div class=\"wp-block-advgb-images-slider advgb-images-slider-block advg-images-slider-111c9ef6-5321-46f6-83e5-919b0ac70834\"><div class=\"advgb-images-slider\" dir=\"ltr\"><div class=\"advgb-image-slider-item\"><img decoding=\"async\" src=\"https:\/\/www.ctf-fce.ca\/wp-content\/uploads\/2025\/12\/TT-Quote-FB-FR-1.png\" class=\"advgb-image-slider-img\" alt=\"\" style=\"width:100%;height:auto\"\/><div class=\"advgb-image-slider-item-info\" style=\"justify-content:center;align-items:center\"><\/div><\/div><div class=\"advgb-image-slider-item\"><img decoding=\"async\" src=\"https:\/\/www.ctf-fce.ca\/wp-content\/uploads\/2025\/12\/TT-Quote-FB-FR-2.png\" class=\"advgb-image-slider-img\" alt=\"\" style=\"width:100%;height:auto\"\/><div class=\"advgb-image-slider-item-info\" style=\"justify-content:center;align-items:center\"><\/div><\/div><div class=\"advgb-image-slider-item\"><img decoding=\"async\" src=\"https:\/\/www.ctf-fce.ca\/wp-content\/uploads\/2025\/12\/TT-Quote-FB-X-FR-3.png\" class=\"advgb-image-slider-img\" alt=\"\" style=\"width:100%;height:auto\"\/><div class=\"advgb-image-slider-item-info\" style=\"justify-content:center;align-items:center\"><\/div><\/div><div class=\"advgb-image-slider-item\"><img decoding=\"async\" src=\"https:\/\/www.ctf-fce.ca\/wp-content\/uploads\/2025\/12\/TT-Quote-X-FR-2.png\" class=\"advgb-image-slider-img\" alt=\"\" style=\"width:100%;height:auto\"\/><div class=\"advgb-image-slider-item-info\" style=\"justify-content:center;align-items:center\"><\/div><\/div><\/div><\/div>\n<\/div>\n<\/div>\n\n\n\n<p><\/p>\n","protected":false},"excerpt":{"rendered":"<p>Les enseignantes et enseignants apprennent mieux de personnes qui exercent leur profession. Note importante La participation au programme Enseigner ensemble est b\u00e9n\u00e9vole. En effet, tous les frais d\u2019administration, de d\u00e9placement et de s\u00e9jour sont assum\u00e9s par la CTF\/FCE et ses organisations membres, mais les personnes participantes ne touchent pas de salaire ou d\u2019honoraires. De plus, [&hellip;]<\/p>\n","protected":false},"author":1,"featured_media":13193,"parent":3423,"menu_order":0,"comment_status":"closed","ping_status":"closed","template":"","meta":{"_acf_changed":false,"advgb_blocks_editor_width":"","advgb_blocks_columns_visual_guide":"","footnotes":""},"class_list":["post-3381","page","type-page","status-publish","has-post-thumbnail","hentry"],"acf":[],"yoast_head":"<!-- This site is optimized with the Yoast SEO plugin v27.3 - https:\/\/yoast.com\/product\/yoast-seo-wordpress\/ -->\n<title>Enseigner ensemble - CTF-FCE<\/title>\n<meta name=\"description\" content=\"Les enseignantes et enseignants apprennent mieux de personnes qui exercent leur profession.\" \/>\n<meta name=\"robots\" content=\"index, follow, max-snippet:-1, max-image-preview:large, max-video-preview:-1\" \/>\n<link rel=\"canonical\" href=\"https:\/\/www.ctf-fce.ca\/fr\/nos-activites\/cooperation-au-developpement-international\/projet-outre-mer\/\" \/>\n<meta property=\"og:locale\" content=\"fr_FR\" \/>\n<meta property=\"og:type\" content=\"article\" \/>\n<meta property=\"og:title\" content=\"Enseigner ensemble - CTF-FCE\" \/>\n<meta property=\"og:description\" content=\"Les enseignantes et enseignants apprennent mieux de personnes qui exercent leur profession.\" \/>\n<meta property=\"og:url\" content=\"https:\/\/www.ctf-fce.ca\/fr\/nos-activites\/cooperation-au-developpement-international\/projet-outre-mer\/\" \/>\n<meta property=\"og:site_name\" content=\"CTF-FCE\" \/>\n<meta property=\"article:publisher\" content=\"https:\/\/www.facebook.com\/CTF.FCE\/\" \/>\n<meta property=\"article:modified_time\" content=\"2026-03-25T13:26:40+00:00\" \/>\n<meta property=\"og:image\" content=\"https:\/\/www.ctf-fce.ca\/wp-content\/uploads\/2025\/09\/TT-logo-colour-FR.png\" \/>\n\t<meta property=\"og:image:width\" content=\"1993\" \/>\n\t<meta property=\"og:image:height\" content=\"1156\" \/>\n\t<meta property=\"og:image:type\" content=\"image\/png\" \/>\n<meta name=\"twitter:card\" content=\"summary_large_image\" \/>\n<meta name=\"twitter:site\" content=\"@CTFFCE\" \/>\n<meta name=\"twitter:label1\" content=\"Dur\u00e9e de lecture estim\u00e9e\" \/>\n\t<meta name=\"twitter:data1\" content=\"3 minutes\" \/>\n<script type=\"application\/ld+json\" class=\"yoast-schema-graph\">{\"@context\":\"https:\\\/\\\/schema.org\",\"@graph\":[{\"@type\":\"WebPage\",\"@id\":\"https:\\\/\\\/www.ctf-fce.ca\\\/fr\\\/nos-activites\\\/cooperation-au-developpement-international\\\/projet-outre-mer\\\/\",\"url\":\"https:\\\/\\\/www.ctf-fce.ca\\\/fr\\\/nos-activites\\\/cooperation-au-developpement-international\\\/projet-outre-mer\\\/\",\"name\":\"Enseigner ensemble - CTF-FCE\",\"isPartOf\":{\"@id\":\"https:\\\/\\\/www.ctf-fce.ca\\\/fr\\\/#website\"},\"primaryImageOfPage\":{\"@id\":\"https:\\\/\\\/www.ctf-fce.ca\\\/fr\\\/nos-activites\\\/cooperation-au-developpement-international\\\/projet-outre-mer\\\/#primaryimage\"},\"image\":{\"@id\":\"https:\\\/\\\/www.ctf-fce.ca\\\/fr\\\/nos-activites\\\/cooperation-au-developpement-international\\\/projet-outre-mer\\\/#primaryimage\"},\"thumbnailUrl\":\"https:\\\/\\\/www.ctf-fce.ca\\\/wp-content\\\/uploads\\\/2025\\\/09\\\/TT-logo-colour-FR.png\",\"datePublished\":\"2020-02-08T03:06:51+00:00\",\"dateModified\":\"2026-03-25T13:26:40+00:00\",\"description\":\"Les enseignantes et enseignants apprennent mieux de personnes qui exercent leur profession.\",\"breadcrumb\":{\"@id\":\"https:\\\/\\\/www.ctf-fce.ca\\\/fr\\\/nos-activites\\\/cooperation-au-developpement-international\\\/projet-outre-mer\\\/#breadcrumb\"},\"inLanguage\":\"fr-FR\",\"potentialAction\":[{\"@type\":\"ReadAction\",\"target\":[\"https:\\\/\\\/www.ctf-fce.ca\\\/fr\\\/nos-activites\\\/cooperation-au-developpement-international\\\/projet-outre-mer\\\/\"]}]},{\"@type\":\"ImageObject\",\"inLanguage\":\"fr-FR\",\"@id\":\"https:\\\/\\\/www.ctf-fce.ca\\\/fr\\\/nos-activites\\\/cooperation-au-developpement-international\\\/projet-outre-mer\\\/#primaryimage\",\"url\":\"https:\\\/\\\/www.ctf-fce.ca\\\/wp-content\\\/uploads\\\/2025\\\/09\\\/TT-logo-colour-FR.png\",\"contentUrl\":\"https:\\\/\\\/www.ctf-fce.ca\\\/wp-content\\\/uploads\\\/2025\\\/09\\\/TT-logo-colour-FR.png\",\"width\":1993,\"height\":1156},{\"@type\":\"BreadcrumbList\",\"@id\":\"https:\\\/\\\/www.ctf-fce.ca\\\/fr\\\/nos-activites\\\/cooperation-au-developpement-international\\\/projet-outre-mer\\\/#breadcrumb\",\"itemListElement\":[{\"@type\":\"ListItem\",\"position\":1,\"name\":\"Accueil\",\"item\":\"https:\\\/\\\/www.ctf-fce.ca\\\/fr\\\/\"},{\"@type\":\"ListItem\",\"position\":2,\"name\":\"Nos activit\u00e9s\",\"item\":\"https:\\\/\\\/www.ctf-fce.ca\\\/fr\\\/nos-activites\\\/\"},{\"@type\":\"ListItem\",\"position\":3,\"name\":\"Coop\u00e9ration au d\u00e9veloppement international\",\"item\":\"https:\\\/\\\/www.ctf-fce.ca\\\/fr\\\/nos-activites\\\/cooperation-au-developpement-international\\\/\"},{\"@type\":\"ListItem\",\"position\":4,\"name\":\"Enseigner ensemble\"}]},{\"@type\":\"WebSite\",\"@id\":\"https:\\\/\\\/www.ctf-fce.ca\\\/fr\\\/#website\",\"url\":\"https:\\\/\\\/www.ctf-fce.ca\\\/fr\\\/\",\"name\":\"CTF-FCE\",\"description\":\"\",\"publisher\":{\"@id\":\"https:\\\/\\\/www.ctf-fce.ca\\\/fr\\\/#organization\"},\"potentialAction\":[{\"@type\":\"SearchAction\",\"target\":{\"@type\":\"EntryPoint\",\"urlTemplate\":\"https:\\\/\\\/www.ctf-fce.ca\\\/fr\\\/?s={search_term_string}\"},\"query-input\":{\"@type\":\"PropertyValueSpecification\",\"valueRequired\":true,\"valueName\":\"search_term_string\"}}],\"inLanguage\":\"fr-FR\"},{\"@type\":\"Organization\",\"@id\":\"https:\\\/\\\/www.ctf-fce.ca\\\/fr\\\/#organization\",\"name\":\"CTF-FCE\",\"url\":\"https:\\\/\\\/www.ctf-fce.ca\\\/fr\\\/\",\"logo\":{\"@type\":\"ImageObject\",\"inLanguage\":\"fr-FR\",\"@id\":\"https:\\\/\\\/www.ctf-fce.ca\\\/fr\\\/#\\\/schema\\\/logo\\\/image\\\/\",\"url\":\"https:\\\/\\\/www.ctf-fce.ca\\\/wp-content\\\/uploads\\\/2020\\\/01\\\/ctf-fce-logo@2x.png\",\"contentUrl\":\"https:\\\/\\\/www.ctf-fce.ca\\\/wp-content\\\/uploads\\\/2020\\\/01\\\/ctf-fce-logo@2x.png\",\"width\":485,\"height\":146,\"caption\":\"CTF-FCE\"},\"image\":{\"@id\":\"https:\\\/\\\/www.ctf-fce.ca\\\/fr\\\/#\\\/schema\\\/logo\\\/image\\\/\"},\"sameAs\":[\"https:\\\/\\\/www.facebook.com\\\/CTF.FCE\\\/\",\"https:\\\/\\\/x.com\\\/CTFFCE\",\"https:\\\/\\\/www.instagram.com\\\/ctffce\\\/\",\"https:\\\/\\\/www.linkedin.com\\\/company\\\/canadian-teachers'\u200b-federation---f\u00e9d.-canadienne-des-enseignantes-et-des-enseignants\\\/\",\"https:\\\/\\\/www.youtube.com\\\/user\\\/canadianteachers\"]}]}<\/script>\n<!-- \/ Yoast SEO plugin. -->","yoast_head_json":{"title":"Enseigner ensemble - CTF-FCE","description":"Les enseignantes et enseignants apprennent mieux de personnes qui exercent leur profession.","robots":{"index":"index","follow":"follow","max-snippet":"max-snippet:-1","max-image-preview":"max-image-preview:large","max-video-preview":"max-video-preview:-1"},"canonical":"https:\/\/www.ctf-fce.ca\/fr\/nos-activites\/cooperation-au-developpement-international\/projet-outre-mer\/","og_locale":"fr_FR","og_type":"article","og_title":"Enseigner ensemble - CTF-FCE","og_description":"Les enseignantes et enseignants apprennent mieux de personnes qui exercent leur profession.","og_url":"https:\/\/www.ctf-fce.ca\/fr\/nos-activites\/cooperation-au-developpement-international\/projet-outre-mer\/","og_site_name":"CTF-FCE","article_publisher":"https:\/\/www.facebook.com\/CTF.FCE\/","article_modified_time":"2026-03-25T13:26:40+00:00","og_image":[{"width":1993,"height":1156,"url":"https:\/\/www.ctf-fce.ca\/wp-content\/uploads\/2025\/09\/TT-logo-colour-FR.png","type":"image\/png"}],"twitter_card":"summary_large_image","twitter_site":"@CTFFCE","twitter_misc":{"Dur\u00e9e de lecture estim\u00e9e":"3 minutes"},"schema":{"@context":"https:\/\/schema.org","@graph":[{"@type":"WebPage","@id":"https:\/\/www.ctf-fce.ca\/fr\/nos-activites\/cooperation-au-developpement-international\/projet-outre-mer\/","url":"https:\/\/www.ctf-fce.ca\/fr\/nos-activites\/cooperation-au-developpement-international\/projet-outre-mer\/","name":"Enseigner ensemble - CTF-FCE","isPartOf":{"@id":"https:\/\/www.ctf-fce.ca\/fr\/#website"},"primaryImageOfPage":{"@id":"https:\/\/www.ctf-fce.ca\/fr\/nos-activites\/cooperation-au-developpement-international\/projet-outre-mer\/#primaryimage"},"image":{"@id":"https:\/\/www.ctf-fce.ca\/fr\/nos-activites\/cooperation-au-developpement-international\/projet-outre-mer\/#primaryimage"},"thumbnailUrl":"https:\/\/www.ctf-fce.ca\/wp-content\/uploads\/2025\/09\/TT-logo-colour-FR.png","datePublished":"2020-02-08T03:06:51+00:00","dateModified":"2026-03-25T13:26:40+00:00","description":"Les enseignantes et enseignants apprennent mieux de personnes qui exercent leur profession.","breadcrumb":{"@id":"https:\/\/www.ctf-fce.ca\/fr\/nos-activites\/cooperation-au-developpement-international\/projet-outre-mer\/#breadcrumb"},"inLanguage":"fr-FR","potentialAction":[{"@type":"ReadAction","target":["https:\/\/www.ctf-fce.ca\/fr\/nos-activites\/cooperation-au-developpement-international\/projet-outre-mer\/"]}]},{"@type":"ImageObject","inLanguage":"fr-FR","@id":"https:\/\/www.ctf-fce.ca\/fr\/nos-activites\/cooperation-au-developpement-international\/projet-outre-mer\/#primaryimage","url":"https:\/\/www.ctf-fce.ca\/wp-content\/uploads\/2025\/09\/TT-logo-colour-FR.png","contentUrl":"https:\/\/www.ctf-fce.ca\/wp-content\/uploads\/2025\/09\/TT-logo-colour-FR.png","width":1993,"height":1156},{"@type":"BreadcrumbList","@id":"https:\/\/www.ctf-fce.ca\/fr\/nos-activites\/cooperation-au-developpement-international\/projet-outre-mer\/#breadcrumb","itemListElement":[{"@type":"ListItem","position":1,"name":"Accueil","item":"https:\/\/www.ctf-fce.ca\/fr\/"},{"@type":"ListItem","position":2,"name":"Nos activit\u00e9s","item":"https:\/\/www.ctf-fce.ca\/fr\/nos-activites\/"},{"@type":"ListItem","position":3,"name":"Coop\u00e9ration au d\u00e9veloppement international","item":"https:\/\/www.ctf-fce.ca\/fr\/nos-activites\/cooperation-au-developpement-international\/"},{"@type":"ListItem","position":4,"name":"Enseigner ensemble"}]},{"@type":"WebSite","@id":"https:\/\/www.ctf-fce.ca\/fr\/#website","url":"https:\/\/www.ctf-fce.ca\/fr\/","name":"CTF-FCE","description":"","publisher":{"@id":"https:\/\/www.ctf-fce.ca\/fr\/#organization"},"potentialAction":[{"@type":"SearchAction","target":{"@type":"EntryPoint","urlTemplate":"https:\/\/www.ctf-fce.ca\/fr\/?s={search_term_string}"},"query-input":{"@type":"PropertyValueSpecification","valueRequired":true,"valueName":"search_term_string"}}],"inLanguage":"fr-FR"},{"@type":"Organization","@id":"https:\/\/www.ctf-fce.ca\/fr\/#organization","name":"CTF-FCE","url":"https:\/\/www.ctf-fce.ca\/fr\/","logo":{"@type":"ImageObject","inLanguage":"fr-FR","@id":"https:\/\/www.ctf-fce.ca\/fr\/#\/schema\/logo\/image\/","url":"https:\/\/www.ctf-fce.ca\/wp-content\/uploads\/2020\/01\/ctf-fce-logo@2x.png","contentUrl":"https:\/\/www.ctf-fce.ca\/wp-content\/uploads\/2020\/01\/ctf-fce-logo@2x.png","width":485,"height":146,"caption":"CTF-FCE"},"image":{"@id":"https:\/\/www.ctf-fce.ca\/fr\/#\/schema\/logo\/image\/"},"sameAs":["https:\/\/www.facebook.com\/CTF.FCE\/","https:\/\/x.com\/CTFFCE","https:\/\/www.instagram.com\/ctffce\/","https:\/\/www.linkedin.com\/company\/canadian-teachers'\u200b-federation---f\u00e9d.-canadienne-des-enseignantes-et-des-enseignants\/","https:\/\/www.youtube.com\/user\/canadianteachers"]}]}},"coauthors":[],"author_meta":{"author_link":"https:\/\/www.ctf-fce.ca\/fr\/author\/contactkeshocommunications-ca\/","display_name":"contact@keshocommunications.ca"},"relative_dates":{"created":"Publi\u00e9 6 ans il y a","modified":"Mis \u00e0 jour 2 semaines il y a"},"absolute_dates":{"created":"Publi\u00e9 le 7 f\u00e9vrier 2020","modified":"Mise \u00e0 jour le 25 mars 2026"},"absolute_dates_time":{"created":"Publi\u00e9 le 7 f\u00e9vrier 2020 22h06","modified":"Mise \u00e0 jour le 25 mars 2026 9h26"},"featured_img_caption":"","featured_img":"https:\/\/www.ctf-fce.ca\/wp-content\/uploads\/2025\/09\/TT-logo-colour-FR.png","series_order":"","_links":{"self":[{"href":"https:\/\/www.ctf-fce.ca\/fr\/wp-json\/wp\/v2\/pages\/3381","targetHints":{"allow":["GET"]}}],"collection":[{"href":"https:\/\/www.ctf-fce.ca\/fr\/wp-json\/wp\/v2\/pages"}],"about":[{"href":"https:\/\/www.ctf-fce.ca\/fr\/wp-json\/wp\/v2\/types\/page"}],"author":[{"embeddable":true,"href":"https:\/\/www.ctf-fce.ca\/fr\/wp-json\/wp\/v2\/users\/1"}],"replies":[{"embeddable":true,"href":"https:\/\/www.ctf-fce.ca\/fr\/wp-json\/wp\/v2\/comments?post=3381"}],"version-history":[{"count":1,"href":"https:\/\/www.ctf-fce.ca\/fr\/wp-json\/wp\/v2\/pages\/3381\/revisions"}],"predecessor-version":[{"id":14907,"href":"https:\/\/www.ctf-fce.ca\/fr\/wp-json\/wp\/v2\/pages\/3381\/revisions\/14907"}],"up":[{"embeddable":true,"href":"https:\/\/www.ctf-fce.ca\/fr\/wp-json\/wp\/v2\/pages\/3423"}],"wp:featuredmedia":[{"embeddable":true,"href":"https:\/\/www.ctf-fce.ca\/fr\/wp-json\/wp\/v2\/media\/13193"}],"wp:attachment":[{"href":"https:\/\/www.ctf-fce.ca\/fr\/wp-json\/wp\/v2\/media?parent=3381"}],"curies":[{"name":"wp","href":"https:\/\/api.w.org\/{rel}","templated":true}]}}