{"id":3423,"date":"2020-01-21T22:55:39","date_gmt":"2020-01-22T03:55:39","guid":{"rendered":"http:\/\/184.107.41.70\/~ctffce\/nos-activites\/international-development-cooperation\/"},"modified":"2025-07-07T21:49:44","modified_gmt":"2025-07-08T01:49:44","slug":"cooperation-au-developpement-international","status":"publish","type":"page","link":"https:\/\/www.ctf-fce.ca\/fr\/nos-activites\/cooperation-au-developpement-international\/","title":{"rendered":"Coop\u00e9ration au d\u00e9veloppement international"},"content":{"rendered":"\n<div class=\"wp-block-media-text alignwide has-media-on-the-right\"><div class=\"wp-block-media-text__content\">\n<p>L\u2019\u00e9ducation constitue la pierre angulaire de toutes les formes de d\u00e9veloppement (politique, \u00e9conomique et social) aux \u00e9chelons personnel, communautaire, national et international. Et la coop\u00e9ration au d\u00e9veloppement international en \u00e9ducation a pour but ultime d\u2019am\u00e9liorer la vie des gens.<\/p>\n\n\n\n<p>Gr\u00e2ce au soutien de ses <a href=\"https:\/\/www.ctf-fce.ca\/fr\/qui-nous-sommes\/organisations-membres\/\">organisations membres<\/a>, la CTF\/FCE m\u00e8ne des activit\u00e9s de coop\u00e9ration au d\u00e9veloppement qui favorisent dans le monde entier une \u00e9ducation publique, inclusive et de qualit\u00e9 :<\/p>\n\n\n\n<ul class=\"wp-block-list\">\n<li>en offrant des programmes de <a href=\"https:\/\/www.ctf-fce.ca\/fr\/nos-activites\/cooperation-au-developpement-international\/perfectionnement-professionnel\/\">perfectionnement professionnel<\/a> pertinents con\u00e7us par le corps enseignant pour le corps enseignant;<\/li>\n\n\n\n<li>en d\u00e9fendant l\u2019<a href=\"https:\/\/www.ctf-fce.ca\/fr\/nos-activites\/cooperation-au-developpement-international\/gender-equity\/\">\u00e9galit\u00e9 des genres<\/a> et l\u2019autonomisation des filles et des femmes;<\/li>\n\n\n\n<li>en <a href=\"https:\/\/www.ctf-fce.ca\/fr\/nos-activites\/cooperation-au-developpement-international\/renforcement-des-capacites\/\">b\u00e2tissant et en renfor\u00e7ant les capacit\u00e9s<\/a> des organisations partenaires locales.\u00a0<\/li>\n<\/ul>\n<\/div><figure class=\"wp-block-media-text__media\"><img loading=\"lazy\" decoding=\"async\" width=\"1024\" height=\"683\" src=\"https:\/\/www.ctf-fce.ca\/wp-content\/uploads\/2020\/03\/iStock-487324538-int-dev-2-1024x683.jpg\" alt=\"\" class=\"wp-image-4600 size-full\" srcset=\"https:\/\/www.ctf-fce.ca\/wp-content\/uploads\/2020\/03\/iStock-487324538-int-dev-2-1024x683.jpg 1024w, https:\/\/www.ctf-fce.ca\/wp-content\/uploads\/2020\/03\/iStock-487324538-int-dev-2-300x200.jpg 300w, https:\/\/www.ctf-fce.ca\/wp-content\/uploads\/2020\/03\/iStock-487324538-int-dev-2-768x512.jpg 768w, https:\/\/www.ctf-fce.ca\/wp-content\/uploads\/2020\/03\/iStock-487324538-int-dev-2-391x260.jpg 391w, https:\/\/www.ctf-fce.ca\/wp-content\/uploads\/2020\/03\/iStock-487324538-int-dev-2-1536x1024.jpg 1536w, https:\/\/www.ctf-fce.ca\/wp-content\/uploads\/2020\/03\/iStock-487324538-int-dev-2-2048x1366.jpg 2048w, https:\/\/www.ctf-fce.ca\/wp-content\/uploads\/2020\/03\/iStock-487324538-int-dev-2-600x400.jpg 600w\" sizes=\"auto, (max-width: 1024px) 100vw, 1024px\" \/><\/figure><\/div>\n\n\n\n<h2 class=\"wp-block-heading\">Les principes qui guident notre travail<\/h2>\n\n\n\n<ul class=\"wp-block-list\">\n<li>Tous les enfants ont droit \u00e0 une \u00e9ducation publique de qualit\u00e9;<\/li>\n\n\n\n<li>Tous les membres de la profession enseignante ont le droit d\u2019adh\u00e9rer \u00e0 des organisations et des syndicats de l\u2019enseignement solides;<\/li>\n\n\n\n<li>L\u2019\u00e9quit\u00e9 entre les genres et l\u2019autonomisation des filles et des femmes dans le milieu de l\u2019\u00e9ducation et la soci\u00e9t\u00e9 en g\u00e9n\u00e9ral constituent les moteurs de d\u00e9veloppement les plus efficaces;\u00a0<\/li>\n\n\n\n<li>Pour \u00eatre efficace, la coop\u00e9ration au d\u00e9veloppement doit passer par la collaboration pour r\u00e9pondre aux besoins des partenaires et contribuer \u00e0 l\u2019atteinte de leurs objectifs.\u00a0<\/li>\n<\/ul>\n\n\n\n<p>En tant que membre de l\u2019<a href=\"https:\/\/www.ei-ie.org\/fr\" target=\"_blank\" rel=\"noreferrer noopener\">Internationale de l\u2019\u00c9ducation<\/a> (IE), la CTF\/FCE contribue \u00e0 l\u2019atteinte des <a rel=\"noreferrer noopener\" aria-label=\" (opens in a new tab)\" href=\"https:\/\/www.undp.org\/content\/undp\/fr\/home\/sustainable-development-goals.html\" target=\"_blank\">Objectifs de d\u00e9veloppement durable <\/a>(ODD) des Nations Unies gr\u00e2ce \u00e0 ses projets de coop\u00e9ration au d\u00e9veloppement. Nous nous concentrons plus particuli\u00e8rement sur l\u2019ODD n<sup>o<\/sup>&nbsp;4 (<a rel=\"noreferrer noopener\" aria-label=\" (opens in a new tab)\" href=\"https:\/\/www.undp.org\/content\/undp\/fr\/home\/sustainable-development-goals\/goal-4-quality-education.html\" target=\"_blank\">\u00c9ducation de qualit\u00e9<\/a>) et l\u2019ODD n<sup>o<\/sup>&nbsp;5 (<a rel=\"noreferrer noopener\" aria-label=\" (opens in a new tab)\" href=\"https:\/\/www.undp.org\/content\/undp\/fr\/home\/sustainable-development-goals\/goal-5-gender-equality.html\" target=\"_blank\">\u00c9galit\u00e9 entre les sexes<\/a>), et continuons de mobiliser les enseignantes et enseignants, au Canada comme \u00e0 l\u2019\u00e9tranger, en faveur d\u2019une \u00e9ducation universelle de qualit\u00e9. <\/p>\n","protected":false},"excerpt":{"rendered":"<p>Les principes qui guident notre travail En tant que membre de l\u2019Internationale de l\u2019\u00c9ducation (IE), la CTF\/FCE contribue \u00e0 l\u2019atteinte des Objectifs de d\u00e9veloppement durable (ODD) des Nations Unies gr\u00e2ce \u00e0 ses projets de coop\u00e9ration au d\u00e9veloppement. Nous nous concentrons plus particuli\u00e8rement sur l\u2019ODD no&nbsp;4 (\u00c9ducation de qualit\u00e9) et l\u2019ODD no&nbsp;5 (\u00c9galit\u00e9 entre les sexes), [&hellip;]<\/p>\n","protected":false},"author":1,"featured_media":0,"parent":3096,"menu_order":0,"comment_status":"closed","ping_status":"closed","template":"","meta":{"_acf_changed":false,"advgb_blocks_editor_width":"","advgb_blocks_columns_visual_guide":"","footnotes":""},"class_list":["post-3423","page","type-page","status-publish","hentry"],"acf":[],"yoast_head":"<!-- This site is optimized with the Yoast SEO plugin v27.3 - https:\/\/yoast.com\/product\/yoast-seo-wordpress\/ -->\n<title>Coop\u00e9ration au d\u00e9veloppement international - CTF-FCE<\/title>\n<meta name=\"robots\" content=\"index, follow, max-snippet:-1, max-image-preview:large, max-video-preview:-1\" \/>\n<link rel=\"canonical\" href=\"https:\/\/www.ctf-fce.ca\/fr\/nos-activites\/cooperation-au-developpement-international\/\" \/>\n<meta property=\"og:locale\" content=\"fr_FR\" \/>\n<meta property=\"og:type\" content=\"article\" \/>\n<meta property=\"og:title\" content=\"Coop\u00e9ration au d\u00e9veloppement international - CTF-FCE\" \/>\n<meta property=\"og:description\" content=\"Les principes qui guident notre travail En tant que membre de l\u2019Internationale de l\u2019\u00c9ducation (IE), la CTF\/FCE contribue \u00e0 l\u2019atteinte des Objectifs de d\u00e9veloppement durable (ODD) des Nations Unies gr\u00e2ce \u00e0 ses projets de coop\u00e9ration au d\u00e9veloppement. Nous nous concentrons plus particuli\u00e8rement sur l\u2019ODD no&nbsp;4 (\u00c9ducation de qualit\u00e9) et l\u2019ODD no&nbsp;5 (\u00c9galit\u00e9 entre les sexes), [&hellip;]\" \/>\n<meta property=\"og:url\" content=\"https:\/\/www.ctf-fce.ca\/fr\/nos-activites\/cooperation-au-developpement-international\/\" \/>\n<meta property=\"og:site_name\" content=\"CTF-FCE\" \/>\n<meta property=\"article:publisher\" content=\"https:\/\/www.facebook.com\/CTF.FCE\/\" \/>\n<meta property=\"article:modified_time\" content=\"2025-07-08T01:49:44+00:00\" \/>\n<meta property=\"og:image\" content=\"https:\/\/www.ctf-fce.ca\/wp-content\/uploads\/2020\/03\/iStock-487324538-int-dev-2.jpg\" \/>\n\t<meta property=\"og:image:width\" content=\"2560\" \/>\n\t<meta property=\"og:image:height\" content=\"1707\" \/>\n\t<meta property=\"og:image:type\" content=\"image\/jpeg\" \/>\n<meta name=\"twitter:card\" content=\"summary_large_image\" \/>\n<meta name=\"twitter:site\" content=\"@CTFFCE\" \/>\n<meta name=\"twitter:label1\" content=\"Dur\u00e9e de lecture estim\u00e9e\" \/>\n\t<meta name=\"twitter:data1\" content=\"2 minutes\" \/>\n<script type=\"application\/ld+json\" class=\"yoast-schema-graph\">{\"@context\":\"https:\\\/\\\/schema.org\",\"@graph\":[{\"@type\":\"WebPage\",\"@id\":\"https:\\\/\\\/www.ctf-fce.ca\\\/fr\\\/nos-activites\\\/cooperation-au-developpement-international\\\/\",\"url\":\"https:\\\/\\\/www.ctf-fce.ca\\\/fr\\\/nos-activites\\\/cooperation-au-developpement-international\\\/\",\"name\":\"Coop\u00e9ration au d\u00e9veloppement international - CTF-FCE\",\"isPartOf\":{\"@id\":\"https:\\\/\\\/www.ctf-fce.ca\\\/fr\\\/#website\"},\"primaryImageOfPage\":{\"@id\":\"https:\\\/\\\/www.ctf-fce.ca\\\/fr\\\/nos-activites\\\/cooperation-au-developpement-international\\\/#primaryimage\"},\"image\":{\"@id\":\"https:\\\/\\\/www.ctf-fce.ca\\\/fr\\\/nos-activites\\\/cooperation-au-developpement-international\\\/#primaryimage\"},\"thumbnailUrl\":\"https:\\\/\\\/www.ctf-fce.ca\\\/wp-content\\\/uploads\\\/2020\\\/03\\\/iStock-487324538-int-dev-2-1024x683.jpg\",\"datePublished\":\"2020-01-22T03:55:39+00:00\",\"dateModified\":\"2025-07-08T01:49:44+00:00\",\"breadcrumb\":{\"@id\":\"https:\\\/\\\/www.ctf-fce.ca\\\/fr\\\/nos-activites\\\/cooperation-au-developpement-international\\\/#breadcrumb\"},\"inLanguage\":\"fr-FR\",\"potentialAction\":[{\"@type\":\"ReadAction\",\"target\":[\"https:\\\/\\\/www.ctf-fce.ca\\\/fr\\\/nos-activites\\\/cooperation-au-developpement-international\\\/\"]}]},{\"@type\":\"ImageObject\",\"inLanguage\":\"fr-FR\",\"@id\":\"https:\\\/\\\/www.ctf-fce.ca\\\/fr\\\/nos-activites\\\/cooperation-au-developpement-international\\\/#primaryimage\",\"url\":\"https:\\\/\\\/www.ctf-fce.ca\\\/wp-content\\\/uploads\\\/2020\\\/03\\\/iStock-487324538-int-dev-2-1024x683.jpg\",\"contentUrl\":\"https:\\\/\\\/www.ctf-fce.ca\\\/wp-content\\\/uploads\\\/2020\\\/03\\\/iStock-487324538-int-dev-2-1024x683.jpg\"},{\"@type\":\"BreadcrumbList\",\"@id\":\"https:\\\/\\\/www.ctf-fce.ca\\\/fr\\\/nos-activites\\\/cooperation-au-developpement-international\\\/#breadcrumb\",\"itemListElement\":[{\"@type\":\"ListItem\",\"position\":1,\"name\":\"Accueil\",\"item\":\"https:\\\/\\\/www.ctf-fce.ca\\\/fr\\\/\"},{\"@type\":\"ListItem\",\"position\":2,\"name\":\"Nos activit\u00e9s\",\"item\":\"https:\\\/\\\/www.ctf-fce.ca\\\/fr\\\/nos-activites\\\/\"},{\"@type\":\"ListItem\",\"position\":3,\"name\":\"Coop\u00e9ration au d\u00e9veloppement international\"}]},{\"@type\":\"WebSite\",\"@id\":\"https:\\\/\\\/www.ctf-fce.ca\\\/fr\\\/#website\",\"url\":\"https:\\\/\\\/www.ctf-fce.ca\\\/fr\\\/\",\"name\":\"CTF-FCE\",\"description\":\"\",\"publisher\":{\"@id\":\"https:\\\/\\\/www.ctf-fce.ca\\\/fr\\\/#organization\"},\"potentialAction\":[{\"@type\":\"SearchAction\",\"target\":{\"@type\":\"EntryPoint\",\"urlTemplate\":\"https:\\\/\\\/www.ctf-fce.ca\\\/fr\\\/?s={search_term_string}\"},\"query-input\":{\"@type\":\"PropertyValueSpecification\",\"valueRequired\":true,\"valueName\":\"search_term_string\"}}],\"inLanguage\":\"fr-FR\"},{\"@type\":\"Organization\",\"@id\":\"https:\\\/\\\/www.ctf-fce.ca\\\/fr\\\/#organization\",\"name\":\"CTF-FCE\",\"url\":\"https:\\\/\\\/www.ctf-fce.ca\\\/fr\\\/\",\"logo\":{\"@type\":\"ImageObject\",\"inLanguage\":\"fr-FR\",\"@id\":\"https:\\\/\\\/www.ctf-fce.ca\\\/fr\\\/#\\\/schema\\\/logo\\\/image\\\/\",\"url\":\"https:\\\/\\\/www.ctf-fce.ca\\\/wp-content\\\/uploads\\\/2020\\\/01\\\/ctf-fce-logo@2x.png\",\"contentUrl\":\"https:\\\/\\\/www.ctf-fce.ca\\\/wp-content\\\/uploads\\\/2020\\\/01\\\/ctf-fce-logo@2x.png\",\"width\":485,\"height\":146,\"caption\":\"CTF-FCE\"},\"image\":{\"@id\":\"https:\\\/\\\/www.ctf-fce.ca\\\/fr\\\/#\\\/schema\\\/logo\\\/image\\\/\"},\"sameAs\":[\"https:\\\/\\\/www.facebook.com\\\/CTF.FCE\\\/\",\"https:\\\/\\\/x.com\\\/CTFFCE\",\"https:\\\/\\\/www.instagram.com\\\/ctffce\\\/\",\"https:\\\/\\\/www.linkedin.com\\\/company\\\/canadian-teachers'\u200b-federation---f\u00e9d.-canadienne-des-enseignantes-et-des-enseignants\\\/\",\"https:\\\/\\\/www.youtube.com\\\/user\\\/canadianteachers\"]}]}<\/script>\n<!-- \/ Yoast SEO plugin. -->","yoast_head_json":{"title":"Coop\u00e9ration au d\u00e9veloppement international - CTF-FCE","robots":{"index":"index","follow":"follow","max-snippet":"max-snippet:-1","max-image-preview":"max-image-preview:large","max-video-preview":"max-video-preview:-1"},"canonical":"https:\/\/www.ctf-fce.ca\/fr\/nos-activites\/cooperation-au-developpement-international\/","og_locale":"fr_FR","og_type":"article","og_title":"Coop\u00e9ration au d\u00e9veloppement international - CTF-FCE","og_description":"Les principes qui guident notre travail En tant que membre de l\u2019Internationale de l\u2019\u00c9ducation (IE), la CTF\/FCE contribue \u00e0 l\u2019atteinte des Objectifs de d\u00e9veloppement durable (ODD) des Nations Unies gr\u00e2ce \u00e0 ses projets de coop\u00e9ration au d\u00e9veloppement. Nous nous concentrons plus particuli\u00e8rement sur l\u2019ODD no&nbsp;4 (\u00c9ducation de qualit\u00e9) et l\u2019ODD no&nbsp;5 (\u00c9galit\u00e9 entre les sexes), [&hellip;]","og_url":"https:\/\/www.ctf-fce.ca\/fr\/nos-activites\/cooperation-au-developpement-international\/","og_site_name":"CTF-FCE","article_publisher":"https:\/\/www.facebook.com\/CTF.FCE\/","article_modified_time":"2025-07-08T01:49:44+00:00","og_image":[{"width":2560,"height":1707,"url":"https:\/\/www.ctf-fce.ca\/wp-content\/uploads\/2020\/03\/iStock-487324538-int-dev-2.jpg","type":"image\/jpeg"}],"twitter_card":"summary_large_image","twitter_site":"@CTFFCE","twitter_misc":{"Dur\u00e9e de lecture estim\u00e9e":"2 minutes"},"schema":{"@context":"https:\/\/schema.org","@graph":[{"@type":"WebPage","@id":"https:\/\/www.ctf-fce.ca\/fr\/nos-activites\/cooperation-au-developpement-international\/","url":"https:\/\/www.ctf-fce.ca\/fr\/nos-activites\/cooperation-au-developpement-international\/","name":"Coop\u00e9ration au d\u00e9veloppement international - CTF-FCE","isPartOf":{"@id":"https:\/\/www.ctf-fce.ca\/fr\/#website"},"primaryImageOfPage":{"@id":"https:\/\/www.ctf-fce.ca\/fr\/nos-activites\/cooperation-au-developpement-international\/#primaryimage"},"image":{"@id":"https:\/\/www.ctf-fce.ca\/fr\/nos-activites\/cooperation-au-developpement-international\/#primaryimage"},"thumbnailUrl":"https:\/\/www.ctf-fce.ca\/wp-content\/uploads\/2020\/03\/iStock-487324538-int-dev-2-1024x683.jpg","datePublished":"2020-01-22T03:55:39+00:00","dateModified":"2025-07-08T01:49:44+00:00","breadcrumb":{"@id":"https:\/\/www.ctf-fce.ca\/fr\/nos-activites\/cooperation-au-developpement-international\/#breadcrumb"},"inLanguage":"fr-FR","potentialAction":[{"@type":"ReadAction","target":["https:\/\/www.ctf-fce.ca\/fr\/nos-activites\/cooperation-au-developpement-international\/"]}]},{"@type":"ImageObject","inLanguage":"fr-FR","@id":"https:\/\/www.ctf-fce.ca\/fr\/nos-activites\/cooperation-au-developpement-international\/#primaryimage","url":"https:\/\/www.ctf-fce.ca\/wp-content\/uploads\/2020\/03\/iStock-487324538-int-dev-2-1024x683.jpg","contentUrl":"https:\/\/www.ctf-fce.ca\/wp-content\/uploads\/2020\/03\/iStock-487324538-int-dev-2-1024x683.jpg"},{"@type":"BreadcrumbList","@id":"https:\/\/www.ctf-fce.ca\/fr\/nos-activites\/cooperation-au-developpement-international\/#breadcrumb","itemListElement":[{"@type":"ListItem","position":1,"name":"Accueil","item":"https:\/\/www.ctf-fce.ca\/fr\/"},{"@type":"ListItem","position":2,"name":"Nos activit\u00e9s","item":"https:\/\/www.ctf-fce.ca\/fr\/nos-activites\/"},{"@type":"ListItem","position":3,"name":"Coop\u00e9ration au d\u00e9veloppement international"}]},{"@type":"WebSite","@id":"https:\/\/www.ctf-fce.ca\/fr\/#website","url":"https:\/\/www.ctf-fce.ca\/fr\/","name":"CTF-FCE","description":"","publisher":{"@id":"https:\/\/www.ctf-fce.ca\/fr\/#organization"},"potentialAction":[{"@type":"SearchAction","target":{"@type":"EntryPoint","urlTemplate":"https:\/\/www.ctf-fce.ca\/fr\/?s={search_term_string}"},"query-input":{"@type":"PropertyValueSpecification","valueRequired":true,"valueName":"search_term_string"}}],"inLanguage":"fr-FR"},{"@type":"Organization","@id":"https:\/\/www.ctf-fce.ca\/fr\/#organization","name":"CTF-FCE","url":"https:\/\/www.ctf-fce.ca\/fr\/","logo":{"@type":"ImageObject","inLanguage":"fr-FR","@id":"https:\/\/www.ctf-fce.ca\/fr\/#\/schema\/logo\/image\/","url":"https:\/\/www.ctf-fce.ca\/wp-content\/uploads\/2020\/01\/ctf-fce-logo@2x.png","contentUrl":"https:\/\/www.ctf-fce.ca\/wp-content\/uploads\/2020\/01\/ctf-fce-logo@2x.png","width":485,"height":146,"caption":"CTF-FCE"},"image":{"@id":"https:\/\/www.ctf-fce.ca\/fr\/#\/schema\/logo\/image\/"},"sameAs":["https:\/\/www.facebook.com\/CTF.FCE\/","https:\/\/x.com\/CTFFCE","https:\/\/www.instagram.com\/ctffce\/","https:\/\/www.linkedin.com\/company\/canadian-teachers'\u200b-federation---f\u00e9d.-canadienne-des-enseignantes-et-des-enseignants\/","https:\/\/www.youtube.com\/user\/canadianteachers"]}]}},"coauthors":[],"author_meta":{"author_link":"https:\/\/www.ctf-fce.ca\/fr\/author\/contactkeshocommunications-ca\/","display_name":"contact@keshocommunications.ca"},"relative_dates":{"created":"Publi\u00e9 6 ans il y a","modified":"Mis \u00e0 jour 9 mois il y a"},"absolute_dates":{"created":"Publi\u00e9 le 21 janvier 2020","modified":"Mise \u00e0 jour le 7 juillet 2025"},"absolute_dates_time":{"created":"Publi\u00e9 le 21 janvier 2020 22h55","modified":"Mise \u00e0 jour le 7 juillet 2025 21h49"},"featured_img_caption":"","featured_img":false,"series_order":"","_links":{"self":[{"href":"https:\/\/www.ctf-fce.ca\/fr\/wp-json\/wp\/v2\/pages\/3423","targetHints":{"allow":["GET"]}}],"collection":[{"href":"https:\/\/www.ctf-fce.ca\/fr\/wp-json\/wp\/v2\/pages"}],"about":[{"href":"https:\/\/www.ctf-fce.ca\/fr\/wp-json\/wp\/v2\/types\/page"}],"author":[{"embeddable":true,"href":"https:\/\/www.ctf-fce.ca\/fr\/wp-json\/wp\/v2\/users\/1"}],"replies":[{"embeddable":true,"href":"https:\/\/www.ctf-fce.ca\/fr\/wp-json\/wp\/v2\/comments?post=3423"}],"version-history":[{"count":0,"href":"https:\/\/www.ctf-fce.ca\/fr\/wp-json\/wp\/v2\/pages\/3423\/revisions"}],"up":[{"embeddable":true,"href":"https:\/\/www.ctf-fce.ca\/fr\/wp-json\/wp\/v2\/pages\/3096"}],"wp:attachment":[{"href":"https:\/\/www.ctf-fce.ca\/fr\/wp-json\/wp\/v2\/media?parent=3423"}],"curies":[{"name":"wp","href":"https:\/\/api.w.org\/{rel}","templated":true}]}}