{"id":3543,"date":"2020-01-21T22:53:28","date_gmt":"2020-01-22T03:53:28","guid":{"rendered":"http:\/\/184.107.41.70\/~ctffce\/notre-structure\/board-of-directors\/"},"modified":"2026-02-19T09:07:47","modified_gmt":"2026-02-19T14:07:47","slug":"conseil-dadministration","status":"publish","type":"page","link":"https:\/\/www.ctf-fce.ca\/fr\/notre-structure\/conseil-dadministration\/","title":{"rendered":"Conseil d&rsquo;administration"},"content":{"rendered":"\n<h2 class=\"wp-block-heading\" id=\"membres-du-conseil-d-administration\">Membres du Conseil d\u2019administration<\/h2>\n\n\n\n<div class=\"wp-block-media-text alignwide has-media-on-the-right is-stacked-on-mobile is-vertically-aligned-top\"><div class=\"wp-block-media-text__content\">\n<p>Le Conseil d\u2019administration est responsable des affaires de la F\u00e9d\u00e9ration entre les assembl\u00e9es g\u00e9n\u00e9rales. Il d\u00e9finit l\u2019orientation politique \u00e0 prendre \u00e0 l\u2019\u00e9gard des dossiers prioritaires et assure la surveillance g\u00e9n\u00e9rale de la gestion de la CTF\/FCE, plus particuli\u00e8rement de la planification strat\u00e9gique, des questions financi\u00e8res et comptables, des ressources humaines et des principes directeurs. Le Conseil se r\u00e9unit en novembre, en avril, avant l\u2019Assembl\u00e9e g\u00e9n\u00e9rale annuelle et au besoin en f\u00e9vrier. Il se compose des personnes suivantes&nbsp;:<\/p>\n\n\n\n<ul class=\"wp-block-list\">\n<li>le pr\u00e9sident ou la pr\u00e9sidente;<\/li>\n\n\n\n<li>les vice-pr\u00e9sidentes et vice-pr\u00e9sidents;<\/li>\n\n\n\n<li>le pr\u00e9sident d\u00e9sign\u00e9 ou la pr\u00e9sidente d\u00e9sign\u00e9e (s\u2019il y a lieu);<\/li>\n\n\n\n<li>le directeur g\u00e9n\u00e9ral ou la directrice g\u00e9n\u00e9rale;<\/li>\n\n\n\n<li>deux administrateurs ou administratrices avec droit de vote de chaque organisation membre;<\/li>\n\n\n\n<li>un administrateur ou une administratrice sans droit de vote nomm\u00e9 par chaque <a href=\"https:\/\/www.ctf-fce.ca\/fr\/qui-nous-sommes\/organisations-membres\/\">organisation associ\u00e9e<\/a> et une observatrice permanente ou un observateur permanent de chaque organisation associ\u00e9e \u00e9lu conform\u00e9ment aux R\u00e9glements administratifs.<\/li>\n<\/ul>\n\n\n\n<p>Le pr\u00e9sident ou la pr\u00e9sidente de la CTF\/FCE exerce un mandat de deux ans. Les vice-pr\u00e9sidentes et vice-pr\u00e9sidents exercent \u00e9galement un mandat de deux ans qui co\u00efncide avec celui du pr\u00e9sident ou de la pr\u00e9sidente. Une personne est \u00e9lue \u00e0 la pr\u00e9sidence d\u00e9sign\u00e9e pendant la deuxi\u00e8me ann\u00e9e.<\/p>\n\n\n\n<div style=\"height:72px\" aria-hidden=\"true\" class=\"wp-block-spacer\"><\/div>\n\n\n\n<h3 class=\"wp-block-heading\" id=\"tribune-de-la-federation\">La Tribune de la F\u00e9d\u00e9ration<\/h3>\n\n\n\n<p>La CTF\/FCE a d\u00e9cid\u00e9 de lancer <strong><em>La Tribune de la F\u00e9d\u00e9ration<\/em><\/strong> afin de mettre en lumi\u00e8re les enjeux nationaux en mati\u00e8re d\u2019\u00e9ducation publique. Diffus\u00e9e trois fois par an, cette infolettre vise \u00e0 informer les adh\u00e9rentes et adh\u00e9rents des organisations membres du travail accompli par le Conseil d\u2019administration de la CTF\/FCE dans le domaine de l\u2019\u00e9ducation publique \u00e0 l\u2019\u00e9chelle nationale.<\/p>\n\n\n\n<p class=\"advgb-dyn-d4e83ee2\">Adh\u00e9rentes et adh\u00e9rents peuvent recevoir <em>La Tribune de la F\u00e9d\u00e9ration<\/em> par courriel en <a href=\"https:\/\/ctf-fce.us3.list-manage.com\/subscribe?u=f3c958efae9f16378eb44e953&amp;id=3899e296c3\" target=\"_blank\" rel=\"noreferrer noopener\">s\u2019y inscrivant ou en modifiant leurs pr\u00e9f\u00e9rences<\/a>.<\/p>\n\n\n\n<div style=\"height:13px\" aria-hidden=\"true\" class=\"wp-block-spacer\"><\/div>\n<\/div><figure class=\"wp-block-media-text__media\"><img loading=\"lazy\" decoding=\"async\" width=\"1024\" height=\"593\" src=\"https:\/\/www.ctf-fce.ca\/wp-content\/uploads\/2025\/12\/Board-edited-1-1-1024x593.jpg\" alt=\"\" class=\"wp-image-14218 size-full\" srcset=\"https:\/\/www.ctf-fce.ca\/wp-content\/uploads\/2025\/12\/Board-edited-1-1-1024x593.jpg 1024w, https:\/\/www.ctf-fce.ca\/wp-content\/uploads\/2025\/12\/Board-edited-1-1-300x174.jpg 300w, https:\/\/www.ctf-fce.ca\/wp-content\/uploads\/2025\/12\/Board-edited-1-1-768x445.jpg 768w, https:\/\/www.ctf-fce.ca\/wp-content\/uploads\/2025\/12\/Board-edited-1-1-1536x890.jpg 1536w, https:\/\/www.ctf-fce.ca\/wp-content\/uploads\/2025\/12\/Board-edited-1-1.jpg 1775w\" sizes=\"auto, (max-width: 1024px) 100vw, 1024px\" \/><\/figure><\/div>\n\n\n\n<div class=\"wp-block-columns is-layout-flex wp-container-core-columns-is-layout-9d6595d7 wp-block-columns-is-layout-flex\">\n<div class=\"wp-block-column is-layout-flow wp-block-column-is-layout-flow\">\n<figure class=\"wp-block-image size-large is-resized\"><img loading=\"lazy\" decoding=\"async\" width=\"1024\" height=\"705\" src=\"https:\/\/www.ctf-fce.ca\/wp-content\/uploads\/2025\/12\/Tribune-news-Web-banner-FR-1-1024x705.jpg\" alt=\"\" class=\"wp-image-14287\" style=\"width:274px;height:auto\" srcset=\"https:\/\/www.ctf-fce.ca\/wp-content\/uploads\/2025\/12\/Tribune-news-Web-banner-FR-1-1024x705.jpg 1024w, https:\/\/www.ctf-fce.ca\/wp-content\/uploads\/2025\/12\/Tribune-news-Web-banner-FR-1-300x207.jpg 300w, https:\/\/www.ctf-fce.ca\/wp-content\/uploads\/2025\/12\/Tribune-news-Web-banner-FR-1-768x529.jpg 768w, https:\/\/www.ctf-fce.ca\/wp-content\/uploads\/2025\/12\/Tribune-news-Web-banner-FR-1.jpg 1300w\" sizes=\"auto, (max-width: 1024px) 100vw, 1024px\" \/><\/figure>\n\n\n\n<div style=\"height:19px\" aria-hidden=\"true\" class=\"wp-block-spacer\"><\/div>\n\n\n\n<p><strong>Novembre 2025<\/strong><\/p>\n\n\n\n<div class=\"wp-block-buttons is-layout-flex wp-block-buttons-is-layout-flex\">\n<div class=\"wp-block-button cta cta-level-1\"><a class=\"wp-block-button__link wp-element-button\" href=\"https:\/\/www.ctf-fce.ca\/wp-content\/uploads\/2025\/12\/The-Governance-Gazette-newspaper-WEB-FR-FINAL.pdf\" target=\"_blank\" rel=\"noreferrer noopener\">T\u00e9l\u00e9chargez (PDF)<\/a><\/div>\n<\/div>\n\n\n\n<div style=\"height:20px\" aria-hidden=\"true\" class=\"wp-block-spacer\"><\/div>\n\n\n\n<p><em>Une <a href=\"https:\/\/www.ctf-fce.ca\/wp-content\/uploads\/2025\/12\/The-Governance-Gazette-newspaper-PRINT-FR-FINAL.pdf\" target=\"_blank\" rel=\"noreferrer noopener\">version imprimable<\/a> est \u00e9galement disponible.<\/em><\/p>\n<\/div>\n\n\n\n<div class=\"wp-block-column is-layout-flow wp-block-column-is-layout-flow\"><\/div>\n<\/div>\n","protected":false},"excerpt":{"rendered":"<p>Membres du Conseil d\u2019administration Novembre 2025 Une version imprimable est \u00e9galement disponible.<\/p>\n","protected":false},"author":1,"featured_media":0,"parent":3090,"menu_order":0,"comment_status":"closed","ping_status":"closed","template":"page-board-of-directors.php","meta":{"_acf_changed":false,"advgb_blocks_editor_width":"","advgb_blocks_columns_visual_guide":"","footnotes":""},"class_list":["post-3543","page","type-page","status-publish","hentry"],"acf":[],"yoast_head":"<!-- This site is optimized with the Yoast SEO plugin v27.4 - https:\/\/yoast.com\/product\/yoast-seo-wordpress\/ -->\n<title>Conseil d&#039;administration - CTF-FCE<\/title>\n<meta name=\"robots\" content=\"index, follow, max-snippet:-1, max-image-preview:large, max-video-preview:-1\" \/>\n<link rel=\"canonical\" href=\"https:\/\/www.ctf-fce.ca\/fr\/notre-structure\/conseil-dadministration\/\" \/>\n<meta property=\"og:locale\" content=\"fr_FR\" \/>\n<meta property=\"og:type\" content=\"article\" \/>\n<meta property=\"og:title\" content=\"Conseil d&#039;administration - CTF-FCE\" \/>\n<meta property=\"og:description\" content=\"Membres du Conseil d\u2019administration Novembre 2025 Une version imprimable est \u00e9galement disponible.\" \/>\n<meta property=\"og:url\" content=\"https:\/\/www.ctf-fce.ca\/fr\/notre-structure\/conseil-dadministration\/\" \/>\n<meta property=\"og:site_name\" content=\"CTF-FCE\" \/>\n<meta property=\"article:publisher\" content=\"https:\/\/www.facebook.com\/CTF.FCE\/\" \/>\n<meta property=\"article:modified_time\" content=\"2026-02-19T14:07:47+00:00\" \/>\n<meta property=\"og:image\" content=\"https:\/\/www.ctf-fce.ca\/wp-content\/uploads\/2025\/12\/Board-edited-1-1-1024x593.jpg\" \/>\n\t<meta property=\"og:image:width\" content=\"1024\" \/>\n\t<meta property=\"og:image:height\" content=\"593\" \/>\n\t<meta property=\"og:image:type\" content=\"image\/jpeg\" \/>\n<meta name=\"twitter:card\" content=\"summary_large_image\" \/>\n<meta name=\"twitter:site\" content=\"@CTFFCE\" \/>\n<meta name=\"twitter:label1\" content=\"Dur\u00e9e de lecture estim\u00e9e\" \/>\n\t<meta name=\"twitter:data1\" content=\"3 minutes\" \/>\n<script type=\"application\/ld+json\" class=\"yoast-schema-graph\">{\"@context\":\"https:\\\/\\\/schema.org\",\"@graph\":[{\"@type\":\"WebPage\",\"@id\":\"https:\\\/\\\/www.ctf-fce.ca\\\/fr\\\/notre-structure\\\/conseil-dadministration\\\/\",\"url\":\"https:\\\/\\\/www.ctf-fce.ca\\\/fr\\\/notre-structure\\\/conseil-dadministration\\\/\",\"name\":\"Conseil d'administration - CTF-FCE\",\"isPartOf\":{\"@id\":\"https:\\\/\\\/www.ctf-fce.ca\\\/fr\\\/#website\"},\"primaryImageOfPage\":{\"@id\":\"https:\\\/\\\/www.ctf-fce.ca\\\/fr\\\/notre-structure\\\/conseil-dadministration\\\/#primaryimage\"},\"image\":{\"@id\":\"https:\\\/\\\/www.ctf-fce.ca\\\/fr\\\/notre-structure\\\/conseil-dadministration\\\/#primaryimage\"},\"thumbnailUrl\":\"https:\\\/\\\/www.ctf-fce.ca\\\/wp-content\\\/uploads\\\/2025\\\/12\\\/Board-edited-1-1-1024x593.jpg\",\"datePublished\":\"2020-01-22T03:53:28+00:00\",\"dateModified\":\"2026-02-19T14:07:47+00:00\",\"breadcrumb\":{\"@id\":\"https:\\\/\\\/www.ctf-fce.ca\\\/fr\\\/notre-structure\\\/conseil-dadministration\\\/#breadcrumb\"},\"inLanguage\":\"fr-FR\",\"potentialAction\":[{\"@type\":\"ReadAction\",\"target\":[\"https:\\\/\\\/www.ctf-fce.ca\\\/fr\\\/notre-structure\\\/conseil-dadministration\\\/\"]}]},{\"@type\":\"ImageObject\",\"inLanguage\":\"fr-FR\",\"@id\":\"https:\\\/\\\/www.ctf-fce.ca\\\/fr\\\/notre-structure\\\/conseil-dadministration\\\/#primaryimage\",\"url\":\"https:\\\/\\\/www.ctf-fce.ca\\\/wp-content\\\/uploads\\\/2025\\\/12\\\/Board-edited-1-1-1024x593.jpg\",\"contentUrl\":\"https:\\\/\\\/www.ctf-fce.ca\\\/wp-content\\\/uploads\\\/2025\\\/12\\\/Board-edited-1-1-1024x593.jpg\"},{\"@type\":\"BreadcrumbList\",\"@id\":\"https:\\\/\\\/www.ctf-fce.ca\\\/fr\\\/notre-structure\\\/conseil-dadministration\\\/#breadcrumb\",\"itemListElement\":[{\"@type\":\"ListItem\",\"position\":1,\"name\":\"Accueil\",\"item\":\"https:\\\/\\\/www.ctf-fce.ca\\\/fr\\\/\"},{\"@type\":\"ListItem\",\"position\":2,\"name\":\"Notre structure\",\"item\":\"https:\\\/\\\/www.ctf-fce.ca\\\/fr\\\/notre-structure\\\/\"},{\"@type\":\"ListItem\",\"position\":3,\"name\":\"Conseil d&#8217;administration\"}]},{\"@type\":\"WebSite\",\"@id\":\"https:\\\/\\\/www.ctf-fce.ca\\\/fr\\\/#website\",\"url\":\"https:\\\/\\\/www.ctf-fce.ca\\\/fr\\\/\",\"name\":\"CTF-FCE\",\"description\":\"\",\"publisher\":{\"@id\":\"https:\\\/\\\/www.ctf-fce.ca\\\/fr\\\/#organization\"},\"potentialAction\":[{\"@type\":\"SearchAction\",\"target\":{\"@type\":\"EntryPoint\",\"urlTemplate\":\"https:\\\/\\\/www.ctf-fce.ca\\\/fr\\\/?s={search_term_string}\"},\"query-input\":{\"@type\":\"PropertyValueSpecification\",\"valueRequired\":true,\"valueName\":\"search_term_string\"}}],\"inLanguage\":\"fr-FR\"},{\"@type\":\"Organization\",\"@id\":\"https:\\\/\\\/www.ctf-fce.ca\\\/fr\\\/#organization\",\"name\":\"CTF-FCE\",\"url\":\"https:\\\/\\\/www.ctf-fce.ca\\\/fr\\\/\",\"logo\":{\"@type\":\"ImageObject\",\"inLanguage\":\"fr-FR\",\"@id\":\"https:\\\/\\\/www.ctf-fce.ca\\\/fr\\\/#\\\/schema\\\/logo\\\/image\\\/\",\"url\":\"https:\\\/\\\/www.ctf-fce.ca\\\/wp-content\\\/uploads\\\/2020\\\/01\\\/ctf-fce-logo@2x.png\",\"contentUrl\":\"https:\\\/\\\/www.ctf-fce.ca\\\/wp-content\\\/uploads\\\/2020\\\/01\\\/ctf-fce-logo@2x.png\",\"width\":485,\"height\":146,\"caption\":\"CTF-FCE\"},\"image\":{\"@id\":\"https:\\\/\\\/www.ctf-fce.ca\\\/fr\\\/#\\\/schema\\\/logo\\\/image\\\/\"},\"sameAs\":[\"https:\\\/\\\/www.facebook.com\\\/CTF.FCE\\\/\",\"https:\\\/\\\/x.com\\\/CTFFCE\",\"https:\\\/\\\/www.instagram.com\\\/ctffce\\\/\",\"https:\\\/\\\/www.linkedin.com\\\/company\\\/canadian-teachers'\u200b-federation---f\u00e9d.-canadienne-des-enseignantes-et-des-enseignants\\\/\",\"https:\\\/\\\/www.youtube.com\\\/user\\\/canadianteachers\"]}]}<\/script>\n<!-- \/ Yoast SEO plugin. -->","yoast_head_json":{"title":"Conseil d'administration - CTF-FCE","robots":{"index":"index","follow":"follow","max-snippet":"max-snippet:-1","max-image-preview":"max-image-preview:large","max-video-preview":"max-video-preview:-1"},"canonical":"https:\/\/www.ctf-fce.ca\/fr\/notre-structure\/conseil-dadministration\/","og_locale":"fr_FR","og_type":"article","og_title":"Conseil d'administration - CTF-FCE","og_description":"Membres du Conseil d\u2019administration Novembre 2025 Une version imprimable est \u00e9galement disponible.","og_url":"https:\/\/www.ctf-fce.ca\/fr\/notre-structure\/conseil-dadministration\/","og_site_name":"CTF-FCE","article_publisher":"https:\/\/www.facebook.com\/CTF.FCE\/","article_modified_time":"2026-02-19T14:07:47+00:00","og_image":[{"width":1024,"height":593,"url":"https:\/\/www.ctf-fce.ca\/wp-content\/uploads\/2025\/12\/Board-edited-1-1-1024x593.jpg","type":"image\/jpeg"}],"twitter_card":"summary_large_image","twitter_site":"@CTFFCE","twitter_misc":{"Dur\u00e9e de lecture estim\u00e9e":"3 minutes"},"schema":{"@context":"https:\/\/schema.org","@graph":[{"@type":"WebPage","@id":"https:\/\/www.ctf-fce.ca\/fr\/notre-structure\/conseil-dadministration\/","url":"https:\/\/www.ctf-fce.ca\/fr\/notre-structure\/conseil-dadministration\/","name":"Conseil d'administration - CTF-FCE","isPartOf":{"@id":"https:\/\/www.ctf-fce.ca\/fr\/#website"},"primaryImageOfPage":{"@id":"https:\/\/www.ctf-fce.ca\/fr\/notre-structure\/conseil-dadministration\/#primaryimage"},"image":{"@id":"https:\/\/www.ctf-fce.ca\/fr\/notre-structure\/conseil-dadministration\/#primaryimage"},"thumbnailUrl":"https:\/\/www.ctf-fce.ca\/wp-content\/uploads\/2025\/12\/Board-edited-1-1-1024x593.jpg","datePublished":"2020-01-22T03:53:28+00:00","dateModified":"2026-02-19T14:07:47+00:00","breadcrumb":{"@id":"https:\/\/www.ctf-fce.ca\/fr\/notre-structure\/conseil-dadministration\/#breadcrumb"},"inLanguage":"fr-FR","potentialAction":[{"@type":"ReadAction","target":["https:\/\/www.ctf-fce.ca\/fr\/notre-structure\/conseil-dadministration\/"]}]},{"@type":"ImageObject","inLanguage":"fr-FR","@id":"https:\/\/www.ctf-fce.ca\/fr\/notre-structure\/conseil-dadministration\/#primaryimage","url":"https:\/\/www.ctf-fce.ca\/wp-content\/uploads\/2025\/12\/Board-edited-1-1-1024x593.jpg","contentUrl":"https:\/\/www.ctf-fce.ca\/wp-content\/uploads\/2025\/12\/Board-edited-1-1-1024x593.jpg"},{"@type":"BreadcrumbList","@id":"https:\/\/www.ctf-fce.ca\/fr\/notre-structure\/conseil-dadministration\/#breadcrumb","itemListElement":[{"@type":"ListItem","position":1,"name":"Accueil","item":"https:\/\/www.ctf-fce.ca\/fr\/"},{"@type":"ListItem","position":2,"name":"Notre structure","item":"https:\/\/www.ctf-fce.ca\/fr\/notre-structure\/"},{"@type":"ListItem","position":3,"name":"Conseil d&#8217;administration"}]},{"@type":"WebSite","@id":"https:\/\/www.ctf-fce.ca\/fr\/#website","url":"https:\/\/www.ctf-fce.ca\/fr\/","name":"CTF-FCE","description":"","publisher":{"@id":"https:\/\/www.ctf-fce.ca\/fr\/#organization"},"potentialAction":[{"@type":"SearchAction","target":{"@type":"EntryPoint","urlTemplate":"https:\/\/www.ctf-fce.ca\/fr\/?s={search_term_string}"},"query-input":{"@type":"PropertyValueSpecification","valueRequired":true,"valueName":"search_term_string"}}],"inLanguage":"fr-FR"},{"@type":"Organization","@id":"https:\/\/www.ctf-fce.ca\/fr\/#organization","name":"CTF-FCE","url":"https:\/\/www.ctf-fce.ca\/fr\/","logo":{"@type":"ImageObject","inLanguage":"fr-FR","@id":"https:\/\/www.ctf-fce.ca\/fr\/#\/schema\/logo\/image\/","url":"https:\/\/www.ctf-fce.ca\/wp-content\/uploads\/2020\/01\/ctf-fce-logo@2x.png","contentUrl":"https:\/\/www.ctf-fce.ca\/wp-content\/uploads\/2020\/01\/ctf-fce-logo@2x.png","width":485,"height":146,"caption":"CTF-FCE"},"image":{"@id":"https:\/\/www.ctf-fce.ca\/fr\/#\/schema\/logo\/image\/"},"sameAs":["https:\/\/www.facebook.com\/CTF.FCE\/","https:\/\/x.com\/CTFFCE","https:\/\/www.instagram.com\/ctffce\/","https:\/\/www.linkedin.com\/company\/canadian-teachers'\u200b-federation---f\u00e9d.-canadienne-des-enseignantes-et-des-enseignants\/","https:\/\/www.youtube.com\/user\/canadianteachers"]}]}},"coauthors":[],"author_meta":{"author_link":"https:\/\/www.ctf-fce.ca\/fr\/author\/contactkeshocommunications-ca\/","display_name":"contact@keshocommunications.ca"},"relative_dates":{"created":"Publi\u00e9 6 ans il y a","modified":"Mis \u00e0 jour 2 mois il y a"},"absolute_dates":{"created":"Publi\u00e9 le 21 janvier 2020","modified":"Mise \u00e0 jour le 19 f\u00e9vrier 2026"},"absolute_dates_time":{"created":"Publi\u00e9 le 21 janvier 2020 22h53","modified":"Mise \u00e0 jour le 19 f\u00e9vrier 2026 9h07"},"featured_img_caption":"","featured_img":false,"series_order":"","_links":{"self":[{"href":"https:\/\/www.ctf-fce.ca\/fr\/wp-json\/wp\/v2\/pages\/3543","targetHints":{"allow":["GET"]}}],"collection":[{"href":"https:\/\/www.ctf-fce.ca\/fr\/wp-json\/wp\/v2\/pages"}],"about":[{"href":"https:\/\/www.ctf-fce.ca\/fr\/wp-json\/wp\/v2\/types\/page"}],"author":[{"embeddable":true,"href":"https:\/\/www.ctf-fce.ca\/fr\/wp-json\/wp\/v2\/users\/1"}],"replies":[{"embeddable":true,"href":"https:\/\/www.ctf-fce.ca\/fr\/wp-json\/wp\/v2\/comments?post=3543"}],"version-history":[{"count":0,"href":"https:\/\/www.ctf-fce.ca\/fr\/wp-json\/wp\/v2\/pages\/3543\/revisions"}],"up":[{"embeddable":true,"href":"https:\/\/www.ctf-fce.ca\/fr\/wp-json\/wp\/v2\/pages\/3090"}],"wp:attachment":[{"href":"https:\/\/www.ctf-fce.ca\/fr\/wp-json\/wp\/v2\/media?parent=3543"}],"curies":[{"name":"wp","href":"https:\/\/api.w.org\/{rel}","templated":true}]}}