{"id":4140,"date":"2020-01-21T22:40:13","date_gmt":"2020-01-22T03:40:13","guid":{"rendered":"http:\/\/184.107.41.70\/~ctffce\/qui-nous-sommes\/about-us\/"},"modified":"2025-07-23T09:02:04","modified_gmt":"2025-07-23T13:02:04","slug":"a-notre-sujet","status":"publish","type":"page","link":"https:\/\/www.ctf-fce.ca\/fr\/qui-nous-sommes\/a-notre-sujet\/","title":{"rendered":"\u00c0 notre sujet"},"content":{"rendered":"\n<p>Fond\u00e9e en 1920, la F\u00e9d\u00e9ration canadienne des enseignantes et des enseignants (CTF\/FCE) est une alliance nationale d\u2019organisations provinciales et territoriales qui repr\u00e9sentent plus de 370 000 enseignantes et enseignants et autres travailleurs et travailleuses de l\u2019\u00e9ducation d\u2019un bout \u00e0 l\u2019autre du pays. Elle est aussi fi\u00e8re de faire partie de l\u2019Internationale de l\u2019\u00c9ducation, qui compte plus de 33 millions de membres parmi le personnel de l\u2019\u00e9ducation de par le monde.<\/p>\n\n\n\n<p>La CTF\/FCE s\u2019efforce d\u2019am\u00e9liorer concr\u00e8tement les choses pour le personnel enseignant et les autres travailleurs et travailleuses de l\u2019\u00e9ducation par le soutien qu\u2019elle offre \u00e0 ses organisations membres et associ\u00e9es; son action politique et ses efforts de mobilisation du public; ses programmes et ses travaux de recherche d\u2019envergure nationale; et bien plus encore. Elle milite de diff\u00e9rentes fa\u00e7ons en faveur de changements destin\u00e9s \u00e0 renforcer l\u2019\u00e9ducation publique au Canada et \u00e0 l\u2019\u00e9tranger :<\/p>\n\n\n\n<ul class=\"wp-block-list\">\n<li><strong>Action politique<\/strong> : Engager le dialogue avec le gouvernement f\u00e9d\u00e9ral, le grand public et d\u2019autres organisations afin d\u2019assurer \u00e0 l\u2019\u00e9ducation un financement ad\u00e9quat, de faire reconna\u00eetre le travail et l\u2019importance du personnel enseignant et des autres travailleurs et travailleuses de l\u2019\u00e9ducation, et de prot\u00e9ger et d\u2019am\u00e9liorer les conditions d\u2019enseignement et d\u2019apprentissage;<\/li>\n\n\n\n<li><strong>Collaboration<\/strong> : Travailler en partenariat avec les organisations membres et associ\u00e9es ainsi que des organisations nationales et internationales pour amener des changements qui consolideront l\u2019\u00e9ducation publique;<\/li>\n\n\n\n<li><strong>Mobilisation du public<\/strong> : Organiser des campagnes et des \u00e9v\u00e8nements audacieux qui encouragent l\u2019action collective et contribuent au changement syst\u00e9mique;<\/li>\n\n\n\n<li><strong>Recherche<\/strong> : Mener des travaux de recherche et publier des \u00e9tudes et rapports probants qui font conna\u00eetre les grandes pr\u00e9occupations du personnel de l\u2019\u00e9ducation et contribuent au renforcement de l\u2019\u00e9ducation publique;<\/li>\n\n\n\n<li><strong>Solidarit\u00e9<\/strong> : Soutenir les organisations membres et associ\u00e9es de la CTF\/FCE \u2014 et les syndicats de l\u2019enseignement du monde entier par le biais de l\u2019Internationale de l\u2019\u00c9ducation \u2014 en renfor\u00e7ant les capacit\u00e9s, en misant sur le perfectionnement professionnel et en r\u00e9pondant aux appels \u00e0 l\u2019action en temps de crise.<\/li>\n<\/ul>\n\n\n\n<p>La CTF\/FCE estime que l\u2019\u00e9ducation est le fondement de la d\u00e9mocratie et que chaque enfant au Canada a droit \u00e0 un acc\u00e8s \u00e9quitable \u00e0 une \u00e9ducation de qualit\u00e9, financ\u00e9e par l\u2019\u00c9tat.<\/p>\n\n\n\n<div class=\"wp-block-columns is-layout-flex wp-container-core-columns-is-layout-9d6595d7 wp-block-columns-is-layout-flex\">\n<div class=\"wp-block-column is-layout-flow wp-block-column-is-layout-flow\">\n<h2 class=\"wp-block-heading\">Notre vision<\/h2>\n\n\n\n<p>Un Canada o\u00f9 tous les enfants ont un acc\u00e8s \u00e9quitable \u00e0 une \u00e9ducation publique de qualit\u00e9.<\/p>\n\n\n\n<h2 class=\"wp-block-heading\">Notre raison d&rsquo;\u00eatre<\/h2>\n\n\n\n<p>Unir les organisations de l\u2019enseignement des provinces et des territoires sous une banni\u00e8re nationale pour promouvoir et d\u00e9fendre avec force l\u2019\u00e9ducation publique, les droits des travailleurs et travailleuses, et la justice sociale dans le secteur de l\u2019\u00e9ducation.<\/p>\n<\/div>\n\n\n\n<div class=\"wp-block-column is-layout-flow wp-block-column-is-layout-flow\">\n<h2 class=\"wp-block-heading\">Nos valeurs<\/h2>\n\n\n\n<h3 class=\"wp-block-heading\">D\u00e9claration sur les droits de la personne<\/h3>\n\n\n\n<h4 class=\"wp-block-heading\">La F\u00e9d\u00e9ration canadienne des enseignantes et des enseignants se fait un devoir :<\/h4>\n\n\n\n<ul class=\"wp-block-list\">\n<li>de fournir un milieu de travail o\u00f9 toutes les personnes sont trait\u00e9es avec respect et dignit\u00e9;<\/li>\n\n\n\n<li>de favoriser un environnement propice \u00e0 la coop\u00e9ration et \u00e0 la confiance pour prot\u00e9ger les droits de toutes les personnes;<\/li>\n\n\n\n<li>de rejeter et condamner les comportements qui minent la dignit\u00e9 ou l\u2019estime de soi des personnes ou l\u2019int\u00e9grit\u00e9 des relations;<\/li>\n\n\n\n<li>de promouvoir le respect mutuel, la compr\u00e9hension et la coop\u00e9ration comme bases des interactions entre toutes les personnes;<\/li>\n\n\n\n<li>de soutenir le droit d\u00e9mocratique des personnes membres ou d\u00e9l\u00e9gu\u00e9es de voter sans harc\u00e8lement ni intimidation.<\/li>\n<\/ul>\n<\/div>\n<\/div>\n\n\n\n<h2 class=\"wp-block-heading\">Chronologie historique<\/h2>\n\n\n\n<p><\/p>\n","protected":false},"excerpt":{"rendered":"<p>Fond\u00e9e en 1920, la F\u00e9d\u00e9ration canadienne des enseignantes et des enseignants (CTF\/FCE) est une alliance nationale d\u2019organisations provinciales et territoriales qui repr\u00e9sentent plus de 370 000 enseignantes et enseignants et autres travailleurs et travailleuses de l\u2019\u00e9ducation d\u2019un bout \u00e0 l\u2019autre du pays. Elle est aussi fi\u00e8re de faire partie de l\u2019Internationale de l\u2019\u00c9ducation, qui compte [&hellip;]<\/p>\n","protected":false},"author":1,"featured_media":0,"parent":3098,"menu_order":0,"comment_status":"closed","ping_status":"closed","template":"page-about_us.php","meta":{"_acf_changed":false,"advgb_blocks_editor_width":"","advgb_blocks_columns_visual_guide":"","footnotes":""},"class_list":["post-4140","page","type-page","status-publish","hentry"],"acf":[],"yoast_head":"<!-- This site is optimized with the Yoast SEO plugin v27.3 - https:\/\/yoast.com\/product\/yoast-seo-wordpress\/ -->\n<title>\u00c0 notre sujet - CTF-FCE<\/title>\n<meta name=\"robots\" content=\"index, follow, max-snippet:-1, max-image-preview:large, max-video-preview:-1\" \/>\n<link rel=\"canonical\" href=\"https:\/\/www.ctf-fce.ca\/fr\/qui-nous-sommes\/a-notre-sujet\/\" \/>\n<meta property=\"og:locale\" content=\"fr_FR\" \/>\n<meta property=\"og:type\" content=\"article\" \/>\n<meta property=\"og:title\" content=\"\u00c0 notre sujet - CTF-FCE\" \/>\n<meta property=\"og:description\" content=\"Fond\u00e9e en 1920, la F\u00e9d\u00e9ration canadienne des enseignantes et des enseignants (CTF\/FCE) est une alliance nationale d\u2019organisations provinciales et territoriales qui repr\u00e9sentent plus de 370 000 enseignantes et enseignants et autres travailleurs et travailleuses de l\u2019\u00e9ducation d\u2019un bout \u00e0 l\u2019autre du pays. Elle est aussi fi\u00e8re de faire partie de l\u2019Internationale de l\u2019\u00c9ducation, qui compte [&hellip;]\" \/>\n<meta property=\"og:url\" content=\"https:\/\/www.ctf-fce.ca\/fr\/qui-nous-sommes\/a-notre-sujet\/\" \/>\n<meta property=\"og:site_name\" content=\"CTF-FCE\" \/>\n<meta property=\"article:publisher\" content=\"https:\/\/www.facebook.com\/CTF.FCE\/\" \/>\n<meta property=\"article:modified_time\" content=\"2025-07-23T13:02:04+00:00\" \/>\n<meta property=\"og:image\" content=\"https:\/\/www.ctf-fce.ca\/wp-content\/uploads\/2020\/04\/ctf-fce-logo-social.png\" \/>\n\t<meta property=\"og:image:width\" content=\"1200\" \/>\n\t<meta property=\"og:image:height\" content=\"630\" \/>\n\t<meta property=\"og:image:type\" content=\"image\/png\" \/>\n<meta name=\"twitter:card\" content=\"summary_large_image\" \/>\n<meta name=\"twitter:site\" content=\"@CTFFCE\" \/>\n<meta name=\"twitter:label1\" content=\"Dur\u00e9e de lecture estim\u00e9e\" \/>\n\t<meta name=\"twitter:data1\" content=\"13 minutes\" \/>\n<script type=\"application\/ld+json\" class=\"yoast-schema-graph\">{\"@context\":\"https:\\\/\\\/schema.org\",\"@graph\":[{\"@type\":\"WebPage\",\"@id\":\"https:\\\/\\\/www.ctf-fce.ca\\\/fr\\\/qui-nous-sommes\\\/a-notre-sujet\\\/\",\"url\":\"https:\\\/\\\/www.ctf-fce.ca\\\/fr\\\/qui-nous-sommes\\\/a-notre-sujet\\\/\",\"name\":\"\u00c0 notre sujet - CTF-FCE\",\"isPartOf\":{\"@id\":\"https:\\\/\\\/www.ctf-fce.ca\\\/fr\\\/#website\"},\"datePublished\":\"2020-01-22T03:40:13+00:00\",\"dateModified\":\"2025-07-23T13:02:04+00:00\",\"breadcrumb\":{\"@id\":\"https:\\\/\\\/www.ctf-fce.ca\\\/fr\\\/qui-nous-sommes\\\/a-notre-sujet\\\/#breadcrumb\"},\"inLanguage\":\"fr-FR\",\"potentialAction\":[{\"@type\":\"ReadAction\",\"target\":[\"https:\\\/\\\/www.ctf-fce.ca\\\/fr\\\/qui-nous-sommes\\\/a-notre-sujet\\\/\"]}]},{\"@type\":\"BreadcrumbList\",\"@id\":\"https:\\\/\\\/www.ctf-fce.ca\\\/fr\\\/qui-nous-sommes\\\/a-notre-sujet\\\/#breadcrumb\",\"itemListElement\":[{\"@type\":\"ListItem\",\"position\":1,\"name\":\"Accueil\",\"item\":\"https:\\\/\\\/www.ctf-fce.ca\\\/fr\\\/\"},{\"@type\":\"ListItem\",\"position\":2,\"name\":\"Qui nous sommes\",\"item\":\"https:\\\/\\\/www.ctf-fce.ca\\\/fr\\\/qui-nous-sommes\\\/\"},{\"@type\":\"ListItem\",\"position\":3,\"name\":\"\u00c0 notre sujet\"}]},{\"@type\":\"WebSite\",\"@id\":\"https:\\\/\\\/www.ctf-fce.ca\\\/fr\\\/#website\",\"url\":\"https:\\\/\\\/www.ctf-fce.ca\\\/fr\\\/\",\"name\":\"CTF-FCE\",\"description\":\"\",\"publisher\":{\"@id\":\"https:\\\/\\\/www.ctf-fce.ca\\\/fr\\\/#organization\"},\"potentialAction\":[{\"@type\":\"SearchAction\",\"target\":{\"@type\":\"EntryPoint\",\"urlTemplate\":\"https:\\\/\\\/www.ctf-fce.ca\\\/fr\\\/?s={search_term_string}\"},\"query-input\":{\"@type\":\"PropertyValueSpecification\",\"valueRequired\":true,\"valueName\":\"search_term_string\"}}],\"inLanguage\":\"fr-FR\"},{\"@type\":\"Organization\",\"@id\":\"https:\\\/\\\/www.ctf-fce.ca\\\/fr\\\/#organization\",\"name\":\"CTF-FCE\",\"url\":\"https:\\\/\\\/www.ctf-fce.ca\\\/fr\\\/\",\"logo\":{\"@type\":\"ImageObject\",\"inLanguage\":\"fr-FR\",\"@id\":\"https:\\\/\\\/www.ctf-fce.ca\\\/fr\\\/#\\\/schema\\\/logo\\\/image\\\/\",\"url\":\"https:\\\/\\\/www.ctf-fce.ca\\\/wp-content\\\/uploads\\\/2020\\\/01\\\/ctf-fce-logo@2x.png\",\"contentUrl\":\"https:\\\/\\\/www.ctf-fce.ca\\\/wp-content\\\/uploads\\\/2020\\\/01\\\/ctf-fce-logo@2x.png\",\"width\":485,\"height\":146,\"caption\":\"CTF-FCE\"},\"image\":{\"@id\":\"https:\\\/\\\/www.ctf-fce.ca\\\/fr\\\/#\\\/schema\\\/logo\\\/image\\\/\"},\"sameAs\":[\"https:\\\/\\\/www.facebook.com\\\/CTF.FCE\\\/\",\"https:\\\/\\\/x.com\\\/CTFFCE\",\"https:\\\/\\\/www.instagram.com\\\/ctffce\\\/\",\"https:\\\/\\\/www.linkedin.com\\\/company\\\/canadian-teachers'\u200b-federation---f\u00e9d.-canadienne-des-enseignantes-et-des-enseignants\\\/\",\"https:\\\/\\\/www.youtube.com\\\/user\\\/canadianteachers\"]}]}<\/script>\n<!-- \/ Yoast SEO plugin. -->","yoast_head_json":{"title":"\u00c0 notre sujet - CTF-FCE","robots":{"index":"index","follow":"follow","max-snippet":"max-snippet:-1","max-image-preview":"max-image-preview:large","max-video-preview":"max-video-preview:-1"},"canonical":"https:\/\/www.ctf-fce.ca\/fr\/qui-nous-sommes\/a-notre-sujet\/","og_locale":"fr_FR","og_type":"article","og_title":"\u00c0 notre sujet - CTF-FCE","og_description":"Fond\u00e9e en 1920, la F\u00e9d\u00e9ration canadienne des enseignantes et des enseignants (CTF\/FCE) est une alliance nationale d\u2019organisations provinciales et territoriales qui repr\u00e9sentent plus de 370 000 enseignantes et enseignants et autres travailleurs et travailleuses de l\u2019\u00e9ducation d\u2019un bout \u00e0 l\u2019autre du pays. Elle est aussi fi\u00e8re de faire partie de l\u2019Internationale de l\u2019\u00c9ducation, qui compte [&hellip;]","og_url":"https:\/\/www.ctf-fce.ca\/fr\/qui-nous-sommes\/a-notre-sujet\/","og_site_name":"CTF-FCE","article_publisher":"https:\/\/www.facebook.com\/CTF.FCE\/","article_modified_time":"2025-07-23T13:02:04+00:00","og_image":[{"width":1200,"height":630,"url":"https:\/\/www.ctf-fce.ca\/wp-content\/uploads\/2020\/04\/ctf-fce-logo-social.png","type":"image\/png"}],"twitter_card":"summary_large_image","twitter_site":"@CTFFCE","twitter_misc":{"Dur\u00e9e de lecture estim\u00e9e":"13 minutes"},"schema":{"@context":"https:\/\/schema.org","@graph":[{"@type":"WebPage","@id":"https:\/\/www.ctf-fce.ca\/fr\/qui-nous-sommes\/a-notre-sujet\/","url":"https:\/\/www.ctf-fce.ca\/fr\/qui-nous-sommes\/a-notre-sujet\/","name":"\u00c0 notre sujet - CTF-FCE","isPartOf":{"@id":"https:\/\/www.ctf-fce.ca\/fr\/#website"},"datePublished":"2020-01-22T03:40:13+00:00","dateModified":"2025-07-23T13:02:04+00:00","breadcrumb":{"@id":"https:\/\/www.ctf-fce.ca\/fr\/qui-nous-sommes\/a-notre-sujet\/#breadcrumb"},"inLanguage":"fr-FR","potentialAction":[{"@type":"ReadAction","target":["https:\/\/www.ctf-fce.ca\/fr\/qui-nous-sommes\/a-notre-sujet\/"]}]},{"@type":"BreadcrumbList","@id":"https:\/\/www.ctf-fce.ca\/fr\/qui-nous-sommes\/a-notre-sujet\/#breadcrumb","itemListElement":[{"@type":"ListItem","position":1,"name":"Accueil","item":"https:\/\/www.ctf-fce.ca\/fr\/"},{"@type":"ListItem","position":2,"name":"Qui nous sommes","item":"https:\/\/www.ctf-fce.ca\/fr\/qui-nous-sommes\/"},{"@type":"ListItem","position":3,"name":"\u00c0 notre sujet"}]},{"@type":"WebSite","@id":"https:\/\/www.ctf-fce.ca\/fr\/#website","url":"https:\/\/www.ctf-fce.ca\/fr\/","name":"CTF-FCE","description":"","publisher":{"@id":"https:\/\/www.ctf-fce.ca\/fr\/#organization"},"potentialAction":[{"@type":"SearchAction","target":{"@type":"EntryPoint","urlTemplate":"https:\/\/www.ctf-fce.ca\/fr\/?s={search_term_string}"},"query-input":{"@type":"PropertyValueSpecification","valueRequired":true,"valueName":"search_term_string"}}],"inLanguage":"fr-FR"},{"@type":"Organization","@id":"https:\/\/www.ctf-fce.ca\/fr\/#organization","name":"CTF-FCE","url":"https:\/\/www.ctf-fce.ca\/fr\/","logo":{"@type":"ImageObject","inLanguage":"fr-FR","@id":"https:\/\/www.ctf-fce.ca\/fr\/#\/schema\/logo\/image\/","url":"https:\/\/www.ctf-fce.ca\/wp-content\/uploads\/2020\/01\/ctf-fce-logo@2x.png","contentUrl":"https:\/\/www.ctf-fce.ca\/wp-content\/uploads\/2020\/01\/ctf-fce-logo@2x.png","width":485,"height":146,"caption":"CTF-FCE"},"image":{"@id":"https:\/\/www.ctf-fce.ca\/fr\/#\/schema\/logo\/image\/"},"sameAs":["https:\/\/www.facebook.com\/CTF.FCE\/","https:\/\/x.com\/CTFFCE","https:\/\/www.instagram.com\/ctffce\/","https:\/\/www.linkedin.com\/company\/canadian-teachers'\u200b-federation---f\u00e9d.-canadienne-des-enseignantes-et-des-enseignants\/","https:\/\/www.youtube.com\/user\/canadianteachers"]}]}},"coauthors":[],"author_meta":{"author_link":"https:\/\/www.ctf-fce.ca\/fr\/author\/contactkeshocommunications-ca\/","display_name":"contact@keshocommunications.ca"},"relative_dates":{"created":"Publi\u00e9 6 ans il y a","modified":"Mis \u00e0 jour 9 mois il y a"},"absolute_dates":{"created":"Publi\u00e9 le 21 janvier 2020","modified":"Mise \u00e0 jour le 23 juillet 2025"},"absolute_dates_time":{"created":"Publi\u00e9 le 21 janvier 2020 22h40","modified":"Mise \u00e0 jour le 23 juillet 2025 9h02"},"featured_img_caption":"","featured_img":false,"series_order":"","_links":{"self":[{"href":"https:\/\/www.ctf-fce.ca\/fr\/wp-json\/wp\/v2\/pages\/4140","targetHints":{"allow":["GET"]}}],"collection":[{"href":"https:\/\/www.ctf-fce.ca\/fr\/wp-json\/wp\/v2\/pages"}],"about":[{"href":"https:\/\/www.ctf-fce.ca\/fr\/wp-json\/wp\/v2\/types\/page"}],"author":[{"embeddable":true,"href":"https:\/\/www.ctf-fce.ca\/fr\/wp-json\/wp\/v2\/users\/1"}],"replies":[{"embeddable":true,"href":"https:\/\/www.ctf-fce.ca\/fr\/wp-json\/wp\/v2\/comments?post=4140"}],"version-history":[{"count":0,"href":"https:\/\/www.ctf-fce.ca\/fr\/wp-json\/wp\/v2\/pages\/4140\/revisions"}],"up":[{"embeddable":true,"href":"https:\/\/www.ctf-fce.ca\/fr\/wp-json\/wp\/v2\/pages\/3098"}],"wp:attachment":[{"href":"https:\/\/www.ctf-fce.ca\/fr\/wp-json\/wp\/v2\/media?parent=4140"}],"curies":[{"name":"wp","href":"https:\/\/api.w.org\/{rel}","templated":true}]}}