{"id":4152,"date":"2020-01-21T23:03:15","date_gmt":"2020-01-22T04:03:15","guid":{"rendered":"http:\/\/184.107.41.70\/~ctffce\/medias\/graphics-standards\/"},"modified":"2025-12-09T14:38:42","modified_gmt":"2025-12-09T19:38:42","slug":"normes-graphiques","status":"publish","type":"page","link":"https:\/\/www.ctf-fce.ca\/fr\/medias\/normes-graphiques\/","title":{"rendered":"Normes graphiques"},"content":{"rendered":"\n<h2 class=\"wp-block-heading\">Nouveau si\u00e8cle! Nouveau logo!<\/h2>\n\n\n\n<p>La pomme incorpor\u00e9e dans la feuille d\u2019\u00e9rable rappelle que la F\u00e9d\u00e9ration repr\u00e9sente des enseignantes et enseignants du Canada. Toutes ses parties r\u00e9unies en forme de feuille d\u2019\u00e9rable donnent au logo une saveur canadienne, mais elles font \u00e9galement allusion au concept de f\u00e9d\u00e9ration par le fait qu\u2019elles s\u2019unissent pour atteindre un but commun. <\/p>\n\n\n\n<p>L\u2019utilisation des deux symboles les plus connus du monde de l\u2019enseignement (la pomme et la flamme de la connaissance) et du symbole national du Canada (la feuille d\u2019\u00e9rable) produit un harmonieux m\u00e9lange d\u2019\u00e9l\u00e9ments et de couleurs qui donnent un mouvement \u00e9nergique vers l\u2019avant (\u00e0 partir d\u2019une base solide en \u00e9ducation). <\/p>\n\n\n\n<p>L\u2019emploi de multiples couleurs renvoie \u00e0 la diversit\u00e9 sous toutes ses formes. <\/p>\n\n\n\n<p><\/p>\n","protected":false},"excerpt":{"rendered":"<p>Nouveau si\u00e8cle! Nouveau logo! La pomme incorpor\u00e9e dans la feuille d\u2019\u00e9rable rappelle que la F\u00e9d\u00e9ration repr\u00e9sente des enseignantes et enseignants du Canada. Toutes ses parties r\u00e9unies en forme de feuille d\u2019\u00e9rable donnent au logo une saveur canadienne, mais elles font \u00e9galement allusion au concept de f\u00e9d\u00e9ration par le fait qu\u2019elles s\u2019unissent pour atteindre un but [&hellip;]<\/p>\n","protected":false},"author":1,"featured_media":0,"parent":3092,"menu_order":0,"comment_status":"closed","ping_status":"closed","template":"page-graphics-standards.php","meta":{"_acf_changed":false,"advgb_blocks_editor_width":"","advgb_blocks_columns_visual_guide":"","footnotes":""},"class_list":["post-4152","page","type-page","status-publish","hentry"],"acf":[],"yoast_head":"<!-- This site is optimized with the Yoast SEO plugin v27.4 - https:\/\/yoast.com\/product\/yoast-seo-wordpress\/ -->\n<title>Normes graphiques - CTF-FCE<\/title>\n<meta name=\"robots\" content=\"index, follow, max-snippet:-1, max-image-preview:large, max-video-preview:-1\" \/>\n<link rel=\"canonical\" href=\"https:\/\/www.ctf-fce.ca\/fr\/medias\/normes-graphiques\/\" \/>\n<meta property=\"og:locale\" content=\"fr_FR\" \/>\n<meta property=\"og:type\" content=\"article\" \/>\n<meta property=\"og:title\" content=\"Normes graphiques - CTF-FCE\" \/>\n<meta property=\"og:description\" content=\"Nouveau si\u00e8cle! Nouveau logo! La pomme incorpor\u00e9e dans la feuille d\u2019\u00e9rable rappelle que la F\u00e9d\u00e9ration repr\u00e9sente des enseignantes et enseignants du Canada. Toutes ses parties r\u00e9unies en forme de feuille d\u2019\u00e9rable donnent au logo une saveur canadienne, mais elles font \u00e9galement allusion au concept de f\u00e9d\u00e9ration par le fait qu\u2019elles s\u2019unissent pour atteindre un but [&hellip;]\" \/>\n<meta property=\"og:url\" content=\"https:\/\/www.ctf-fce.ca\/fr\/medias\/normes-graphiques\/\" \/>\n<meta property=\"og:site_name\" content=\"CTF-FCE\" \/>\n<meta property=\"article:publisher\" content=\"https:\/\/www.facebook.com\/CTF.FCE\/\" \/>\n<meta property=\"article:modified_time\" content=\"2025-12-09T19:38:42+00:00\" \/>\n<meta property=\"og:image\" content=\"https:\/\/www.ctf-fce.ca\/wp-content\/uploads\/2020\/04\/ctf-fce-logo-social.png\" \/>\n\t<meta property=\"og:image:width\" content=\"1200\" \/>\n\t<meta property=\"og:image:height\" content=\"630\" \/>\n\t<meta property=\"og:image:type\" content=\"image\/png\" \/>\n<meta name=\"twitter:card\" content=\"summary_large_image\" \/>\n<meta name=\"twitter:site\" content=\"@CTFFCE\" \/>\n<meta name=\"twitter:label1\" content=\"Dur\u00e9e de lecture estim\u00e9e\" \/>\n\t<meta name=\"twitter:data1\" content=\"5 minutes\" \/>\n<script type=\"application\/ld+json\" class=\"yoast-schema-graph\">{\"@context\":\"https:\\\/\\\/schema.org\",\"@graph\":[{\"@type\":\"WebPage\",\"@id\":\"https:\\\/\\\/www.ctf-fce.ca\\\/fr\\\/medias\\\/normes-graphiques\\\/\",\"url\":\"https:\\\/\\\/www.ctf-fce.ca\\\/fr\\\/medias\\\/normes-graphiques\\\/\",\"name\":\"Normes graphiques - CTF-FCE\",\"isPartOf\":{\"@id\":\"https:\\\/\\\/www.ctf-fce.ca\\\/fr\\\/#website\"},\"datePublished\":\"2020-01-22T04:03:15+00:00\",\"dateModified\":\"2025-12-09T19:38:42+00:00\",\"breadcrumb\":{\"@id\":\"https:\\\/\\\/www.ctf-fce.ca\\\/fr\\\/medias\\\/normes-graphiques\\\/#breadcrumb\"},\"inLanguage\":\"fr-FR\",\"potentialAction\":[{\"@type\":\"ReadAction\",\"target\":[\"https:\\\/\\\/www.ctf-fce.ca\\\/fr\\\/medias\\\/normes-graphiques\\\/\"]}]},{\"@type\":\"BreadcrumbList\",\"@id\":\"https:\\\/\\\/www.ctf-fce.ca\\\/fr\\\/medias\\\/normes-graphiques\\\/#breadcrumb\",\"itemListElement\":[{\"@type\":\"ListItem\",\"position\":1,\"name\":\"Accueil\",\"item\":\"https:\\\/\\\/www.ctf-fce.ca\\\/fr\\\/\"},{\"@type\":\"ListItem\",\"position\":2,\"name\":\"M\u00e9dias\",\"item\":\"https:\\\/\\\/www.ctf-fce.ca\\\/fr\\\/medias\\\/\"},{\"@type\":\"ListItem\",\"position\":3,\"name\":\"Normes graphiques\"}]},{\"@type\":\"WebSite\",\"@id\":\"https:\\\/\\\/www.ctf-fce.ca\\\/fr\\\/#website\",\"url\":\"https:\\\/\\\/www.ctf-fce.ca\\\/fr\\\/\",\"name\":\"CTF-FCE\",\"description\":\"\",\"publisher\":{\"@id\":\"https:\\\/\\\/www.ctf-fce.ca\\\/fr\\\/#organization\"},\"potentialAction\":[{\"@type\":\"SearchAction\",\"target\":{\"@type\":\"EntryPoint\",\"urlTemplate\":\"https:\\\/\\\/www.ctf-fce.ca\\\/fr\\\/?s={search_term_string}\"},\"query-input\":{\"@type\":\"PropertyValueSpecification\",\"valueRequired\":true,\"valueName\":\"search_term_string\"}}],\"inLanguage\":\"fr-FR\"},{\"@type\":\"Organization\",\"@id\":\"https:\\\/\\\/www.ctf-fce.ca\\\/fr\\\/#organization\",\"name\":\"CTF-FCE\",\"url\":\"https:\\\/\\\/www.ctf-fce.ca\\\/fr\\\/\",\"logo\":{\"@type\":\"ImageObject\",\"inLanguage\":\"fr-FR\",\"@id\":\"https:\\\/\\\/www.ctf-fce.ca\\\/fr\\\/#\\\/schema\\\/logo\\\/image\\\/\",\"url\":\"https:\\\/\\\/www.ctf-fce.ca\\\/wp-content\\\/uploads\\\/2020\\\/01\\\/ctf-fce-logo@2x.png\",\"contentUrl\":\"https:\\\/\\\/www.ctf-fce.ca\\\/wp-content\\\/uploads\\\/2020\\\/01\\\/ctf-fce-logo@2x.png\",\"width\":485,\"height\":146,\"caption\":\"CTF-FCE\"},\"image\":{\"@id\":\"https:\\\/\\\/www.ctf-fce.ca\\\/fr\\\/#\\\/schema\\\/logo\\\/image\\\/\"},\"sameAs\":[\"https:\\\/\\\/www.facebook.com\\\/CTF.FCE\\\/\",\"https:\\\/\\\/x.com\\\/CTFFCE\",\"https:\\\/\\\/www.instagram.com\\\/ctffce\\\/\",\"https:\\\/\\\/www.linkedin.com\\\/company\\\/canadian-teachers'\u200b-federation---f\u00e9d.-canadienne-des-enseignantes-et-des-enseignants\\\/\",\"https:\\\/\\\/www.youtube.com\\\/user\\\/canadianteachers\"]}]}<\/script>\n<!-- \/ Yoast SEO plugin. -->","yoast_head_json":{"title":"Normes graphiques - CTF-FCE","robots":{"index":"index","follow":"follow","max-snippet":"max-snippet:-1","max-image-preview":"max-image-preview:large","max-video-preview":"max-video-preview:-1"},"canonical":"https:\/\/www.ctf-fce.ca\/fr\/medias\/normes-graphiques\/","og_locale":"fr_FR","og_type":"article","og_title":"Normes graphiques - CTF-FCE","og_description":"Nouveau si\u00e8cle! Nouveau logo! La pomme incorpor\u00e9e dans la feuille d\u2019\u00e9rable rappelle que la F\u00e9d\u00e9ration repr\u00e9sente des enseignantes et enseignants du Canada. Toutes ses parties r\u00e9unies en forme de feuille d\u2019\u00e9rable donnent au logo une saveur canadienne, mais elles font \u00e9galement allusion au concept de f\u00e9d\u00e9ration par le fait qu\u2019elles s\u2019unissent pour atteindre un but [&hellip;]","og_url":"https:\/\/www.ctf-fce.ca\/fr\/medias\/normes-graphiques\/","og_site_name":"CTF-FCE","article_publisher":"https:\/\/www.facebook.com\/CTF.FCE\/","article_modified_time":"2025-12-09T19:38:42+00:00","og_image":[{"width":1200,"height":630,"url":"https:\/\/www.ctf-fce.ca\/wp-content\/uploads\/2020\/04\/ctf-fce-logo-social.png","type":"image\/png"}],"twitter_card":"summary_large_image","twitter_site":"@CTFFCE","twitter_misc":{"Dur\u00e9e de lecture estim\u00e9e":"5 minutes"},"schema":{"@context":"https:\/\/schema.org","@graph":[{"@type":"WebPage","@id":"https:\/\/www.ctf-fce.ca\/fr\/medias\/normes-graphiques\/","url":"https:\/\/www.ctf-fce.ca\/fr\/medias\/normes-graphiques\/","name":"Normes graphiques - CTF-FCE","isPartOf":{"@id":"https:\/\/www.ctf-fce.ca\/fr\/#website"},"datePublished":"2020-01-22T04:03:15+00:00","dateModified":"2025-12-09T19:38:42+00:00","breadcrumb":{"@id":"https:\/\/www.ctf-fce.ca\/fr\/medias\/normes-graphiques\/#breadcrumb"},"inLanguage":"fr-FR","potentialAction":[{"@type":"ReadAction","target":["https:\/\/www.ctf-fce.ca\/fr\/medias\/normes-graphiques\/"]}]},{"@type":"BreadcrumbList","@id":"https:\/\/www.ctf-fce.ca\/fr\/medias\/normes-graphiques\/#breadcrumb","itemListElement":[{"@type":"ListItem","position":1,"name":"Accueil","item":"https:\/\/www.ctf-fce.ca\/fr\/"},{"@type":"ListItem","position":2,"name":"M\u00e9dias","item":"https:\/\/www.ctf-fce.ca\/fr\/medias\/"},{"@type":"ListItem","position":3,"name":"Normes graphiques"}]},{"@type":"WebSite","@id":"https:\/\/www.ctf-fce.ca\/fr\/#website","url":"https:\/\/www.ctf-fce.ca\/fr\/","name":"CTF-FCE","description":"","publisher":{"@id":"https:\/\/www.ctf-fce.ca\/fr\/#organization"},"potentialAction":[{"@type":"SearchAction","target":{"@type":"EntryPoint","urlTemplate":"https:\/\/www.ctf-fce.ca\/fr\/?s={search_term_string}"},"query-input":{"@type":"PropertyValueSpecification","valueRequired":true,"valueName":"search_term_string"}}],"inLanguage":"fr-FR"},{"@type":"Organization","@id":"https:\/\/www.ctf-fce.ca\/fr\/#organization","name":"CTF-FCE","url":"https:\/\/www.ctf-fce.ca\/fr\/","logo":{"@type":"ImageObject","inLanguage":"fr-FR","@id":"https:\/\/www.ctf-fce.ca\/fr\/#\/schema\/logo\/image\/","url":"https:\/\/www.ctf-fce.ca\/wp-content\/uploads\/2020\/01\/ctf-fce-logo@2x.png","contentUrl":"https:\/\/www.ctf-fce.ca\/wp-content\/uploads\/2020\/01\/ctf-fce-logo@2x.png","width":485,"height":146,"caption":"CTF-FCE"},"image":{"@id":"https:\/\/www.ctf-fce.ca\/fr\/#\/schema\/logo\/image\/"},"sameAs":["https:\/\/www.facebook.com\/CTF.FCE\/","https:\/\/x.com\/CTFFCE","https:\/\/www.instagram.com\/ctffce\/","https:\/\/www.linkedin.com\/company\/canadian-teachers'\u200b-federation---f\u00e9d.-canadienne-des-enseignantes-et-des-enseignants\/","https:\/\/www.youtube.com\/user\/canadianteachers"]}]}},"coauthors":[],"author_meta":{"author_link":"https:\/\/www.ctf-fce.ca\/fr\/author\/contactkeshocommunications-ca\/","display_name":"contact@keshocommunications.ca"},"relative_dates":{"created":"Publi\u00e9 6 ans il y a","modified":"Mis \u00e0 jour 4 mois il y a"},"absolute_dates":{"created":"Publi\u00e9 le 21 janvier 2020","modified":"Mise \u00e0 jour le 9 d\u00e9cembre 2025"},"absolute_dates_time":{"created":"Publi\u00e9 le 21 janvier 2020 23h03","modified":"Mise \u00e0 jour le 9 d\u00e9cembre 2025 14h38"},"featured_img_caption":"","featured_img":false,"series_order":"","_links":{"self":[{"href":"https:\/\/www.ctf-fce.ca\/fr\/wp-json\/wp\/v2\/pages\/4152","targetHints":{"allow":["GET"]}}],"collection":[{"href":"https:\/\/www.ctf-fce.ca\/fr\/wp-json\/wp\/v2\/pages"}],"about":[{"href":"https:\/\/www.ctf-fce.ca\/fr\/wp-json\/wp\/v2\/types\/page"}],"author":[{"embeddable":true,"href":"https:\/\/www.ctf-fce.ca\/fr\/wp-json\/wp\/v2\/users\/1"}],"replies":[{"embeddable":true,"href":"https:\/\/www.ctf-fce.ca\/fr\/wp-json\/wp\/v2\/comments?post=4152"}],"version-history":[{"count":0,"href":"https:\/\/www.ctf-fce.ca\/fr\/wp-json\/wp\/v2\/pages\/4152\/revisions"}],"up":[{"embeddable":true,"href":"https:\/\/www.ctf-fce.ca\/fr\/wp-json\/wp\/v2\/pages\/3092"}],"wp:attachment":[{"href":"https:\/\/www.ctf-fce.ca\/fr\/wp-json\/wp\/v2\/media?parent=4152"}],"curies":[{"name":"wp","href":"https:\/\/api.w.org\/{rel}","templated":true}]}}