{"id":4159,"date":"2020-02-07T21:47:49","date_gmt":"2020-02-08T02:47:49","guid":{"rendered":"http:\/\/184.107.41.70\/~ctffce\/nos-activites\/cooperation-au-developpement-international\/gender-equity\/"},"modified":"2024-10-24T10:48:00","modified_gmt":"2024-10-24T14:48:00","slug":"gender-equity","status":"publish","type":"page","link":"https:\/\/www.ctf-fce.ca\/fr\/nos-activites\/cooperation-au-developpement-international\/gender-equity\/","title":{"rendered":"\u00c9quit\u00e9 entre les genres"},"content":{"rendered":"\n<div class=\"wp-block-columns is-layout-flex wp-container-core-columns-is-layout-9d6595d7 wp-block-columns-is-layout-flex\">\n<div class=\"wp-block-column is-layout-flow wp-block-column-is-layout-flow\">\n<p>La CTF\/FCE milite en faveur de l\u2019\u00e9quit\u00e9 entre les genres et de l\u2019autonomisation des filles et des femmes au Canada et \u00e0 l\u2019\u00e9tranger. Dans le droit fil des <a href=\"https:\/\/www.undp.org\/content\/undp\/fr\/home\/sustainable-development-goals.html\" target=\"_blank\" rel=\"noreferrer noopener\" aria-label=\" (opens in a new tab)\">Objectifs de d\u00e9veloppement durable <\/a>des Nations Unies et de la <a href=\"https:\/\/www.undp.org\/content\/undp\/fr\/home\/sustainable-development-goals.html\" target=\"_blank\" rel=\"noreferrer noopener\" aria-label=\" (opens in a new tab)\">Politique d\u2019aide internationale f\u00e9ministe du Canada<\/a>, nous estimons que l\u2019\u00e9quit\u00e9 entre les genres et l\u2019autonomisation sont essentielles pour b\u00e2tir un monde plus pacifique, plus inclusif et plus prosp\u00e8re.  <\/p>\n<\/div>\n\n\n\n<div class=\"wp-block-column is-layout-flow wp-block-column-is-layout-flow\">\n<p><strong>Nous offrons du soutien, de la formation et des conseils techniques pour&nbsp;: <\/strong><\/p>\n\n\n\n<ul class=\"wp-block-list\">\n<li>am\u00e9liorer l\u2019acc\u00e8s des filles et des gar\u00e7ons \u00e0 l\u2019\u00e9ducation, et favoriser leur pers\u00e9v\u00e9rance et leur r\u00e9ussite scolaires;<\/li>\n\n\n\n<li>favoriser un enseignement en classe qui tient compte de l\u2019\u00e9galit\u00e9 des genres;<\/li>\n\n\n\n<li>cr\u00e9er des milieux scolaires respectueux de l\u2019\u00e9galit\u00e9 des genres;\u00a0<\/li>\n\n\n\n<li>contrer la violence fond\u00e9e sur le genre en milieu scolaire;<\/li>\n\n\n\n<li>accorder des bourses pour les femmes en \u00e9ducation;<\/li>\n\n\n\n<li>promouvoir le leadership des femmes et appuyer les femmes dirigeantes.<\/li>\n<\/ul>\n<\/div>\n<\/div>\n\n\n\n<h2 class=\"wp-block-heading\">Simameni<\/h2>\n\n\n\n<div class=\"wp-block-media-text alignwide has-media-on-the-right is-stacked-on-mobile is-vertically-aligned-top is-image-fill\"><figure class=\"wp-block-media-text__media\" style=\"background-image:url(https:\/\/www.ctf-fce.ca\/wp-content\/uploads\/2020\/03\/iStock-527818981-opt-1024x678.jpg);background-position:50% 50%\"><img loading=\"lazy\" decoding=\"async\" width=\"1024\" height=\"678\" src=\"https:\/\/www.ctf-fce.ca\/wp-content\/uploads\/2020\/03\/iStock-527818981-opt-1024x678.jpg\" alt=\"\" class=\"wp-image-3493 size-full\" srcset=\"https:\/\/www.ctf-fce.ca\/wp-content\/uploads\/2020\/03\/iStock-527818981-opt-1024x678.jpg 1024w, https:\/\/www.ctf-fce.ca\/wp-content\/uploads\/2020\/03\/iStock-527818981-opt-300x199.jpg 300w, https:\/\/www.ctf-fce.ca\/wp-content\/uploads\/2020\/03\/iStock-527818981-opt-768x509.jpg 768w, https:\/\/www.ctf-fce.ca\/wp-content\/uploads\/2020\/03\/iStock-527818981-opt-391x260.jpg 391w, https:\/\/www.ctf-fce.ca\/wp-content\/uploads\/2020\/03\/iStock-527818981-opt-1536x1017.jpg 1536w, https:\/\/www.ctf-fce.ca\/wp-content\/uploads\/2020\/03\/iStock-527818981-opt-2048x1356.jpg 2048w\" sizes=\"auto, (max-width: 1024px) 100vw, 1024px\" \/><\/figure><div class=\"wp-block-media-text__content\">\n\n<h3 class=\"wp-block-heading\">Ensemble pour l\u2019\u00e9ducation secondaire des filles en Ouganda <\/h3>\n\n\n<p>Simameni (\u00ab se tenir debout&nbsp;\u00bb en swahili) est le nom donn\u00e9 au projet de la CTF\/FCE qui vise \u00e0 am\u00e9liorer l\u2019acc\u00e8s des filles \u00e0 l\u2019\u00e9ducation, la pers\u00e9v\u00e9rance scolaire de celles-ci et les possibilit\u00e9s \u00e9ducatives qui s\u2019offrent \u00e0 elles dans les \u00e9coles secondaires en Ouganda.<\/p>\n\n\n<p>En cherchant \u00e0 am\u00e9liorer l\u2019\u00e9ducation des filles au palier secondaire, le projet Simameni s\u2019attaque \u00e0 deux facteurs \u00e0 l\u2019origine de la pauvret\u00e9&nbsp;: le manque d\u2019acc\u00e8s \u00e0 l\u2019\u00e9ducation et l\u2019in\u00e9galit\u00e9 des genres.&nbsp;<\/p>\n\n\n<p>Financ\u00e9 principalement par <a href=\"https:\/\/www.international.gc.ca\/gac-amc\/index.aspx?lang=fra\" target=\"_blank\" rel=\"noreferrer noopener\" aria-label=\"Affaires mondiales Canada (opens in a new tab)\">Affaires mondiales Canada<\/a>, le projet encourage et soutient l\u2019\u00e9ducation des filles aux \u00e9chelons familial, communautaire et national tout en visant \u00e0 faire des \u00e9coles des lieux plus s\u00fbrs, plus adapt\u00e9s et plus accueillants pour les filles et les jeunes femmes, pour le bien de la soci\u00e9t\u00e9 ougandaise dans son ensemble.&nbsp;<\/p>\n\n\n<p>Dans le cadre de ce projet, nous travaillons en \u00e9troite collaboration avec notre partenaire de longue date, le Uganda National Teachers\u2019 Union, et d\u2019autres partenaires de la soci\u00e9t\u00e9 ougandaise, notamment\u00a0:<\/p>\n\n\n<ul class=\"wp-block-list\"><li>le minist\u00e8re de l\u2019\u00c9ducation et des Sports;&nbsp;<\/li><li>le minist\u00e8re de l\u2019\u00c9galit\u00e9 des genres, du Travail et du D\u00e9veloppement social;&nbsp;<\/li><li>des organisations internationales non gouvernementales;&nbsp;<\/li><li>des organisations locales de la soci\u00e9t\u00e9 civile.<\/li><\/ul>\n\n\n<p class=\"has-large-font-size\"><\/p>\n\n<\/div><\/div>\n\n\n\n<h2 class=\"wp-block-heading\">Questions et contact<\/h2>\n\n\n\n<p>Vous avez des questions? Veuillez <a href=\"https:\/\/www.ctf-fce.ca\/fr\/qui-nous-sommes\/contactez-nous\/?recipient=csheffield&amp;recipient_name=Cheryl%20Sheffield&amp;recipient_exist=true\">communiquer<\/a> avec Cheryl Sheffield, agente de programme, au 705-622-3521.<\/p>\n","protected":false},"excerpt":{"rendered":"<p>La CTF\/FCE milite en faveur de l\u2019\u00e9quit\u00e9 entre les genres et de l\u2019autonomisation des filles et des femmes au Canada et \u00e0 l\u2019\u00e9tranger. Dans le droit fil des Objectifs de d\u00e9veloppement durable des Nations Unies et de la Politique d\u2019aide internationale f\u00e9ministe du Canada, nous estimons que l\u2019\u00e9quit\u00e9 entre les genres et l\u2019autonomisation sont essentielles [&hellip;]<\/p>\n","protected":false},"author":1,"featured_media":0,"parent":3423,"menu_order":0,"comment_status":"closed","ping_status":"closed","template":"","meta":{"_acf_changed":false,"advgb_blocks_editor_width":"","advgb_blocks_columns_visual_guide":"","footnotes":""},"class_list":["post-4159","page","type-page","status-publish","hentry"],"acf":[],"yoast_head":"<!-- This site is optimized with the Yoast SEO plugin v27.3 - https:\/\/yoast.com\/product\/yoast-seo-wordpress\/ -->\n<title>\u00c9quit\u00e9 entre les genres - CTF-FCE<\/title>\n<meta name=\"robots\" content=\"index, follow, max-snippet:-1, max-image-preview:large, max-video-preview:-1\" \/>\n<link rel=\"canonical\" href=\"https:\/\/www.ctf-fce.ca\/fr\/nos-activites\/cooperation-au-developpement-international\/gender-equity\/\" \/>\n<meta property=\"og:locale\" content=\"fr_FR\" \/>\n<meta property=\"og:type\" content=\"article\" \/>\n<meta property=\"og:title\" content=\"\u00c9quit\u00e9 entre les genres - CTF-FCE\" \/>\n<meta property=\"og:description\" content=\"La CTF\/FCE milite en faveur de l\u2019\u00e9quit\u00e9 entre les genres et de l\u2019autonomisation des filles et des femmes au Canada et \u00e0 l\u2019\u00e9tranger. Dans le droit fil des Objectifs de d\u00e9veloppement durable des Nations Unies et de la Politique d\u2019aide internationale f\u00e9ministe du Canada, nous estimons que l\u2019\u00e9quit\u00e9 entre les genres et l\u2019autonomisation sont essentielles [&hellip;]\" \/>\n<meta property=\"og:url\" content=\"https:\/\/www.ctf-fce.ca\/fr\/nos-activites\/cooperation-au-developpement-international\/gender-equity\/\" \/>\n<meta property=\"og:site_name\" content=\"CTF-FCE\" \/>\n<meta property=\"article:publisher\" content=\"https:\/\/www.facebook.com\/CTF.FCE\/\" \/>\n<meta property=\"article:modified_time\" content=\"2024-10-24T14:48:00+00:00\" \/>\n<meta property=\"og:image\" content=\"https:\/\/www.ctf-fce.ca\/wp-content\/uploads\/2020\/03\/iStock-527818981-opt-1024x678.jpg\" \/>\n<meta name=\"twitter:card\" content=\"summary_large_image\" \/>\n<meta name=\"twitter:site\" content=\"@CTFFCE\" \/>\n<meta name=\"twitter:label1\" content=\"Dur\u00e9e de lecture estim\u00e9e\" \/>\n\t<meta name=\"twitter:data1\" content=\"2 minutes\" \/>\n<script type=\"application\/ld+json\" class=\"yoast-schema-graph\">{\"@context\":\"https:\\\/\\\/schema.org\",\"@graph\":[{\"@type\":\"WebPage\",\"@id\":\"https:\\\/\\\/www.ctf-fce.ca\\\/fr\\\/nos-activites\\\/cooperation-au-developpement-international\\\/gender-equity\\\/\",\"url\":\"https:\\\/\\\/www.ctf-fce.ca\\\/fr\\\/nos-activites\\\/cooperation-au-developpement-international\\\/gender-equity\\\/\",\"name\":\"\u00c9quit\u00e9 entre les genres - CTF-FCE\",\"isPartOf\":{\"@id\":\"https:\\\/\\\/www.ctf-fce.ca\\\/fr\\\/#website\"},\"primaryImageOfPage\":{\"@id\":\"https:\\\/\\\/www.ctf-fce.ca\\\/fr\\\/nos-activites\\\/cooperation-au-developpement-international\\\/gender-equity\\\/#primaryimage\"},\"image\":{\"@id\":\"https:\\\/\\\/www.ctf-fce.ca\\\/fr\\\/nos-activites\\\/cooperation-au-developpement-international\\\/gender-equity\\\/#primaryimage\"},\"thumbnailUrl\":\"https:\\\/\\\/www.ctf-fce.ca\\\/wp-content\\\/uploads\\\/2020\\\/03\\\/iStock-527818981-opt-1024x678.jpg\",\"datePublished\":\"2020-02-08T02:47:49+00:00\",\"dateModified\":\"2024-10-24T14:48:00+00:00\",\"breadcrumb\":{\"@id\":\"https:\\\/\\\/www.ctf-fce.ca\\\/fr\\\/nos-activites\\\/cooperation-au-developpement-international\\\/gender-equity\\\/#breadcrumb\"},\"inLanguage\":\"fr-FR\",\"potentialAction\":[{\"@type\":\"ReadAction\",\"target\":[\"https:\\\/\\\/www.ctf-fce.ca\\\/fr\\\/nos-activites\\\/cooperation-au-developpement-international\\\/gender-equity\\\/\"]}]},{\"@type\":\"ImageObject\",\"inLanguage\":\"fr-FR\",\"@id\":\"https:\\\/\\\/www.ctf-fce.ca\\\/fr\\\/nos-activites\\\/cooperation-au-developpement-international\\\/gender-equity\\\/#primaryimage\",\"url\":\"https:\\\/\\\/www.ctf-fce.ca\\\/wp-content\\\/uploads\\\/2020\\\/03\\\/iStock-527818981-opt-1024x678.jpg\",\"contentUrl\":\"https:\\\/\\\/www.ctf-fce.ca\\\/wp-content\\\/uploads\\\/2020\\\/03\\\/iStock-527818981-opt-1024x678.jpg\"},{\"@type\":\"BreadcrumbList\",\"@id\":\"https:\\\/\\\/www.ctf-fce.ca\\\/fr\\\/nos-activites\\\/cooperation-au-developpement-international\\\/gender-equity\\\/#breadcrumb\",\"itemListElement\":[{\"@type\":\"ListItem\",\"position\":1,\"name\":\"Accueil\",\"item\":\"https:\\\/\\\/www.ctf-fce.ca\\\/fr\\\/\"},{\"@type\":\"ListItem\",\"position\":2,\"name\":\"Nos activit\u00e9s\",\"item\":\"https:\\\/\\\/www.ctf-fce.ca\\\/fr\\\/nos-activites\\\/\"},{\"@type\":\"ListItem\",\"position\":3,\"name\":\"Coop\u00e9ration au d\u00e9veloppement international\",\"item\":\"https:\\\/\\\/www.ctf-fce.ca\\\/fr\\\/nos-activites\\\/cooperation-au-developpement-international\\\/\"},{\"@type\":\"ListItem\",\"position\":4,\"name\":\"\u00c9quit\u00e9 entre les genres\"}]},{\"@type\":\"WebSite\",\"@id\":\"https:\\\/\\\/www.ctf-fce.ca\\\/fr\\\/#website\",\"url\":\"https:\\\/\\\/www.ctf-fce.ca\\\/fr\\\/\",\"name\":\"CTF-FCE\",\"description\":\"\",\"publisher\":{\"@id\":\"https:\\\/\\\/www.ctf-fce.ca\\\/fr\\\/#organization\"},\"potentialAction\":[{\"@type\":\"SearchAction\",\"target\":{\"@type\":\"EntryPoint\",\"urlTemplate\":\"https:\\\/\\\/www.ctf-fce.ca\\\/fr\\\/?s={search_term_string}\"},\"query-input\":{\"@type\":\"PropertyValueSpecification\",\"valueRequired\":true,\"valueName\":\"search_term_string\"}}],\"inLanguage\":\"fr-FR\"},{\"@type\":\"Organization\",\"@id\":\"https:\\\/\\\/www.ctf-fce.ca\\\/fr\\\/#organization\",\"name\":\"CTF-FCE\",\"url\":\"https:\\\/\\\/www.ctf-fce.ca\\\/fr\\\/\",\"logo\":{\"@type\":\"ImageObject\",\"inLanguage\":\"fr-FR\",\"@id\":\"https:\\\/\\\/www.ctf-fce.ca\\\/fr\\\/#\\\/schema\\\/logo\\\/image\\\/\",\"url\":\"https:\\\/\\\/www.ctf-fce.ca\\\/wp-content\\\/uploads\\\/2020\\\/01\\\/ctf-fce-logo@2x.png\",\"contentUrl\":\"https:\\\/\\\/www.ctf-fce.ca\\\/wp-content\\\/uploads\\\/2020\\\/01\\\/ctf-fce-logo@2x.png\",\"width\":485,\"height\":146,\"caption\":\"CTF-FCE\"},\"image\":{\"@id\":\"https:\\\/\\\/www.ctf-fce.ca\\\/fr\\\/#\\\/schema\\\/logo\\\/image\\\/\"},\"sameAs\":[\"https:\\\/\\\/www.facebook.com\\\/CTF.FCE\\\/\",\"https:\\\/\\\/x.com\\\/CTFFCE\",\"https:\\\/\\\/www.instagram.com\\\/ctffce\\\/\",\"https:\\\/\\\/www.linkedin.com\\\/company\\\/canadian-teachers'\u200b-federation---f\u00e9d.-canadienne-des-enseignantes-et-des-enseignants\\\/\",\"https:\\\/\\\/www.youtube.com\\\/user\\\/canadianteachers\"]}]}<\/script>\n<!-- \/ Yoast SEO plugin. -->","yoast_head_json":{"title":"\u00c9quit\u00e9 entre les genres - CTF-FCE","robots":{"index":"index","follow":"follow","max-snippet":"max-snippet:-1","max-image-preview":"max-image-preview:large","max-video-preview":"max-video-preview:-1"},"canonical":"https:\/\/www.ctf-fce.ca\/fr\/nos-activites\/cooperation-au-developpement-international\/gender-equity\/","og_locale":"fr_FR","og_type":"article","og_title":"\u00c9quit\u00e9 entre les genres - CTF-FCE","og_description":"La CTF\/FCE milite en faveur de l\u2019\u00e9quit\u00e9 entre les genres et de l\u2019autonomisation des filles et des femmes au Canada et \u00e0 l\u2019\u00e9tranger. Dans le droit fil des Objectifs de d\u00e9veloppement durable des Nations Unies et de la Politique d\u2019aide internationale f\u00e9ministe du Canada, nous estimons que l\u2019\u00e9quit\u00e9 entre les genres et l\u2019autonomisation sont essentielles [&hellip;]","og_url":"https:\/\/www.ctf-fce.ca\/fr\/nos-activites\/cooperation-au-developpement-international\/gender-equity\/","og_site_name":"CTF-FCE","article_publisher":"https:\/\/www.facebook.com\/CTF.FCE\/","article_modified_time":"2024-10-24T14:48:00+00:00","og_image":[{"url":"https:\/\/www.ctf-fce.ca\/wp-content\/uploads\/2020\/03\/iStock-527818981-opt-1024x678.jpg","type":"","width":"","height":""}],"twitter_card":"summary_large_image","twitter_site":"@CTFFCE","twitter_misc":{"Dur\u00e9e de lecture estim\u00e9e":"2 minutes"},"schema":{"@context":"https:\/\/schema.org","@graph":[{"@type":"WebPage","@id":"https:\/\/www.ctf-fce.ca\/fr\/nos-activites\/cooperation-au-developpement-international\/gender-equity\/","url":"https:\/\/www.ctf-fce.ca\/fr\/nos-activites\/cooperation-au-developpement-international\/gender-equity\/","name":"\u00c9quit\u00e9 entre les genres - CTF-FCE","isPartOf":{"@id":"https:\/\/www.ctf-fce.ca\/fr\/#website"},"primaryImageOfPage":{"@id":"https:\/\/www.ctf-fce.ca\/fr\/nos-activites\/cooperation-au-developpement-international\/gender-equity\/#primaryimage"},"image":{"@id":"https:\/\/www.ctf-fce.ca\/fr\/nos-activites\/cooperation-au-developpement-international\/gender-equity\/#primaryimage"},"thumbnailUrl":"https:\/\/www.ctf-fce.ca\/wp-content\/uploads\/2020\/03\/iStock-527818981-opt-1024x678.jpg","datePublished":"2020-02-08T02:47:49+00:00","dateModified":"2024-10-24T14:48:00+00:00","breadcrumb":{"@id":"https:\/\/www.ctf-fce.ca\/fr\/nos-activites\/cooperation-au-developpement-international\/gender-equity\/#breadcrumb"},"inLanguage":"fr-FR","potentialAction":[{"@type":"ReadAction","target":["https:\/\/www.ctf-fce.ca\/fr\/nos-activites\/cooperation-au-developpement-international\/gender-equity\/"]}]},{"@type":"ImageObject","inLanguage":"fr-FR","@id":"https:\/\/www.ctf-fce.ca\/fr\/nos-activites\/cooperation-au-developpement-international\/gender-equity\/#primaryimage","url":"https:\/\/www.ctf-fce.ca\/wp-content\/uploads\/2020\/03\/iStock-527818981-opt-1024x678.jpg","contentUrl":"https:\/\/www.ctf-fce.ca\/wp-content\/uploads\/2020\/03\/iStock-527818981-opt-1024x678.jpg"},{"@type":"BreadcrumbList","@id":"https:\/\/www.ctf-fce.ca\/fr\/nos-activites\/cooperation-au-developpement-international\/gender-equity\/#breadcrumb","itemListElement":[{"@type":"ListItem","position":1,"name":"Accueil","item":"https:\/\/www.ctf-fce.ca\/fr\/"},{"@type":"ListItem","position":2,"name":"Nos activit\u00e9s","item":"https:\/\/www.ctf-fce.ca\/fr\/nos-activites\/"},{"@type":"ListItem","position":3,"name":"Coop\u00e9ration au d\u00e9veloppement international","item":"https:\/\/www.ctf-fce.ca\/fr\/nos-activites\/cooperation-au-developpement-international\/"},{"@type":"ListItem","position":4,"name":"\u00c9quit\u00e9 entre les genres"}]},{"@type":"WebSite","@id":"https:\/\/www.ctf-fce.ca\/fr\/#website","url":"https:\/\/www.ctf-fce.ca\/fr\/","name":"CTF-FCE","description":"","publisher":{"@id":"https:\/\/www.ctf-fce.ca\/fr\/#organization"},"potentialAction":[{"@type":"SearchAction","target":{"@type":"EntryPoint","urlTemplate":"https:\/\/www.ctf-fce.ca\/fr\/?s={search_term_string}"},"query-input":{"@type":"PropertyValueSpecification","valueRequired":true,"valueName":"search_term_string"}}],"inLanguage":"fr-FR"},{"@type":"Organization","@id":"https:\/\/www.ctf-fce.ca\/fr\/#organization","name":"CTF-FCE","url":"https:\/\/www.ctf-fce.ca\/fr\/","logo":{"@type":"ImageObject","inLanguage":"fr-FR","@id":"https:\/\/www.ctf-fce.ca\/fr\/#\/schema\/logo\/image\/","url":"https:\/\/www.ctf-fce.ca\/wp-content\/uploads\/2020\/01\/ctf-fce-logo@2x.png","contentUrl":"https:\/\/www.ctf-fce.ca\/wp-content\/uploads\/2020\/01\/ctf-fce-logo@2x.png","width":485,"height":146,"caption":"CTF-FCE"},"image":{"@id":"https:\/\/www.ctf-fce.ca\/fr\/#\/schema\/logo\/image\/"},"sameAs":["https:\/\/www.facebook.com\/CTF.FCE\/","https:\/\/x.com\/CTFFCE","https:\/\/www.instagram.com\/ctffce\/","https:\/\/www.linkedin.com\/company\/canadian-teachers'\u200b-federation---f\u00e9d.-canadienne-des-enseignantes-et-des-enseignants\/","https:\/\/www.youtube.com\/user\/canadianteachers"]}]}},"coauthors":[],"author_meta":{"author_link":"https:\/\/www.ctf-fce.ca\/fr\/author\/contactkeshocommunications-ca\/","display_name":"contact@keshocommunications.ca"},"relative_dates":{"created":"Publi\u00e9 6 ans il y a","modified":"Mis \u00e0 jour 1 an il y a"},"absolute_dates":{"created":"Publi\u00e9 le 7 f\u00e9vrier 2020","modified":"Mise \u00e0 jour le 24 octobre 2024"},"absolute_dates_time":{"created":"Publi\u00e9 le 7 f\u00e9vrier 2020 21h47","modified":"Mise \u00e0 jour le 24 octobre 2024 10h48"},"featured_img_caption":"","featured_img":false,"series_order":"","_links":{"self":[{"href":"https:\/\/www.ctf-fce.ca\/fr\/wp-json\/wp\/v2\/pages\/4159","targetHints":{"allow":["GET"]}}],"collection":[{"href":"https:\/\/www.ctf-fce.ca\/fr\/wp-json\/wp\/v2\/pages"}],"about":[{"href":"https:\/\/www.ctf-fce.ca\/fr\/wp-json\/wp\/v2\/types\/page"}],"author":[{"embeddable":true,"href":"https:\/\/www.ctf-fce.ca\/fr\/wp-json\/wp\/v2\/users\/1"}],"replies":[{"embeddable":true,"href":"https:\/\/www.ctf-fce.ca\/fr\/wp-json\/wp\/v2\/comments?post=4159"}],"version-history":[{"count":0,"href":"https:\/\/www.ctf-fce.ca\/fr\/wp-json\/wp\/v2\/pages\/4159\/revisions"}],"up":[{"embeddable":true,"href":"https:\/\/www.ctf-fce.ca\/fr\/wp-json\/wp\/v2\/pages\/3423"}],"wp:attachment":[{"href":"https:\/\/www.ctf-fce.ca\/fr\/wp-json\/wp\/v2\/media?parent=4159"}],"curies":[{"name":"wp","href":"https:\/\/api.w.org\/{rel}","templated":true}]}}