{"id":4161,"date":"2020-02-07T22:03:26","date_gmt":"2020-02-08T03:03:26","guid":{"rendered":"http:\/\/184.107.41.70\/~ctffce\/nos-activites\/cooperation-au-developpement-international\/professional-development\/"},"modified":"2025-02-07T16:22:39","modified_gmt":"2025-02-07T21:22:39","slug":"perfectionnement-professionnel","status":"publish","type":"page","link":"https:\/\/www.ctf-fce.ca\/fr\/nos-activites\/cooperation-au-developpement-international\/perfectionnement-professionnel\/","title":{"rendered":"Perfectionnement professionnel"},"content":{"rendered":"\n<p>Les projets et activit\u00e9s de perfectionnement professionnel sont fond\u00e9s sur l\u2019\u00e9valuation que les organisations partenaires de la CTF\/FCE font des besoins d\u2019apprentissage professionnel de leurs membres enseignantes et enseignants. L\u2019\u00e9laboration et la mise en \u0153uvre de ces projets et activit\u00e9s se font en collaboration. <\/p>\n\n\n\n<div class=\"wp-block-media-text alignwide has-media-on-the-right is-image-fill-element is-stacked-on-mobile\"><div class=\"wp-block-media-text__content\">\n<p><strong>Nous offrons du soutien, de la formation et des conseils techniques dans les domaines suivants&nbsp;:<\/strong>  <\/p>\n\n\n\n<ul class=\"wp-block-list\">\n<li>la mesure et l\u2019\u00e9valuation<\/li>\n\n\n\n<li>la gestion de classe<\/li>\n\n\n\n<li>la cr\u00e9ation de mat\u00e9riel p\u00e9dagogique et d\u2019apprentissage<\/li>\n\n\n\n<li>l\u2019\u00e9ducation de la petite enfance<\/li>\n\n\n\n<li>l\u2019inclusion scolaire<\/li>\n\n\n\n<li>les strat\u00e9gies p\u00e9dagogiques<\/li>\n\n\n\n<li>la planification et la conception de programmes<\/li>\n\n\n\n<li>la technologie en \u00e9ducation<\/li>\n<\/ul>\n\n\n\n<p>Par exemple, dans le cadre du projet\u00a0<a href=\"https:\/\/www.ctf-fce.ca\/fr\/nos-activites\/cooperation-au-developpement-international\/projet-outre-mer\/\">Enseigner ensemble<\/a>, anciennement appel\u00e9 Projet outre-mer de la CTF\/FCE, des enseignantes et enseignants du Canada collaborent avec des coll\u00e8gues en Afrique et aux Cara\u00efbes afin d\u2019am\u00e9liorer l\u2019enseignement et l\u2019apprentissage.<\/p>\n\n\n\n<p class=\"has-large-font-size\"><\/p>\n<\/div><figure class=\"wp-block-media-text__media\"><img loading=\"lazy\" decoding=\"async\" width=\"1024\" height=\"768\" src=\"https:\/\/www.ctf-fce.ca\/wp-content\/uploads\/2020\/04\/IMG_5512-1024x768.jpg\" alt=\"\" class=\"wp-image-4760 size-full\" style=\"object-position:50% 50%\" srcset=\"https:\/\/www.ctf-fce.ca\/wp-content\/uploads\/2020\/04\/IMG_5512-1024x768.jpg 1024w, https:\/\/www.ctf-fce.ca\/wp-content\/uploads\/2020\/04\/IMG_5512-300x225.jpg 300w, https:\/\/www.ctf-fce.ca\/wp-content\/uploads\/2020\/04\/IMG_5512-768x576.jpg 768w, https:\/\/www.ctf-fce.ca\/wp-content\/uploads\/2020\/04\/IMG_5512-1536x1152.jpg 1536w, https:\/\/www.ctf-fce.ca\/wp-content\/uploads\/2020\/04\/IMG_5512-2048x1536.jpg 2048w\" sizes=\"auto, (max-width: 1024px) 100vw, 1024px\" \/><\/figure><\/div>\n","protected":false},"excerpt":{"rendered":"<p>Les projets et activit\u00e9s de perfectionnement professionnel sont fond\u00e9s sur l\u2019\u00e9valuation que les organisations partenaires de la CTF\/FCE font des besoins d\u2019apprentissage professionnel de leurs membres enseignantes et enseignants. L\u2019\u00e9laboration et la mise en \u0153uvre de ces projets et activit\u00e9s se font en collaboration.<\/p>\n","protected":false},"author":1,"featured_media":0,"parent":3423,"menu_order":0,"comment_status":"closed","ping_status":"closed","template":"","meta":{"_acf_changed":false,"advgb_blocks_editor_width":"","advgb_blocks_columns_visual_guide":"","footnotes":""},"class_list":["post-4161","page","type-page","status-publish","hentry"],"acf":[],"yoast_head":"<!-- This site is optimized with the Yoast SEO plugin v27.3 - https:\/\/yoast.com\/product\/yoast-seo-wordpress\/ -->\n<title>Perfectionnement professionnel - CTF-FCE<\/title>\n<meta name=\"robots\" content=\"index, follow, max-snippet:-1, max-image-preview:large, max-video-preview:-1\" \/>\n<link rel=\"canonical\" href=\"https:\/\/www.ctf-fce.ca\/fr\/nos-activites\/cooperation-au-developpement-international\/perfectionnement-professionnel\/\" \/>\n<meta property=\"og:locale\" content=\"fr_FR\" \/>\n<meta property=\"og:type\" content=\"article\" \/>\n<meta property=\"og:title\" content=\"Perfectionnement professionnel - CTF-FCE\" \/>\n<meta property=\"og:description\" content=\"Les projets et activit\u00e9s de perfectionnement professionnel sont fond\u00e9s sur l\u2019\u00e9valuation que les organisations partenaires de la CTF\/FCE font des besoins d\u2019apprentissage professionnel de leurs membres enseignantes et enseignants. L\u2019\u00e9laboration et la mise en \u0153uvre de ces projets et activit\u00e9s se font en collaboration.\" \/>\n<meta property=\"og:url\" content=\"https:\/\/www.ctf-fce.ca\/fr\/nos-activites\/cooperation-au-developpement-international\/perfectionnement-professionnel\/\" \/>\n<meta property=\"og:site_name\" content=\"CTF-FCE\" \/>\n<meta property=\"article:publisher\" content=\"https:\/\/www.facebook.com\/CTF.FCE\/\" \/>\n<meta property=\"article:modified_time\" content=\"2025-02-07T21:22:39+00:00\" \/>\n<meta property=\"og:image\" content=\"https:\/\/www.ctf-fce.ca\/wp-content\/uploads\/2020\/04\/IMG_5512-scaled.jpg\" \/>\n\t<meta property=\"og:image:width\" content=\"2560\" \/>\n\t<meta property=\"og:image:height\" content=\"1920\" \/>\n\t<meta property=\"og:image:type\" content=\"image\/jpeg\" \/>\n<meta name=\"twitter:card\" content=\"summary_large_image\" \/>\n<meta name=\"twitter:site\" content=\"@CTFFCE\" \/>\n<meta name=\"twitter:label1\" content=\"Dur\u00e9e de lecture estim\u00e9e\" \/>\n\t<meta name=\"twitter:data1\" content=\"1 minute\" \/>\n<script type=\"application\/ld+json\" class=\"yoast-schema-graph\">{\"@context\":\"https:\\\/\\\/schema.org\",\"@graph\":[{\"@type\":\"WebPage\",\"@id\":\"https:\\\/\\\/www.ctf-fce.ca\\\/fr\\\/nos-activites\\\/cooperation-au-developpement-international\\\/perfectionnement-professionnel\\\/\",\"url\":\"https:\\\/\\\/www.ctf-fce.ca\\\/fr\\\/nos-activites\\\/cooperation-au-developpement-international\\\/perfectionnement-professionnel\\\/\",\"name\":\"Perfectionnement professionnel - CTF-FCE\",\"isPartOf\":{\"@id\":\"https:\\\/\\\/www.ctf-fce.ca\\\/fr\\\/#website\"},\"primaryImageOfPage\":{\"@id\":\"https:\\\/\\\/www.ctf-fce.ca\\\/fr\\\/nos-activites\\\/cooperation-au-developpement-international\\\/perfectionnement-professionnel\\\/#primaryimage\"},\"image\":{\"@id\":\"https:\\\/\\\/www.ctf-fce.ca\\\/fr\\\/nos-activites\\\/cooperation-au-developpement-international\\\/perfectionnement-professionnel\\\/#primaryimage\"},\"thumbnailUrl\":\"https:\\\/\\\/www.ctf-fce.ca\\\/wp-content\\\/uploads\\\/2020\\\/04\\\/IMG_5512-1024x768.jpg\",\"datePublished\":\"2020-02-08T03:03:26+00:00\",\"dateModified\":\"2025-02-07T21:22:39+00:00\",\"breadcrumb\":{\"@id\":\"https:\\\/\\\/www.ctf-fce.ca\\\/fr\\\/nos-activites\\\/cooperation-au-developpement-international\\\/perfectionnement-professionnel\\\/#breadcrumb\"},\"inLanguage\":\"fr-FR\",\"potentialAction\":[{\"@type\":\"ReadAction\",\"target\":[\"https:\\\/\\\/www.ctf-fce.ca\\\/fr\\\/nos-activites\\\/cooperation-au-developpement-international\\\/perfectionnement-professionnel\\\/\"]}]},{\"@type\":\"ImageObject\",\"inLanguage\":\"fr-FR\",\"@id\":\"https:\\\/\\\/www.ctf-fce.ca\\\/fr\\\/nos-activites\\\/cooperation-au-developpement-international\\\/perfectionnement-professionnel\\\/#primaryimage\",\"url\":\"https:\\\/\\\/www.ctf-fce.ca\\\/wp-content\\\/uploads\\\/2020\\\/04\\\/IMG_5512-1024x768.jpg\",\"contentUrl\":\"https:\\\/\\\/www.ctf-fce.ca\\\/wp-content\\\/uploads\\\/2020\\\/04\\\/IMG_5512-1024x768.jpg\"},{\"@type\":\"BreadcrumbList\",\"@id\":\"https:\\\/\\\/www.ctf-fce.ca\\\/fr\\\/nos-activites\\\/cooperation-au-developpement-international\\\/perfectionnement-professionnel\\\/#breadcrumb\",\"itemListElement\":[{\"@type\":\"ListItem\",\"position\":1,\"name\":\"Accueil\",\"item\":\"https:\\\/\\\/www.ctf-fce.ca\\\/fr\\\/\"},{\"@type\":\"ListItem\",\"position\":2,\"name\":\"Nos activit\u00e9s\",\"item\":\"https:\\\/\\\/www.ctf-fce.ca\\\/fr\\\/nos-activites\\\/\"},{\"@type\":\"ListItem\",\"position\":3,\"name\":\"Coop\u00e9ration au d\u00e9veloppement international\",\"item\":\"https:\\\/\\\/www.ctf-fce.ca\\\/fr\\\/nos-activites\\\/cooperation-au-developpement-international\\\/\"},{\"@type\":\"ListItem\",\"position\":4,\"name\":\"Perfectionnement professionnel\"}]},{\"@type\":\"WebSite\",\"@id\":\"https:\\\/\\\/www.ctf-fce.ca\\\/fr\\\/#website\",\"url\":\"https:\\\/\\\/www.ctf-fce.ca\\\/fr\\\/\",\"name\":\"CTF-FCE\",\"description\":\"\",\"publisher\":{\"@id\":\"https:\\\/\\\/www.ctf-fce.ca\\\/fr\\\/#organization\"},\"potentialAction\":[{\"@type\":\"SearchAction\",\"target\":{\"@type\":\"EntryPoint\",\"urlTemplate\":\"https:\\\/\\\/www.ctf-fce.ca\\\/fr\\\/?s={search_term_string}\"},\"query-input\":{\"@type\":\"PropertyValueSpecification\",\"valueRequired\":true,\"valueName\":\"search_term_string\"}}],\"inLanguage\":\"fr-FR\"},{\"@type\":\"Organization\",\"@id\":\"https:\\\/\\\/www.ctf-fce.ca\\\/fr\\\/#organization\",\"name\":\"CTF-FCE\",\"url\":\"https:\\\/\\\/www.ctf-fce.ca\\\/fr\\\/\",\"logo\":{\"@type\":\"ImageObject\",\"inLanguage\":\"fr-FR\",\"@id\":\"https:\\\/\\\/www.ctf-fce.ca\\\/fr\\\/#\\\/schema\\\/logo\\\/image\\\/\",\"url\":\"https:\\\/\\\/www.ctf-fce.ca\\\/wp-content\\\/uploads\\\/2020\\\/01\\\/ctf-fce-logo@2x.png\",\"contentUrl\":\"https:\\\/\\\/www.ctf-fce.ca\\\/wp-content\\\/uploads\\\/2020\\\/01\\\/ctf-fce-logo@2x.png\",\"width\":485,\"height\":146,\"caption\":\"CTF-FCE\"},\"image\":{\"@id\":\"https:\\\/\\\/www.ctf-fce.ca\\\/fr\\\/#\\\/schema\\\/logo\\\/image\\\/\"},\"sameAs\":[\"https:\\\/\\\/www.facebook.com\\\/CTF.FCE\\\/\",\"https:\\\/\\\/x.com\\\/CTFFCE\",\"https:\\\/\\\/www.instagram.com\\\/ctffce\\\/\",\"https:\\\/\\\/www.linkedin.com\\\/company\\\/canadian-teachers'\u200b-federation---f\u00e9d.-canadienne-des-enseignantes-et-des-enseignants\\\/\",\"https:\\\/\\\/www.youtube.com\\\/user\\\/canadianteachers\"]}]}<\/script>\n<!-- \/ Yoast SEO plugin. -->","yoast_head_json":{"title":"Perfectionnement professionnel - CTF-FCE","robots":{"index":"index","follow":"follow","max-snippet":"max-snippet:-1","max-image-preview":"max-image-preview:large","max-video-preview":"max-video-preview:-1"},"canonical":"https:\/\/www.ctf-fce.ca\/fr\/nos-activites\/cooperation-au-developpement-international\/perfectionnement-professionnel\/","og_locale":"fr_FR","og_type":"article","og_title":"Perfectionnement professionnel - CTF-FCE","og_description":"Les projets et activit\u00e9s de perfectionnement professionnel sont fond\u00e9s sur l\u2019\u00e9valuation que les organisations partenaires de la CTF\/FCE font des besoins d\u2019apprentissage professionnel de leurs membres enseignantes et enseignants. L\u2019\u00e9laboration et la mise en \u0153uvre de ces projets et activit\u00e9s se font en collaboration.","og_url":"https:\/\/www.ctf-fce.ca\/fr\/nos-activites\/cooperation-au-developpement-international\/perfectionnement-professionnel\/","og_site_name":"CTF-FCE","article_publisher":"https:\/\/www.facebook.com\/CTF.FCE\/","article_modified_time":"2025-02-07T21:22:39+00:00","og_image":[{"width":2560,"height":1920,"url":"https:\/\/www.ctf-fce.ca\/wp-content\/uploads\/2020\/04\/IMG_5512-scaled.jpg","type":"image\/jpeg"}],"twitter_card":"summary_large_image","twitter_site":"@CTFFCE","twitter_misc":{"Dur\u00e9e de lecture estim\u00e9e":"1 minute"},"schema":{"@context":"https:\/\/schema.org","@graph":[{"@type":"WebPage","@id":"https:\/\/www.ctf-fce.ca\/fr\/nos-activites\/cooperation-au-developpement-international\/perfectionnement-professionnel\/","url":"https:\/\/www.ctf-fce.ca\/fr\/nos-activites\/cooperation-au-developpement-international\/perfectionnement-professionnel\/","name":"Perfectionnement professionnel - CTF-FCE","isPartOf":{"@id":"https:\/\/www.ctf-fce.ca\/fr\/#website"},"primaryImageOfPage":{"@id":"https:\/\/www.ctf-fce.ca\/fr\/nos-activites\/cooperation-au-developpement-international\/perfectionnement-professionnel\/#primaryimage"},"image":{"@id":"https:\/\/www.ctf-fce.ca\/fr\/nos-activites\/cooperation-au-developpement-international\/perfectionnement-professionnel\/#primaryimage"},"thumbnailUrl":"https:\/\/www.ctf-fce.ca\/wp-content\/uploads\/2020\/04\/IMG_5512-1024x768.jpg","datePublished":"2020-02-08T03:03:26+00:00","dateModified":"2025-02-07T21:22:39+00:00","breadcrumb":{"@id":"https:\/\/www.ctf-fce.ca\/fr\/nos-activites\/cooperation-au-developpement-international\/perfectionnement-professionnel\/#breadcrumb"},"inLanguage":"fr-FR","potentialAction":[{"@type":"ReadAction","target":["https:\/\/www.ctf-fce.ca\/fr\/nos-activites\/cooperation-au-developpement-international\/perfectionnement-professionnel\/"]}]},{"@type":"ImageObject","inLanguage":"fr-FR","@id":"https:\/\/www.ctf-fce.ca\/fr\/nos-activites\/cooperation-au-developpement-international\/perfectionnement-professionnel\/#primaryimage","url":"https:\/\/www.ctf-fce.ca\/wp-content\/uploads\/2020\/04\/IMG_5512-1024x768.jpg","contentUrl":"https:\/\/www.ctf-fce.ca\/wp-content\/uploads\/2020\/04\/IMG_5512-1024x768.jpg"},{"@type":"BreadcrumbList","@id":"https:\/\/www.ctf-fce.ca\/fr\/nos-activites\/cooperation-au-developpement-international\/perfectionnement-professionnel\/#breadcrumb","itemListElement":[{"@type":"ListItem","position":1,"name":"Accueil","item":"https:\/\/www.ctf-fce.ca\/fr\/"},{"@type":"ListItem","position":2,"name":"Nos activit\u00e9s","item":"https:\/\/www.ctf-fce.ca\/fr\/nos-activites\/"},{"@type":"ListItem","position":3,"name":"Coop\u00e9ration au d\u00e9veloppement international","item":"https:\/\/www.ctf-fce.ca\/fr\/nos-activites\/cooperation-au-developpement-international\/"},{"@type":"ListItem","position":4,"name":"Perfectionnement professionnel"}]},{"@type":"WebSite","@id":"https:\/\/www.ctf-fce.ca\/fr\/#website","url":"https:\/\/www.ctf-fce.ca\/fr\/","name":"CTF-FCE","description":"","publisher":{"@id":"https:\/\/www.ctf-fce.ca\/fr\/#organization"},"potentialAction":[{"@type":"SearchAction","target":{"@type":"EntryPoint","urlTemplate":"https:\/\/www.ctf-fce.ca\/fr\/?s={search_term_string}"},"query-input":{"@type":"PropertyValueSpecification","valueRequired":true,"valueName":"search_term_string"}}],"inLanguage":"fr-FR"},{"@type":"Organization","@id":"https:\/\/www.ctf-fce.ca\/fr\/#organization","name":"CTF-FCE","url":"https:\/\/www.ctf-fce.ca\/fr\/","logo":{"@type":"ImageObject","inLanguage":"fr-FR","@id":"https:\/\/www.ctf-fce.ca\/fr\/#\/schema\/logo\/image\/","url":"https:\/\/www.ctf-fce.ca\/wp-content\/uploads\/2020\/01\/ctf-fce-logo@2x.png","contentUrl":"https:\/\/www.ctf-fce.ca\/wp-content\/uploads\/2020\/01\/ctf-fce-logo@2x.png","width":485,"height":146,"caption":"CTF-FCE"},"image":{"@id":"https:\/\/www.ctf-fce.ca\/fr\/#\/schema\/logo\/image\/"},"sameAs":["https:\/\/www.facebook.com\/CTF.FCE\/","https:\/\/x.com\/CTFFCE","https:\/\/www.instagram.com\/ctffce\/","https:\/\/www.linkedin.com\/company\/canadian-teachers'\u200b-federation---f\u00e9d.-canadienne-des-enseignantes-et-des-enseignants\/","https:\/\/www.youtube.com\/user\/canadianteachers"]}]}},"coauthors":[],"author_meta":{"author_link":"https:\/\/www.ctf-fce.ca\/fr\/author\/contactkeshocommunications-ca\/","display_name":"contact@keshocommunications.ca"},"relative_dates":{"created":"Publi\u00e9 6 ans il y a","modified":"Mis \u00e0 jour 1 an il y a"},"absolute_dates":{"created":"Publi\u00e9 le 7 f\u00e9vrier 2020","modified":"Mise \u00e0 jour le 7 f\u00e9vrier 2025"},"absolute_dates_time":{"created":"Publi\u00e9 le 7 f\u00e9vrier 2020 22h03","modified":"Mise \u00e0 jour le 7 f\u00e9vrier 2025 16h22"},"featured_img_caption":"","featured_img":false,"series_order":"","_links":{"self":[{"href":"https:\/\/www.ctf-fce.ca\/fr\/wp-json\/wp\/v2\/pages\/4161","targetHints":{"allow":["GET"]}}],"collection":[{"href":"https:\/\/www.ctf-fce.ca\/fr\/wp-json\/wp\/v2\/pages"}],"about":[{"href":"https:\/\/www.ctf-fce.ca\/fr\/wp-json\/wp\/v2\/types\/page"}],"author":[{"embeddable":true,"href":"https:\/\/www.ctf-fce.ca\/fr\/wp-json\/wp\/v2\/users\/1"}],"replies":[{"embeddable":true,"href":"https:\/\/www.ctf-fce.ca\/fr\/wp-json\/wp\/v2\/comments?post=4161"}],"version-history":[{"count":0,"href":"https:\/\/www.ctf-fce.ca\/fr\/wp-json\/wp\/v2\/pages\/4161\/revisions"}],"up":[{"embeddable":true,"href":"https:\/\/www.ctf-fce.ca\/fr\/wp-json\/wp\/v2\/pages\/3423"}],"wp:attachment":[{"href":"https:\/\/www.ctf-fce.ca\/fr\/wp-json\/wp\/v2\/media?parent=4161"}],"curies":[{"name":"wp","href":"https:\/\/api.w.org\/{rel}","templated":true}]}}