{"id":4964,"date":"2020-02-12T21:15:06","date_gmt":"2020-02-13T02:15:06","guid":{"rendered":"http:\/\/184.107.41.70\/~ctffce\/?page_id=4964"},"modified":"2024-10-17T09:25:33","modified_gmt":"2024-10-17T13:25:33","slug":"organisations-membres-et-associees","status":"publish","type":"page","link":"https:\/\/www.ctf-fce.ca\/fr\/qui-nous-sommes\/organisations-membres-et-associees\/","title":{"rendered":"Organisations membres et associ\u00e9es"},"content":{"rendered":"\n<p>La CTF\/FCE est une organisation sans but lucratif et une alliance nationale d\u2019organisations membres&nbsp;et d\u2019organisations associ\u00e9es provinciales et territoriales. Ensemble, nous am\u00e9liorons la vie des enseignantes et enseignants, des autres travailleurs et travailleuses de l\u2019\u00e9ducation, et des \u00e9l\u00e8ves, et faisons du syst\u00e8me canadien d\u2019\u00e9ducation publique l\u2019un des meilleurs du monde.<\/p>\n","protected":false},"excerpt":{"rendered":"<p>La CTF\/FCE est une organisation sans but lucratif et une alliance nationale d\u2019organisations membres&nbsp;et d\u2019organisations associ\u00e9es provinciales et territoriales. Ensemble, nous am\u00e9liorons la vie des enseignantes et enseignants, des autres travailleurs et travailleuses de l\u2019\u00e9ducation, et des \u00e9l\u00e8ves, et faisons du syst\u00e8me canadien d\u2019\u00e9ducation publique l\u2019un des meilleurs du monde.<\/p>\n","protected":false},"author":1,"featured_media":0,"parent":3098,"menu_order":0,"comment_status":"closed","ping_status":"closed","template":"page-members-organizations.php","meta":{"_acf_changed":false,"advgb_blocks_editor_width":"","advgb_blocks_columns_visual_guide":"","footnotes":""},"class_list":["post-4964","page","type-page","status-publish","hentry"],"acf":[],"yoast_head":"<!-- This site is optimized with the Yoast SEO plugin v27.3 - https:\/\/yoast.com\/product\/yoast-seo-wordpress\/ -->\n<title>Organisations membres et associ\u00e9es - CTF-FCE<\/title>\n<meta name=\"robots\" content=\"index, follow, max-snippet:-1, max-image-preview:large, max-video-preview:-1\" \/>\n<link rel=\"canonical\" href=\"https:\/\/www.ctf-fce.ca\/fr\/qui-nous-sommes\/organisations-membres-et-associees\/\" \/>\n<meta property=\"og:locale\" content=\"fr_FR\" \/>\n<meta property=\"og:type\" content=\"article\" \/>\n<meta property=\"og:title\" content=\"Organisations membres et associ\u00e9es - CTF-FCE\" \/>\n<meta property=\"og:description\" content=\"La CTF\/FCE est une organisation sans but lucratif et une alliance nationale d\u2019organisations membres&nbsp;et d\u2019organisations associ\u00e9es provinciales et territoriales. Ensemble, nous am\u00e9liorons la vie des enseignantes et enseignants, des autres travailleurs et travailleuses de l\u2019\u00e9ducation, et des \u00e9l\u00e8ves, et faisons du syst\u00e8me canadien d\u2019\u00e9ducation publique l\u2019un des meilleurs du monde.\" \/>\n<meta property=\"og:url\" content=\"https:\/\/www.ctf-fce.ca\/fr\/qui-nous-sommes\/organisations-membres-et-associees\/\" \/>\n<meta property=\"og:site_name\" content=\"CTF-FCE\" \/>\n<meta property=\"article:publisher\" content=\"https:\/\/www.facebook.com\/CTF.FCE\/\" \/>\n<meta property=\"article:modified_time\" content=\"2024-10-17T13:25:33+00:00\" \/>\n<meta property=\"og:image\" content=\"https:\/\/www.ctf-fce.ca\/wp-content\/uploads\/2020\/04\/ctf-fce-logo-social.png\" \/>\n\t<meta property=\"og:image:width\" content=\"1200\" \/>\n\t<meta property=\"og:image:height\" content=\"630\" \/>\n\t<meta property=\"og:image:type\" content=\"image\/png\" \/>\n<meta name=\"twitter:card\" content=\"summary_large_image\" \/>\n<meta name=\"twitter:site\" content=\"@CTFFCE\" \/>\n<meta name=\"twitter:label1\" content=\"Dur\u00e9e de lecture estim\u00e9e\" \/>\n\t<meta name=\"twitter:data1\" content=\"5 minutes\" \/>\n<script type=\"application\/ld+json\" class=\"yoast-schema-graph\">{\"@context\":\"https:\\\/\\\/schema.org\",\"@graph\":[{\"@type\":\"WebPage\",\"@id\":\"https:\\\/\\\/www.ctf-fce.ca\\\/fr\\\/qui-nous-sommes\\\/organisations-membres-et-associees\\\/\",\"url\":\"https:\\\/\\\/www.ctf-fce.ca\\\/fr\\\/qui-nous-sommes\\\/organisations-membres-et-associees\\\/\",\"name\":\"Organisations membres et associ\u00e9es - CTF-FCE\",\"isPartOf\":{\"@id\":\"https:\\\/\\\/www.ctf-fce.ca\\\/fr\\\/#website\"},\"datePublished\":\"2020-02-13T02:15:06+00:00\",\"dateModified\":\"2024-10-17T13:25:33+00:00\",\"breadcrumb\":{\"@id\":\"https:\\\/\\\/www.ctf-fce.ca\\\/fr\\\/qui-nous-sommes\\\/organisations-membres-et-associees\\\/#breadcrumb\"},\"inLanguage\":\"fr-FR\",\"potentialAction\":[{\"@type\":\"ReadAction\",\"target\":[\"https:\\\/\\\/www.ctf-fce.ca\\\/fr\\\/qui-nous-sommes\\\/organisations-membres-et-associees\\\/\"]}]},{\"@type\":\"BreadcrumbList\",\"@id\":\"https:\\\/\\\/www.ctf-fce.ca\\\/fr\\\/qui-nous-sommes\\\/organisations-membres-et-associees\\\/#breadcrumb\",\"itemListElement\":[{\"@type\":\"ListItem\",\"position\":1,\"name\":\"Accueil\",\"item\":\"https:\\\/\\\/www.ctf-fce.ca\\\/fr\\\/\"},{\"@type\":\"ListItem\",\"position\":2,\"name\":\"Qui nous sommes\",\"item\":\"https:\\\/\\\/www.ctf-fce.ca\\\/fr\\\/qui-nous-sommes\\\/\"},{\"@type\":\"ListItem\",\"position\":3,\"name\":\"Organisations membres et associ\u00e9es\"}]},{\"@type\":\"WebSite\",\"@id\":\"https:\\\/\\\/www.ctf-fce.ca\\\/fr\\\/#website\",\"url\":\"https:\\\/\\\/www.ctf-fce.ca\\\/fr\\\/\",\"name\":\"CTF-FCE\",\"description\":\"\",\"publisher\":{\"@id\":\"https:\\\/\\\/www.ctf-fce.ca\\\/fr\\\/#organization\"},\"potentialAction\":[{\"@type\":\"SearchAction\",\"target\":{\"@type\":\"EntryPoint\",\"urlTemplate\":\"https:\\\/\\\/www.ctf-fce.ca\\\/fr\\\/?s={search_term_string}\"},\"query-input\":{\"@type\":\"PropertyValueSpecification\",\"valueRequired\":true,\"valueName\":\"search_term_string\"}}],\"inLanguage\":\"fr-FR\"},{\"@type\":\"Organization\",\"@id\":\"https:\\\/\\\/www.ctf-fce.ca\\\/fr\\\/#organization\",\"name\":\"CTF-FCE\",\"url\":\"https:\\\/\\\/www.ctf-fce.ca\\\/fr\\\/\",\"logo\":{\"@type\":\"ImageObject\",\"inLanguage\":\"fr-FR\",\"@id\":\"https:\\\/\\\/www.ctf-fce.ca\\\/fr\\\/#\\\/schema\\\/logo\\\/image\\\/\",\"url\":\"https:\\\/\\\/www.ctf-fce.ca\\\/wp-content\\\/uploads\\\/2020\\\/01\\\/ctf-fce-logo@2x.png\",\"contentUrl\":\"https:\\\/\\\/www.ctf-fce.ca\\\/wp-content\\\/uploads\\\/2020\\\/01\\\/ctf-fce-logo@2x.png\",\"width\":485,\"height\":146,\"caption\":\"CTF-FCE\"},\"image\":{\"@id\":\"https:\\\/\\\/www.ctf-fce.ca\\\/fr\\\/#\\\/schema\\\/logo\\\/image\\\/\"},\"sameAs\":[\"https:\\\/\\\/www.facebook.com\\\/CTF.FCE\\\/\",\"https:\\\/\\\/x.com\\\/CTFFCE\",\"https:\\\/\\\/www.instagram.com\\\/ctffce\\\/\",\"https:\\\/\\\/www.linkedin.com\\\/company\\\/canadian-teachers'\u200b-federation---f\u00e9d.-canadienne-des-enseignantes-et-des-enseignants\\\/\",\"https:\\\/\\\/www.youtube.com\\\/user\\\/canadianteachers\"]}]}<\/script>\n<!-- \/ Yoast SEO plugin. -->","yoast_head_json":{"title":"Organisations membres et associ\u00e9es - CTF-FCE","robots":{"index":"index","follow":"follow","max-snippet":"max-snippet:-1","max-image-preview":"max-image-preview:large","max-video-preview":"max-video-preview:-1"},"canonical":"https:\/\/www.ctf-fce.ca\/fr\/qui-nous-sommes\/organisations-membres-et-associees\/","og_locale":"fr_FR","og_type":"article","og_title":"Organisations membres et associ\u00e9es - CTF-FCE","og_description":"La CTF\/FCE est une organisation sans but lucratif et une alliance nationale d\u2019organisations membres&nbsp;et d\u2019organisations associ\u00e9es provinciales et territoriales. Ensemble, nous am\u00e9liorons la vie des enseignantes et enseignants, des autres travailleurs et travailleuses de l\u2019\u00e9ducation, et des \u00e9l\u00e8ves, et faisons du syst\u00e8me canadien d\u2019\u00e9ducation publique l\u2019un des meilleurs du monde.","og_url":"https:\/\/www.ctf-fce.ca\/fr\/qui-nous-sommes\/organisations-membres-et-associees\/","og_site_name":"CTF-FCE","article_publisher":"https:\/\/www.facebook.com\/CTF.FCE\/","article_modified_time":"2024-10-17T13:25:33+00:00","og_image":[{"width":1200,"height":630,"url":"https:\/\/www.ctf-fce.ca\/wp-content\/uploads\/2020\/04\/ctf-fce-logo-social.png","type":"image\/png"}],"twitter_card":"summary_large_image","twitter_site":"@CTFFCE","twitter_misc":{"Dur\u00e9e de lecture estim\u00e9e":"5 minutes"},"schema":{"@context":"https:\/\/schema.org","@graph":[{"@type":"WebPage","@id":"https:\/\/www.ctf-fce.ca\/fr\/qui-nous-sommes\/organisations-membres-et-associees\/","url":"https:\/\/www.ctf-fce.ca\/fr\/qui-nous-sommes\/organisations-membres-et-associees\/","name":"Organisations membres et associ\u00e9es - CTF-FCE","isPartOf":{"@id":"https:\/\/www.ctf-fce.ca\/fr\/#website"},"datePublished":"2020-02-13T02:15:06+00:00","dateModified":"2024-10-17T13:25:33+00:00","breadcrumb":{"@id":"https:\/\/www.ctf-fce.ca\/fr\/qui-nous-sommes\/organisations-membres-et-associees\/#breadcrumb"},"inLanguage":"fr-FR","potentialAction":[{"@type":"ReadAction","target":["https:\/\/www.ctf-fce.ca\/fr\/qui-nous-sommes\/organisations-membres-et-associees\/"]}]},{"@type":"BreadcrumbList","@id":"https:\/\/www.ctf-fce.ca\/fr\/qui-nous-sommes\/organisations-membres-et-associees\/#breadcrumb","itemListElement":[{"@type":"ListItem","position":1,"name":"Accueil","item":"https:\/\/www.ctf-fce.ca\/fr\/"},{"@type":"ListItem","position":2,"name":"Qui nous sommes","item":"https:\/\/www.ctf-fce.ca\/fr\/qui-nous-sommes\/"},{"@type":"ListItem","position":3,"name":"Organisations membres et associ\u00e9es"}]},{"@type":"WebSite","@id":"https:\/\/www.ctf-fce.ca\/fr\/#website","url":"https:\/\/www.ctf-fce.ca\/fr\/","name":"CTF-FCE","description":"","publisher":{"@id":"https:\/\/www.ctf-fce.ca\/fr\/#organization"},"potentialAction":[{"@type":"SearchAction","target":{"@type":"EntryPoint","urlTemplate":"https:\/\/www.ctf-fce.ca\/fr\/?s={search_term_string}"},"query-input":{"@type":"PropertyValueSpecification","valueRequired":true,"valueName":"search_term_string"}}],"inLanguage":"fr-FR"},{"@type":"Organization","@id":"https:\/\/www.ctf-fce.ca\/fr\/#organization","name":"CTF-FCE","url":"https:\/\/www.ctf-fce.ca\/fr\/","logo":{"@type":"ImageObject","inLanguage":"fr-FR","@id":"https:\/\/www.ctf-fce.ca\/fr\/#\/schema\/logo\/image\/","url":"https:\/\/www.ctf-fce.ca\/wp-content\/uploads\/2020\/01\/ctf-fce-logo@2x.png","contentUrl":"https:\/\/www.ctf-fce.ca\/wp-content\/uploads\/2020\/01\/ctf-fce-logo@2x.png","width":485,"height":146,"caption":"CTF-FCE"},"image":{"@id":"https:\/\/www.ctf-fce.ca\/fr\/#\/schema\/logo\/image\/"},"sameAs":["https:\/\/www.facebook.com\/CTF.FCE\/","https:\/\/x.com\/CTFFCE","https:\/\/www.instagram.com\/ctffce\/","https:\/\/www.linkedin.com\/company\/canadian-teachers'\u200b-federation---f\u00e9d.-canadienne-des-enseignantes-et-des-enseignants\/","https:\/\/www.youtube.com\/user\/canadianteachers"]}]}},"coauthors":[],"author_meta":{"author_link":"https:\/\/www.ctf-fce.ca\/fr\/author\/contactkeshocommunications-ca\/","display_name":"contact@keshocommunications.ca"},"relative_dates":{"created":"Publi\u00e9 6 ans il y a","modified":"Mis \u00e0 jour 1 an il y a"},"absolute_dates":{"created":"Publi\u00e9 le 12 f\u00e9vrier 2020","modified":"Mise \u00e0 jour le 17 octobre 2024"},"absolute_dates_time":{"created":"Publi\u00e9 le 12 f\u00e9vrier 2020 21h15","modified":"Mise \u00e0 jour le 17 octobre 2024 9h25"},"featured_img_caption":"","featured_img":false,"series_order":"","_links":{"self":[{"href":"https:\/\/www.ctf-fce.ca\/fr\/wp-json\/wp\/v2\/pages\/4964","targetHints":{"allow":["GET"]}}],"collection":[{"href":"https:\/\/www.ctf-fce.ca\/fr\/wp-json\/wp\/v2\/pages"}],"about":[{"href":"https:\/\/www.ctf-fce.ca\/fr\/wp-json\/wp\/v2\/types\/page"}],"author":[{"embeddable":true,"href":"https:\/\/www.ctf-fce.ca\/fr\/wp-json\/wp\/v2\/users\/1"}],"replies":[{"embeddable":true,"href":"https:\/\/www.ctf-fce.ca\/fr\/wp-json\/wp\/v2\/comments?post=4964"}],"version-history":[{"count":0,"href":"https:\/\/www.ctf-fce.ca\/fr\/wp-json\/wp\/v2\/pages\/4964\/revisions"}],"up":[{"embeddable":true,"href":"https:\/\/www.ctf-fce.ca\/fr\/wp-json\/wp\/v2\/pages\/3098"}],"wp:attachment":[{"href":"https:\/\/www.ctf-fce.ca\/fr\/wp-json\/wp\/v2\/media?parent=4964"}],"curies":[{"name":"wp","href":"https:\/\/api.w.org\/{rel}","templated":true}]}}